{"id":2611,"date":"2023-10-12T12:37:04","date_gmt":"2023-10-12T12:37:04","guid":{"rendered":"https:\/\/www.zentralbeschaffung.ch\/wissen\/"},"modified":"2023-10-25T13:00:52","modified_gmt":"2023-10-25T13:00:52","slug":"connaissances","status":"publish","type":"page","link":"https:\/\/www.zentralbeschaffung.ch\/fr\/connaissances\/","title":{"rendered":"Connaissances"},"content":{"rendered":"\t\t<div data-elementor-type=\"wp-page\" data-elementor-id=\"2611\" class=\"elementor elementor-2611 elementor-716\" data-elementor-post-type=\"page\">\n\t\t\t\t\t\t<section class=\"elementor-section elementor-top-section elementor-element elementor-element-b055036 elementor-section-boxed elementor-section-height-default elementor-section-height-default\" data-id=\"b055036\" data-element_type=\"section\">\n\t\t\t\t\t\t<div class=\"elementor-container elementor-column-gap-default\">\n\t\t\t\t\t<div class=\"elementor-column elementor-col-100 elementor-top-column elementor-element elementor-element-40f0f51\" data-id=\"40f0f51\" data-element_type=\"column\">\n\t\t\t<div class=\"elementor-widget-wrap elementor-element-populated\">\n\t\t\t\t\t\t<div class=\"elementor-element elementor-element-3a148bc elementor-widget elementor-widget-text-editor\" data-id=\"3a148bc\" data-element_type=\"widget\" data-widget_type=\"text-editor.default\">\n\t\t\t\t<div class=\"elementor-widget-container\">\n\t\t\t\t\t\t\t\t\t<h1>Connaissances<\/h1>\t\t\t\t\t\t\t\t<\/div>\n\t\t\t\t<\/div>\n\t\t\t\t\t<\/div>\n\t\t<\/div>\n\t\t\t\t\t<\/div>\n\t\t<\/section>\n\t\t\t\t<section class=\"elementor-section elementor-top-section elementor-element elementor-element-9cc627d themecases elementor-section-boxed elementor-section-height-default elementor-section-height-default\" data-id=\"9cc627d\" data-element_type=\"section\">\n\t\t\t\t\t\t<div class=\"elementor-container elementor-column-gap-default\">\n\t\t\t\t\t<div class=\"elementor-column elementor-col-100 elementor-top-column elementor-element elementor-element-89d0749\" data-id=\"89d0749\" data-element_type=\"column\">\n\t\t\t<div class=\"elementor-widget-wrap elementor-element-populated\">\n\t\t\t\t\t\t<div class=\"elementor-element elementor-element-6d25c85 elementor-grid-2 elementor-grid-tablet-2 elementor-grid-mobile-1 elementor-widget elementor-widget-loop-grid\" data-id=\"6d25c85\" data-element_type=\"widget\" data-settings=\"{&quot;template_id&quot;:3167,&quot;columns&quot;:2,&quot;_skin&quot;:&quot;post&quot;,&quot;columns_tablet&quot;:&quot;2&quot;,&quot;columns_mobile&quot;:&quot;1&quot;,&quot;edit_handle_selector&quot;:&quot;[data-elementor-type=\\&quot;loop-item\\&quot;]&quot;,&quot;row_gap&quot;:{&quot;unit&quot;:&quot;px&quot;,&quot;size&quot;:&quot;&quot;,&quot;sizes&quot;:[]},&quot;row_gap_tablet&quot;:{&quot;unit&quot;:&quot;px&quot;,&quot;size&quot;:&quot;&quot;,&quot;sizes&quot;:[]},&quot;row_gap_mobile&quot;:{&quot;unit&quot;:&quot;px&quot;,&quot;size&quot;:&quot;&quot;,&quot;sizes&quot;:[]}}\" data-widget_type=\"loop-grid.post\">\n\t\t\t\t<div class=\"elementor-widget-container\">\n\t\t\t\t\t\t\t<div class=\"elementor-loop-container elementor-grid\" role=\"list\">\n\t\t<style id=\"loop-3167\">.elementor-bc-flex-widget .elementor-3167 .elementor-element.elementor-element-c53a4cc.elementor-column .elementor-widget-wrap{align-items:flex-end;}.elementor-3167 .elementor-element.elementor-element-c53a4cc.elementor-column.elementor-element[data-element_type=\"column\"] > .elementor-widget-wrap.elementor-element-populated{align-content:flex-end;align-items:flex-end;}<\/style>\t\t<div data-elementor-type=\"loop-item\" data-elementor-id=\"3167\" class=\"elementor elementor-3167 elementor-677 e-loop-item e-loop-item-3192 post-3192 page type-page status-publish has-post-thumbnail hentry\" data-elementor-post-type=\"elementor_library\" data-custom-edit-handle=\"1\">\n\t\t\t\t\t<section class=\"elementor-section elementor-top-section elementor-element elementor-element-4fe7a5b elementor-section-boxed elementor-section-height-default elementor-section-height-default elementor-invisible\" data-id=\"4fe7a5b\" data-element_type=\"section\" data-settings=\"{&quot;animation&quot;:&quot;fadeInUp&quot;}\">\n\t\t\t\t\t\t<div class=\"elementor-container elementor-column-gap-default\">\n\t\t\t\t\t<div class=\"elementor-column elementor-col-100 elementor-top-column elementor-element elementor-element-c53a4cc sitequicklink case\" data-id=\"c53a4cc\" data-element_type=\"column\">\n\t\t\t<div class=\"elementor-widget-wrap elementor-element-populated\">\n\t\t\t\t\t<div class=\"elementor-background-overlay\"><\/div>\n\t\t\t\t\t\t<div class=\"elementor-element elementor-element-1d2140c elementor-widget elementor-widget-image\" data-id=\"1d2140c\" data-element_type=\"widget\" data-widget_type=\"image.default\">\n\t\t\t\t<div class=\"elementor-widget-container\">\n\t\t\t\t\t\t\t\t\t\t\t\t\t\t\t\t<a href=\"https:\/\/www.zentralbeschaffung.ch\/fr\/connaissances\/newsletter\/\">\n\t\t\t\t\t\t\t<img fetchpriority=\"high\" decoding=\"async\" width=\"800\" height=\"534\" src=\"https:\/\/www.zentralbeschaffung.ch\/wp-content\/uploads\/2025\/03\/ZBS-Newsletteranmeldung-min-1024x683.jpg\" class=\"attachment-large size-large wp-image-4718\" alt=\"\" srcset=\"https:\/\/www.zentralbeschaffung.ch\/wp-content\/uploads\/2025\/03\/ZBS-Newsletteranmeldung-min-1024x683.jpg 1024w, https:\/\/www.zentralbeschaffung.ch\/wp-content\/uploads\/2025\/03\/ZBS-Newsletteranmeldung-min-300x200.jpg 300w, https:\/\/www.zentralbeschaffung.ch\/wp-content\/uploads\/2025\/03\/ZBS-Newsletteranmeldung-min-768x512.jpg 768w, https:\/\/www.zentralbeschaffung.ch\/wp-content\/uploads\/2025\/03\/ZBS-Newsletteranmeldung-min.jpg 1500w\" sizes=\"(max-width: 800px) 100vw, 800px\" \/>\t\t\t\t\t\t\t\t<\/a>\n\t\t\t\t\t\t\t\t\t\t\t\t\t\t\t<\/div>\n\t\t\t\t<\/div>\n\t\t\t\t<div class=\"elementor-element elementor-element-ffceddb elementor-widget elementor-widget-theme-post-excerpt\" data-id=\"ffceddb\" data-element_type=\"widget\" data-widget_type=\"theme-post-excerpt.default\">\n\t\t\t\t<div class=\"elementor-widget-container\">\n\t\t\t\t\t<p>S\u2019inscrire \u00e0 la newsletter Vous souhaitez recevoir r\u00e9guli\u00e8rement des informations gratuites sur le theme \u00abachat\u00bb...\t\t\t\t<\/div>\n\t\t\t\t<\/div>\n\t\t\t\t<div class=\"elementor-element elementor-element-8f9fd58 elementor-widget elementor-widget-button\" data-id=\"8f9fd58\" data-element_type=\"widget\" data-widget_type=\"button.default\">\n\t\t\t\t<div class=\"elementor-widget-container\">\n\t\t\t\t\t\t\t\t\t<div class=\"elementor-button-wrapper\">\n\t\t\t\t\t<a class=\"elementor-button elementor-button-link elementor-size-sm\" href=\"https:\/\/www.zentralbeschaffung.ch\/fr\/connaissances\/newsletter\/\">\n\t\t\t\t\t\t<span class=\"elementor-button-content-wrapper\">\n\t\t\t\t\t\t\t\t\t<span class=\"elementor-button-text\">Continuer \u00e0 lire<\/span>\n\t\t\t\t\t<\/span>\n\t\t\t\t\t<\/a>\n\t\t\t\t<\/div>\n\t\t\t\t\t\t\t\t<\/div>\n\t\t\t\t<\/div>\n\t\t\t\t\t<\/div>\n\t\t<\/div>\n\t\t\t\t\t<\/div>\n\t\t<\/section>\n\t\t\t\t<\/div>\n\t\t\t\t<div data-elementor-type=\"loop-item\" data-elementor-id=\"3167\" class=\"elementor elementor-3167 elementor-677 e-loop-item e-loop-item-2616 post-2616 page type-page status-publish has-post-thumbnail hentry\" data-elementor-post-type=\"elementor_library\" data-custom-edit-handle=\"1\">\n\t\t\t\t\t<section class=\"elementor-section elementor-top-section elementor-element elementor-element-4fe7a5b elementor-section-boxed elementor-section-height-default elementor-section-height-default elementor-invisible\" data-id=\"4fe7a5b\" data-element_type=\"section\" data-settings=\"{&quot;animation&quot;:&quot;fadeInUp&quot;}\">\n\t\t\t\t\t\t<div class=\"elementor-container elementor-column-gap-default\">\n\t\t\t\t\t<div class=\"elementor-column elementor-col-100 elementor-top-column elementor-element elementor-element-c53a4cc sitequicklink case\" data-id=\"c53a4cc\" data-element_type=\"column\">\n\t\t\t<div class=\"elementor-widget-wrap elementor-element-populated\">\n\t\t\t\t\t<div class=\"elementor-background-overlay\"><\/div>\n\t\t\t\t\t\t<div class=\"elementor-element elementor-element-1d2140c elementor-widget elementor-widget-image\" data-id=\"1d2140c\" data-element_type=\"widget\" data-widget_type=\"image.default\">\n\t\t\t\t<div class=\"elementor-widget-container\">\n\t\t\t\t\t\t\t\t\t\t\t\t\t\t\t\t<a href=\"https:\/\/www.zentralbeschaffung.ch\/fr\/connaissances\/blog\/\">\n\t\t\t\t\t\t\t<img decoding=\"async\" width=\"800\" height=\"534\" src=\"https:\/\/www.zentralbeschaffung.ch\/wp-content\/uploads\/2025\/03\/ZBS-Zentralbeschaffung-Schweiz-AG-Wissen-min-1024x683.jpg\" class=\"attachment-large size-large wp-image-4716\" alt=\"\" srcset=\"https:\/\/www.zentralbeschaffung.ch\/wp-content\/uploads\/2025\/03\/ZBS-Zentralbeschaffung-Schweiz-AG-Wissen-min-1024x683.jpg 1024w, https:\/\/www.zentralbeschaffung.ch\/wp-content\/uploads\/2025\/03\/ZBS-Zentralbeschaffung-Schweiz-AG-Wissen-min-300x200.jpg 300w, https:\/\/www.zentralbeschaffung.ch\/wp-content\/uploads\/2025\/03\/ZBS-Zentralbeschaffung-Schweiz-AG-Wissen-min-768x512.jpg 768w, https:\/\/www.zentralbeschaffung.ch\/wp-content\/uploads\/2025\/03\/ZBS-Zentralbeschaffung-Schweiz-AG-Wissen-min.jpg 1500w\" sizes=\"(max-width: 800px) 100vw, 800px\" \/>\t\t\t\t\t\t\t\t<\/a>\n\t\t\t\t\t\t\t\t\t\t\t\t\t\t\t<\/div>\n\t\t\t\t<\/div>\n\t\t\t\t<div class=\"elementor-element elementor-element-ffceddb elementor-widget elementor-widget-theme-post-excerpt\" data-id=\"ffceddb\" data-element_type=\"widget\" data-widget_type=\"theme-post-excerpt.default\">\n\t\t\t\t<div class=\"elementor-widget-container\">\n\t\t\t\t\t<p>Blog Actualit\u00e9s de l&rsquo;ACS Approvisionnement central Suisse SA<\/p>...\t\t\t\t<\/div>\n\t\t\t\t<\/div>\n\t\t\t\t<div class=\"elementor-element elementor-element-8f9fd58 elementor-widget elementor-widget-button\" data-id=\"8f9fd58\" data-element_type=\"widget\" data-widget_type=\"button.default\">\n\t\t\t\t<div class=\"elementor-widget-container\">\n\t\t\t\t\t\t\t\t\t<div class=\"elementor-button-wrapper\">\n\t\t\t\t\t<a class=\"elementor-button elementor-button-link elementor-size-sm\" href=\"https:\/\/www.zentralbeschaffung.ch\/fr\/connaissances\/blog\/\">\n\t\t\t\t\t\t<span class=\"elementor-button-content-wrapper\">\n\t\t\t\t\t\t\t\t\t<span class=\"elementor-button-text\">Continuer \u00e0 lire<\/span>\n\t\t\t\t\t<\/span>\n\t\t\t\t\t<\/a>\n\t\t\t\t<\/div>\n\t\t\t\t\t\t\t\t<\/div>\n\t\t\t\t<\/div>\n\t\t\t\t\t<\/div>\n\t\t<\/div>\n\t\t\t\t\t<\/div>\n\t\t<\/section>\n\t\t\t\t<\/div>\n\t\t\t\t<\/div>\n\t\t\n\t\t\t\t\t\t<\/div>\n\t\t\t\t<\/div>\n\t\t\t\t\t<\/div>\n\t\t<\/div>\n\t\t\t\t\t<\/div>\n\t\t<\/section>\n\t\t\t\t<\/div>\n\t\t","protected":false},"excerpt":{"rendered":"<p>Connaissances<\/p>\n","protected":false},"author":1,"featured_media":0,"parent":0,"menu_order":0,"comment_status":"closed","ping_status":"closed","template":"","meta":{"_acf_changed":false,"footnotes":""},"class_list":["post-2611","page","type-page","status-publish","hentry"],"acf":[],"yoast_head":"<!-- This site is optimized with the Yoast SEO plugin v26.8 - https:\/\/yoast.com\/product\/yoast-seo-wordpress\/ -->\n<title>Connaissances - ACS Approvisionnement central Suisse SA<\/title>\n<meta name=\"description\" content=\"Actualit\u00e9s de la centrale d\u2019achat ZBS.\" \/>\n<meta name=\"robots\" content=\"index, follow, max-snippet:-1, max-image-preview:large, max-video-preview:-1\" \/>\n<link rel=\"canonical\" href=\"https:\/\/www.zentralbeschaffung.ch\/fr\/connaissances\/\" \/>\n<meta property=\"og:locale\" content=\"fr_FR\" \/>\n<meta property=\"og:type\" content=\"article\" \/>\n<meta property=\"og:title\" content=\"Connaissances - ACS Approvisionnement central Suisse SA\" \/>\n<meta property=\"og:description\" content=\"Actualit\u00e9s de la centrale d\u2019achat ZBS.\" \/>\n<meta property=\"og:url\" content=\"https:\/\/www.zentralbeschaffung.ch\/fr\/connaissances\/\" \/>\n<meta property=\"og:site_name\" content=\"ACS Approvisionnement central Suisse SA\" \/>\n<meta property=\"article:modified_time\" content=\"2023-10-25T13:00:52+00:00\" \/>\n<meta name=\"twitter:card\" content=\"summary_large_image\" \/>\n<meta name=\"twitter:label1\" content=\"Dur\u00e9e de lecture estim\u00e9e\" \/>\n\t<meta name=\"twitter:data1\" content=\"1 minute\" \/>\n<script type=\"application\/ld+json\" class=\"yoast-schema-graph\">{\"@context\":\"https:\/\/schema.org\",\"@graph\":[{\"@type\":\"WebPage\",\"@id\":\"https:\/\/www.zentralbeschaffung.ch\/fr\/connaissances\/\",\"url\":\"https:\/\/www.zentralbeschaffung.ch\/fr\/connaissances\/\",\"name\":\"Connaissances - ACS Approvisionnement central Suisse SA\",\"isPartOf\":{\"@id\":\"https:\/\/www.zentralbeschaffung.ch\/#website\"},\"datePublished\":\"2023-10-12T12:37:04+00:00\",\"dateModified\":\"2023-10-25T13:00:52+00:00\",\"description\":\"Actualit\u00e9s de la centrale d\u2019achat ZBS.\",\"breadcrumb\":{\"@id\":\"https:\/\/www.zentralbeschaffung.ch\/fr\/connaissances\/#breadcrumb\"},\"inLanguage\":\"fr-FR\",\"potentialAction\":[{\"@type\":\"ReadAction\",\"target\":[\"https:\/\/www.zentralbeschaffung.ch\/fr\/connaissances\/\"]}]},{\"@type\":\"BreadcrumbList\",\"@id\":\"https:\/\/www.zentralbeschaffung.ch\/fr\/connaissances\/#breadcrumb\",\"itemListElement\":[{\"@type\":\"ListItem\",\"position\":1,\"name\":\"Startseite\",\"item\":\"https:\/\/www.zentralbeschaffung.ch\/fr\/\"},{\"@type\":\"ListItem\",\"position\":2,\"name\":\"Connaissances\"}]},{\"@type\":\"WebSite\",\"@id\":\"https:\/\/www.zentralbeschaffung.ch\/#website\",\"url\":\"https:\/\/www.zentralbeschaffung.ch\/\",\"name\":\"ZBS Zentralbeschaffung\",\"description\":\"\",\"publisher\":{\"@id\":\"https:\/\/www.zentralbeschaffung.ch\/#organization\"},\"potentialAction\":[{\"@type\":\"SearchAction\",\"target\":{\"@type\":\"EntryPoint\",\"urlTemplate\":\"https:\/\/www.zentralbeschaffung.ch\/?s={search_term_string}\"},\"query-input\":{\"@type\":\"PropertyValueSpecification\",\"valueRequired\":true,\"valueName\":\"search_term_string\"}}],\"inLanguage\":\"fr-FR\"},{\"@type\":\"Organization\",\"@id\":\"https:\/\/www.zentralbeschaffung.ch\/#organization\",\"name\":\"ZBS Zentralbeschaffung\",\"url\":\"https:\/\/www.zentralbeschaffung.ch\/\",\"logo\":{\"@type\":\"ImageObject\",\"inLanguage\":\"fr-FR\",\"@id\":\"https:\/\/www.zentralbeschaffung.ch\/#\/schema\/logo\/image\/\",\"url\":\"https:\/\/www.zentralbeschaffung.ch\/wp-content\/uploads\/2025\/04\/Logo_ZBS_farbig-1.svg\",\"contentUrl\":\"https:\/\/www.zentralbeschaffung.ch\/wp-content\/uploads\/2025\/04\/Logo_ZBS_farbig-1.svg\",\"width\":378,\"height\":93,\"caption\":\"ZBS Zentralbeschaffung\"},\"image\":{\"@id\":\"https:\/\/www.zentralbeschaffung.ch\/#\/schema\/logo\/image\/\"}}]}<\/script>\n<!-- \/ Yoast SEO plugin. -->","yoast_head_json":{"title":"Connaissances - ACS Approvisionnement central Suisse SA","description":"Actualit\u00e9s de la centrale d\u2019achat ZBS.","robots":{"index":"index","follow":"follow","max-snippet":"max-snippet:-1","max-image-preview":"max-image-preview:large","max-video-preview":"max-video-preview:-1"},"canonical":"https:\/\/www.zentralbeschaffung.ch\/fr\/connaissances\/","og_locale":"fr_FR","og_type":"article","og_title":"Connaissances - ACS Approvisionnement central Suisse SA","og_description":"Actualit\u00e9s de la centrale d\u2019achat ZBS.","og_url":"https:\/\/www.zentralbeschaffung.ch\/fr\/connaissances\/","og_site_name":"ACS Approvisionnement central Suisse SA","article_modified_time":"2023-10-25T13:00:52+00:00","twitter_card":"summary_large_image","twitter_misc":{"Dur\u00e9e de lecture estim\u00e9e":"1 minute"},"schema":{"@context":"https:\/\/schema.org","@graph":[{"@type":"WebPage","@id":"https:\/\/www.zentralbeschaffung.ch\/fr\/connaissances\/","url":"https:\/\/www.zentralbeschaffung.ch\/fr\/connaissances\/","name":"Connaissances - ACS Approvisionnement central Suisse SA","isPartOf":{"@id":"https:\/\/www.zentralbeschaffung.ch\/#website"},"datePublished":"2023-10-12T12:37:04+00:00","dateModified":"2023-10-25T13:00:52+00:00","description":"Actualit\u00e9s de la centrale d\u2019achat ZBS.","breadcrumb":{"@id":"https:\/\/www.zentralbeschaffung.ch\/fr\/connaissances\/#breadcrumb"},"inLanguage":"fr-FR","potentialAction":[{"@type":"ReadAction","target":["https:\/\/www.zentralbeschaffung.ch\/fr\/connaissances\/"]}]},{"@type":"BreadcrumbList","@id":"https:\/\/www.zentralbeschaffung.ch\/fr\/connaissances\/#breadcrumb","itemListElement":[{"@type":"ListItem","position":1,"name":"Startseite","item":"https:\/\/www.zentralbeschaffung.ch\/fr\/"},{"@type":"ListItem","position":2,"name":"Connaissances"}]},{"@type":"WebSite","@id":"https:\/\/www.zentralbeschaffung.ch\/#website","url":"https:\/\/www.zentralbeschaffung.ch\/","name":"ZBS Zentralbeschaffung","description":"","publisher":{"@id":"https:\/\/www.zentralbeschaffung.ch\/#organization"},"potentialAction":[{"@type":"SearchAction","target":{"@type":"EntryPoint","urlTemplate":"https:\/\/www.zentralbeschaffung.ch\/?s={search_term_string}"},"query-input":{"@type":"PropertyValueSpecification","valueRequired":true,"valueName":"search_term_string"}}],"inLanguage":"fr-FR"},{"@type":"Organization","@id":"https:\/\/www.zentralbeschaffung.ch\/#organization","name":"ZBS Zentralbeschaffung","url":"https:\/\/www.zentralbeschaffung.ch\/","logo":{"@type":"ImageObject","inLanguage":"fr-FR","@id":"https:\/\/www.zentralbeschaffung.ch\/#\/schema\/logo\/image\/","url":"https:\/\/www.zentralbeschaffung.ch\/wp-content\/uploads\/2025\/04\/Logo_ZBS_farbig-1.svg","contentUrl":"https:\/\/www.zentralbeschaffung.ch\/wp-content\/uploads\/2025\/04\/Logo_ZBS_farbig-1.svg","width":378,"height":93,"caption":"ZBS Zentralbeschaffung"},"image":{"@id":"https:\/\/www.zentralbeschaffung.ch\/#\/schema\/logo\/image\/"}}]}},"_links":{"self":[{"href":"https:\/\/www.zentralbeschaffung.ch\/fr\/wp-json\/wp\/v2\/pages\/2611","targetHints":{"allow":["GET"]}}],"collection":[{"href":"https:\/\/www.zentralbeschaffung.ch\/fr\/wp-json\/wp\/v2\/pages"}],"about":[{"href":"https:\/\/www.zentralbeschaffung.ch\/fr\/wp-json\/wp\/v2\/types\/page"}],"author":[{"embeddable":true,"href":"https:\/\/www.zentralbeschaffung.ch\/fr\/wp-json\/wp\/v2\/users\/1"}],"replies":[{"embeddable":true,"href":"https:\/\/www.zentralbeschaffung.ch\/fr\/wp-json\/wp\/v2\/comments?post=2611"}],"version-history":[{"count":4,"href":"https:\/\/www.zentralbeschaffung.ch\/fr\/wp-json\/wp\/v2\/pages\/2611\/revisions"}],"predecessor-version":[{"id":2615,"href":"https:\/\/www.zentralbeschaffung.ch\/fr\/wp-json\/wp\/v2\/pages\/2611\/revisions\/2615"}],"wp:attachment":[{"href":"https:\/\/www.zentralbeschaffung.ch\/fr\/wp-json\/wp\/v2\/media?parent=2611"}],"curies":[{"name":"wp","href":"https:\/\/api.w.org\/{rel}","templated":true}]}}