{"id":2625,"date":"2023-10-12T10:03:13","date_gmt":"2023-10-12T10:03:13","guid":{"rendered":"https:\/\/www.zentralbeschaffung.ch\/entreprise\/portraet\/"},"modified":"2025-04-14T14:21:14","modified_gmt":"2025-04-14T14:21:14","slug":"portrait","status":"publish","type":"page","link":"https:\/\/www.zentralbeschaffung.ch\/fr\/entreprise\/portrait\/","title":{"rendered":"Portrait"},"content":{"rendered":"\t\t<div data-elementor-type=\"wp-page\" data-elementor-id=\"2625\" class=\"elementor elementor-2625 elementor-666\" data-elementor-post-type=\"page\">\n\t\t\t\t\t\t<section class=\"elementor-section elementor-top-section elementor-element elementor-element-b055036 elementor-section-boxed elementor-section-height-default elementor-section-height-default\" data-id=\"b055036\" data-element_type=\"section\">\n\t\t\t\t\t\t<div class=\"elementor-container elementor-column-gap-default\">\n\t\t\t\t\t<div class=\"elementor-column elementor-col-100 elementor-top-column elementor-element elementor-element-40f0f51\" data-id=\"40f0f51\" data-element_type=\"column\">\n\t\t\t<div class=\"elementor-widget-wrap elementor-element-populated\">\n\t\t\t\t\t\t<div class=\"elementor-element elementor-element-3a148bc elementor-widget elementor-widget-text-editor\" data-id=\"3a148bc\" data-element_type=\"widget\" data-widget_type=\"text-editor.default\">\n\t\t\t\t<div class=\"elementor-widget-container\">\n\t\t\t\t\t\t\t\t\t<h1>Portrait de l&rsquo;ACS Approvisionnement central Suisse SA<\/h1>\t\t\t\t\t\t\t\t<\/div>\n\t\t\t\t<\/div>\n\t\t\t\t<section class=\"elementor-section elementor-inner-section elementor-element elementor-element-7d31804 elementor-section-boxed elementor-section-height-default elementor-section-height-default\" data-id=\"7d31804\" data-element_type=\"section\">\n\t\t\t\t\t\t<div class=\"elementor-container elementor-column-gap-wide\">\n\t\t\t\t\t<div class=\"elementor-column elementor-col-50 elementor-inner-column elementor-element elementor-element-9b454b8 order-2\" data-id=\"9b454b8\" data-element_type=\"column\">\n\t\t\t<div class=\"elementor-widget-wrap elementor-element-populated\">\n\t\t\t\t\t\t<div class=\"elementor-element elementor-element-d196480 elementor-widget elementor-widget-text-editor\" data-id=\"d196480\" data-element_type=\"widget\" data-widget_type=\"text-editor.default\">\n\t\t\t\t<div class=\"elementor-widget-container\">\n\t\t\t\t\t\t\t\t\t<p>ZBS Zentralbeschaffung Schweiz AG est votre partenaire fiable pour des solutions d&rsquo;approvisionnement efficaces et rentables. Nous aidons les communes, les municipalit\u00e9s et les administrations immobili\u00e8res \u00e0 optimiser leurs conditions d&rsquo;achat et \u00e0 utiliser leurs ressources de mani\u00e8re optimale.<\/p><p>En tant que filiale de LOGISTA EG AG, d\u00e9j\u00e0 bien \u00e9tablie sur le march\u00e9, nous b\u00e9n\u00e9ficions d&rsquo;un savoir-faire \u00e9tendu et de connexions excellentes. Nos faibles co\u00fbts fixes et notre vaste r\u00e9seau permettent \u00e0 nos clients de profiter de conditions d&rsquo;achat imbattables. Nos courts d\u00e9lais de d\u00e9cision et nos canaux de distribution directs nous permettent de vous offrir des produits \u00e0 des prix particuli\u00e8rement attractifs \u2013 souvent bien moins chers que dans le commerce traditionnel.<\/p><p>Nos clients appr\u00e9cient la simplicit\u00e9 et l&rsquo;efficacit\u00e9 de notre boutique en ligne. En quelques clics seulement, vous pouvez choisir parmi une large gamme et commander facilement. L&rsquo;interface utilisateur intuitive et les structures claires de notre boutique garantissent que vous pouvez trouver et commander rapidement les produits dont vous avez besoin, sans perdre de temps pr\u00e9cieux.<\/p><h3>Vos avantages en un coup d&rsquo;\u0153il :<\/h3><ul><li><b>Grand r\u00e9seau<\/b> : Profitez de nos relations de longue date avec les fournisseurs et les fabricants.<\/li><li><b>Courts d\u00e9lais de d\u00e9cision<\/b> : Nos structures flexibles permettent des d\u00e9cisions rapides et simples.<\/li><li><b>Canaux de distribution directs<\/b> : Gr\u00e2ce \u00e0 la vente directe, les interm\u00e9diaires sont \u00e9limin\u00e9s, rendant nos prix encore plus attractifs.<\/li><li><b>Processus de commande simple<\/b> : Notre boutique en ligne conviviale rend la commande un jeu d&rsquo;enfant.<\/li><\/ul><div>\u00a0<\/div><p>Chez ZBS Zentralbeschaffung Schweiz AG, votre satisfaction est notre priorit\u00e9. Nous sommes fiers de pouvoir vous offrir non seulement des prix exceptionnels, mais aussi un service de premi\u00e8re classe. De nombreux clients l&rsquo;ont d\u00e9j\u00e0 constat\u00e9 et utilisent nos services r\u00e9guli\u00e8rement. Parmi eux, la commune de Thalwil, la commune d&rsquo;Uitikon et la commune de Niederweningen font confiance \u00e0 notre expertise. La police du Limmattal droit, la ville d&rsquo;Affoltern am Albis ainsi que les communes de Regensdorf, Oberembrach et Winkel font \u00e9galement partie de nos clients satisfaits.<\/p><p>D\u00e9couvrez les avantages d&rsquo;une collaboration avec nous et constatez par vous-m\u00eame l&rsquo;efficacit\u00e9 et la rentabilit\u00e9 de nos solutions. Contactez-nous d\u00e8s aujourd&rsquo;hui et optimisons ensemble vos processus d&rsquo;approvisionnement !<\/p>\t\t\t\t\t\t\t\t<\/div>\n\t\t\t\t<\/div>\n\t\t\t\t\t<\/div>\n\t\t<\/div>\n\t\t\t\t<div class=\"elementor-column elementor-col-50 elementor-inner-column elementor-element elementor-element-e97f817 order-1\" data-id=\"e97f817\" data-element_type=\"column\">\n\t\t\t<div class=\"elementor-widget-wrap elementor-element-populated\">\n\t\t\t\t\t\t<div class=\"elementor-element elementor-element-6b5b50e elementor-invisible elementor-widget elementor-widget-image\" data-id=\"6b5b50e\" data-element_type=\"widget\" data-settings=\"{&quot;_animation&quot;:&quot;fadeInUp&quot;}\" data-widget_type=\"image.default\">\n\t\t\t\t<div class=\"elementor-widget-container\">\n\t\t\t\t\t\t\t\t\t\t\t\t\t\t\t<img fetchpriority=\"high\" decoding=\"async\" width=\"800\" height=\"534\" src=\"https:\/\/www.zentralbeschaffung.ch\/wp-content\/uploads\/2025\/03\/ZBS-Zentralbeschaffung-Schweiz-AG-Portraet-min-1024x683.jpg\" class=\"attachment-large size-large wp-image-4644\" alt=\"\" srcset=\"https:\/\/www.zentralbeschaffung.ch\/wp-content\/uploads\/2025\/03\/ZBS-Zentralbeschaffung-Schweiz-AG-Portraet-min-1024x683.jpg 1024w, https:\/\/www.zentralbeschaffung.ch\/wp-content\/uploads\/2025\/03\/ZBS-Zentralbeschaffung-Schweiz-AG-Portraet-min-300x200.jpg 300w, https:\/\/www.zentralbeschaffung.ch\/wp-content\/uploads\/2025\/03\/ZBS-Zentralbeschaffung-Schweiz-AG-Portraet-min-768x512.jpg 768w, https:\/\/www.zentralbeschaffung.ch\/wp-content\/uploads\/2025\/03\/ZBS-Zentralbeschaffung-Schweiz-AG-Portraet-min.jpg 1500w\" sizes=\"(max-width: 800px) 100vw, 800px\" \/>\t\t\t\t\t\t\t\t\t\t\t\t\t\t\t<\/div>\n\t\t\t\t<\/div>\n\t\t\t\t\t<\/div>\n\t\t<\/div>\n\t\t\t\t\t<\/div>\n\t\t<\/section>\n\t\t\t\t\t<\/div>\n\t\t<\/div>\n\t\t\t\t\t<\/div>\n\t\t<\/section>\n\t\t\t\t<\/div>\n\t\t","protected":false},"excerpt":{"rendered":"<p>Portrait de l&rsquo;ACS Approvisionnement central Suisse SA ZBS Zentralbeschaffung Schweiz AG est votre partenaire fiable pour des solutions d&rsquo;approvisionnement efficaces et rentables. Nous aidons les communes, les municipalit\u00e9s et les administrations immobili\u00e8res \u00e0 optimiser leurs conditions d&rsquo;achat et \u00e0 utiliser leurs ressources de mani\u00e8re optimale. En tant que filiale de LOGISTA EG AG, d\u00e9j\u00e0 bien [&hellip;]<\/p>\n","protected":false},"author":1,"featured_media":4644,"parent":2620,"menu_order":0,"comment_status":"closed","ping_status":"closed","template":"","meta":{"_acf_changed":false,"footnotes":""},"class_list":["post-2625","page","type-page","status-publish","has-post-thumbnail","hentry"],"acf":[],"yoast_head":"<!-- This site is optimized with the Yoast SEO plugin v26.8 - https:\/\/yoast.com\/product\/yoast-seo-wordpress\/ -->\n<title>Portrait - ACS Approvisionnement central Suisse SA<\/title>\n<meta name=\"description\" content=\"Portrait: La centrale d\u2019achat ZBS Schweiz AG a \u00e9t\u00e9 fond\u00e9e avec l\u2019objectif suivant :M\u00eame les organisations de droit public doivent avoir acc\u00e8s \u00e0 de meilleures conditions d\u2019achat et \u00e0 un processus d\u2019achat rationalis\u00e9 administrativement.\" \/>\n<meta name=\"robots\" content=\"index, follow, max-snippet:-1, max-image-preview:large, max-video-preview:-1\" \/>\n<link rel=\"canonical\" href=\"https:\/\/www.zentralbeschaffung.ch\/fr\/entreprise\/portrait\/\" \/>\n<meta property=\"og:locale\" content=\"fr_FR\" \/>\n<meta property=\"og:type\" content=\"article\" \/>\n<meta property=\"og:title\" content=\"Portrait - ACS Approvisionnement central Suisse SA\" \/>\n<meta property=\"og:description\" content=\"Portrait: La centrale d\u2019achat ZBS Schweiz AG a \u00e9t\u00e9 fond\u00e9e avec l\u2019objectif suivant :M\u00eame les organisations de droit public doivent avoir acc\u00e8s \u00e0 de meilleures conditions d\u2019achat et \u00e0 un processus d\u2019achat rationalis\u00e9 administrativement.\" \/>\n<meta property=\"og:url\" content=\"https:\/\/www.zentralbeschaffung.ch\/fr\/entreprise\/portrait\/\" \/>\n<meta property=\"og:site_name\" content=\"ACS Approvisionnement central Suisse SA\" \/>\n<meta property=\"article:modified_time\" content=\"2025-04-14T14:21:14+00:00\" \/>\n<meta property=\"og:image\" content=\"https:\/\/www.zentralbeschaffung.ch\/wp-content\/uploads\/2025\/03\/ZBS-Zentralbeschaffung-Schweiz-AG-Portraet-min.jpg\" \/>\n\t<meta property=\"og:image:width\" content=\"1500\" \/>\n\t<meta property=\"og:image:height\" content=\"1000\" \/>\n\t<meta property=\"og:image:type\" content=\"image\/jpeg\" \/>\n<meta name=\"twitter:card\" content=\"summary_large_image\" \/>\n<meta name=\"twitter:label1\" content=\"Dur\u00e9e de lecture estim\u00e9e\" \/>\n\t<meta name=\"twitter:data1\" content=\"3 minutes\" \/>\n<script type=\"application\/ld+json\" class=\"yoast-schema-graph\">{\"@context\":\"https:\/\/schema.org\",\"@graph\":[{\"@type\":\"WebPage\",\"@id\":\"https:\/\/www.zentralbeschaffung.ch\/fr\/entreprise\/portrait\/\",\"url\":\"https:\/\/www.zentralbeschaffung.ch\/fr\/entreprise\/portrait\/\",\"name\":\"Portrait - ACS Approvisionnement central Suisse SA\",\"isPartOf\":{\"@id\":\"https:\/\/www.zentralbeschaffung.ch\/#website\"},\"primaryImageOfPage\":{\"@id\":\"https:\/\/www.zentralbeschaffung.ch\/fr\/entreprise\/portrait\/#primaryimage\"},\"image\":{\"@id\":\"https:\/\/www.zentralbeschaffung.ch\/fr\/entreprise\/portrait\/#primaryimage\"},\"thumbnailUrl\":\"https:\/\/www.zentralbeschaffung.ch\/wp-content\/uploads\/2025\/03\/ZBS-Zentralbeschaffung-Schweiz-AG-Portraet-min.jpg\",\"datePublished\":\"2023-10-12T10:03:13+00:00\",\"dateModified\":\"2025-04-14T14:21:14+00:00\",\"description\":\"Portrait: La centrale d\u2019achat ZBS Schweiz AG a \u00e9t\u00e9 fond\u00e9e avec l\u2019objectif suivant :M\u00eame les organisations de droit public doivent avoir acc\u00e8s \u00e0 de meilleures conditions d\u2019achat et \u00e0 un processus d\u2019achat rationalis\u00e9 administrativement.\",\"breadcrumb\":{\"@id\":\"https:\/\/www.zentralbeschaffung.ch\/fr\/entreprise\/portrait\/#breadcrumb\"},\"inLanguage\":\"fr-FR\",\"potentialAction\":[{\"@type\":\"ReadAction\",\"target\":[\"https:\/\/www.zentralbeschaffung.ch\/fr\/entreprise\/portrait\/\"]}]},{\"@type\":\"ImageObject\",\"inLanguage\":\"fr-FR\",\"@id\":\"https:\/\/www.zentralbeschaffung.ch\/fr\/entreprise\/portrait\/#primaryimage\",\"url\":\"https:\/\/www.zentralbeschaffung.ch\/wp-content\/uploads\/2025\/03\/ZBS-Zentralbeschaffung-Schweiz-AG-Portraet-min.jpg\",\"contentUrl\":\"https:\/\/www.zentralbeschaffung.ch\/wp-content\/uploads\/2025\/03\/ZBS-Zentralbeschaffung-Schweiz-AG-Portraet-min.jpg\",\"width\":1500,\"height\":1000},{\"@type\":\"BreadcrumbList\",\"@id\":\"https:\/\/www.zentralbeschaffung.ch\/fr\/entreprise\/portrait\/#breadcrumb\",\"itemListElement\":[{\"@type\":\"ListItem\",\"position\":1,\"name\":\"Startseite\",\"item\":\"https:\/\/www.zentralbeschaffung.ch\/fr\/\"},{\"@type\":\"ListItem\",\"position\":2,\"name\":\"Entreprise\",\"item\":\"https:\/\/www.zentralbeschaffung.ch\/fr\/entreprise\/\"},{\"@type\":\"ListItem\",\"position\":3,\"name\":\"Portrait\"}]},{\"@type\":\"WebSite\",\"@id\":\"https:\/\/www.zentralbeschaffung.ch\/#website\",\"url\":\"https:\/\/www.zentralbeschaffung.ch\/\",\"name\":\"ZBS Zentralbeschaffung\",\"description\":\"\",\"publisher\":{\"@id\":\"https:\/\/www.zentralbeschaffung.ch\/#organization\"},\"potentialAction\":[{\"@type\":\"SearchAction\",\"target\":{\"@type\":\"EntryPoint\",\"urlTemplate\":\"https:\/\/www.zentralbeschaffung.ch\/?s={search_term_string}\"},\"query-input\":{\"@type\":\"PropertyValueSpecification\",\"valueRequired\":true,\"valueName\":\"search_term_string\"}}],\"inLanguage\":\"fr-FR\"},{\"@type\":\"Organization\",\"@id\":\"https:\/\/www.zentralbeschaffung.ch\/#organization\",\"name\":\"ZBS Zentralbeschaffung\",\"url\":\"https:\/\/www.zentralbeschaffung.ch\/\",\"logo\":{\"@type\":\"ImageObject\",\"inLanguage\":\"fr-FR\",\"@id\":\"https:\/\/www.zentralbeschaffung.ch\/#\/schema\/logo\/image\/\",\"url\":\"https:\/\/www.zentralbeschaffung.ch\/wp-content\/uploads\/2025\/04\/Logo_ZBS_farbig-1.svg\",\"contentUrl\":\"https:\/\/www.zentralbeschaffung.ch\/wp-content\/uploads\/2025\/04\/Logo_ZBS_farbig-1.svg\",\"width\":378,\"height\":93,\"caption\":\"ZBS Zentralbeschaffung\"},\"image\":{\"@id\":\"https:\/\/www.zentralbeschaffung.ch\/#\/schema\/logo\/image\/\"}}]}<\/script>\n<!-- \/ Yoast SEO plugin. -->","yoast_head_json":{"title":"Portrait - ACS Approvisionnement central Suisse SA","description":"Portrait: La centrale d\u2019achat ZBS Schweiz AG a \u00e9t\u00e9 fond\u00e9e avec l\u2019objectif suivant :M\u00eame les organisations de droit public doivent avoir acc\u00e8s \u00e0 de meilleures conditions d\u2019achat et \u00e0 un processus d\u2019achat rationalis\u00e9 administrativement.","robots":{"index":"index","follow":"follow","max-snippet":"max-snippet:-1","max-image-preview":"max-image-preview:large","max-video-preview":"max-video-preview:-1"},"canonical":"https:\/\/www.zentralbeschaffung.ch\/fr\/entreprise\/portrait\/","og_locale":"fr_FR","og_type":"article","og_title":"Portrait - ACS Approvisionnement central Suisse SA","og_description":"Portrait: La centrale d\u2019achat ZBS Schweiz AG a \u00e9t\u00e9 fond\u00e9e avec l\u2019objectif suivant :M\u00eame les organisations de droit public doivent avoir acc\u00e8s \u00e0 de meilleures conditions d\u2019achat et \u00e0 un processus d\u2019achat rationalis\u00e9 administrativement.","og_url":"https:\/\/www.zentralbeschaffung.ch\/fr\/entreprise\/portrait\/","og_site_name":"ACS Approvisionnement central Suisse SA","article_modified_time":"2025-04-14T14:21:14+00:00","og_image":[{"width":1500,"height":1000,"url":"https:\/\/www.zentralbeschaffung.ch\/wp-content\/uploads\/2025\/03\/ZBS-Zentralbeschaffung-Schweiz-AG-Portraet-min.jpg","type":"image\/jpeg"}],"twitter_card":"summary_large_image","twitter_misc":{"Dur\u00e9e de lecture estim\u00e9e":"3 minutes"},"schema":{"@context":"https:\/\/schema.org","@graph":[{"@type":"WebPage","@id":"https:\/\/www.zentralbeschaffung.ch\/fr\/entreprise\/portrait\/","url":"https:\/\/www.zentralbeschaffung.ch\/fr\/entreprise\/portrait\/","name":"Portrait - ACS Approvisionnement central Suisse SA","isPartOf":{"@id":"https:\/\/www.zentralbeschaffung.ch\/#website"},"primaryImageOfPage":{"@id":"https:\/\/www.zentralbeschaffung.ch\/fr\/entreprise\/portrait\/#primaryimage"},"image":{"@id":"https:\/\/www.zentralbeschaffung.ch\/fr\/entreprise\/portrait\/#primaryimage"},"thumbnailUrl":"https:\/\/www.zentralbeschaffung.ch\/wp-content\/uploads\/2025\/03\/ZBS-Zentralbeschaffung-Schweiz-AG-Portraet-min.jpg","datePublished":"2023-10-12T10:03:13+00:00","dateModified":"2025-04-14T14:21:14+00:00","description":"Portrait: La centrale d\u2019achat ZBS Schweiz AG a \u00e9t\u00e9 fond\u00e9e avec l\u2019objectif suivant :M\u00eame les organisations de droit public doivent avoir acc\u00e8s \u00e0 de meilleures conditions d\u2019achat et \u00e0 un processus d\u2019achat rationalis\u00e9 administrativement.","breadcrumb":{"@id":"https:\/\/www.zentralbeschaffung.ch\/fr\/entreprise\/portrait\/#breadcrumb"},"inLanguage":"fr-FR","potentialAction":[{"@type":"ReadAction","target":["https:\/\/www.zentralbeschaffung.ch\/fr\/entreprise\/portrait\/"]}]},{"@type":"ImageObject","inLanguage":"fr-FR","@id":"https:\/\/www.zentralbeschaffung.ch\/fr\/entreprise\/portrait\/#primaryimage","url":"https:\/\/www.zentralbeschaffung.ch\/wp-content\/uploads\/2025\/03\/ZBS-Zentralbeschaffung-Schweiz-AG-Portraet-min.jpg","contentUrl":"https:\/\/www.zentralbeschaffung.ch\/wp-content\/uploads\/2025\/03\/ZBS-Zentralbeschaffung-Schweiz-AG-Portraet-min.jpg","width":1500,"height":1000},{"@type":"BreadcrumbList","@id":"https:\/\/www.zentralbeschaffung.ch\/fr\/entreprise\/portrait\/#breadcrumb","itemListElement":[{"@type":"ListItem","position":1,"name":"Startseite","item":"https:\/\/www.zentralbeschaffung.ch\/fr\/"},{"@type":"ListItem","position":2,"name":"Entreprise","item":"https:\/\/www.zentralbeschaffung.ch\/fr\/entreprise\/"},{"@type":"ListItem","position":3,"name":"Portrait"}]},{"@type":"WebSite","@id":"https:\/\/www.zentralbeschaffung.ch\/#website","url":"https:\/\/www.zentralbeschaffung.ch\/","name":"ZBS Zentralbeschaffung","description":"","publisher":{"@id":"https:\/\/www.zentralbeschaffung.ch\/#organization"},"potentialAction":[{"@type":"SearchAction","target":{"@type":"EntryPoint","urlTemplate":"https:\/\/www.zentralbeschaffung.ch\/?s={search_term_string}"},"query-input":{"@type":"PropertyValueSpecification","valueRequired":true,"valueName":"search_term_string"}}],"inLanguage":"fr-FR"},{"@type":"Organization","@id":"https:\/\/www.zentralbeschaffung.ch\/#organization","name":"ZBS Zentralbeschaffung","url":"https:\/\/www.zentralbeschaffung.ch\/","logo":{"@type":"ImageObject","inLanguage":"fr-FR","@id":"https:\/\/www.zentralbeschaffung.ch\/#\/schema\/logo\/image\/","url":"https:\/\/www.zentralbeschaffung.ch\/wp-content\/uploads\/2025\/04\/Logo_ZBS_farbig-1.svg","contentUrl":"https:\/\/www.zentralbeschaffung.ch\/wp-content\/uploads\/2025\/04\/Logo_ZBS_farbig-1.svg","width":378,"height":93,"caption":"ZBS Zentralbeschaffung"},"image":{"@id":"https:\/\/www.zentralbeschaffung.ch\/#\/schema\/logo\/image\/"}}]}},"_links":{"self":[{"href":"https:\/\/www.zentralbeschaffung.ch\/fr\/wp-json\/wp\/v2\/pages\/2625","targetHints":{"allow":["GET"]}}],"collection":[{"href":"https:\/\/www.zentralbeschaffung.ch\/fr\/wp-json\/wp\/v2\/pages"}],"about":[{"href":"https:\/\/www.zentralbeschaffung.ch\/fr\/wp-json\/wp\/v2\/types\/page"}],"author":[{"embeddable":true,"href":"https:\/\/www.zentralbeschaffung.ch\/fr\/wp-json\/wp\/v2\/users\/1"}],"replies":[{"embeddable":true,"href":"https:\/\/www.zentralbeschaffung.ch\/fr\/wp-json\/wp\/v2\/comments?post=2625"}],"version-history":[{"count":41,"href":"https:\/\/www.zentralbeschaffung.ch\/fr\/wp-json\/wp\/v2\/pages\/2625\/revisions"}],"predecessor-version":[{"id":4810,"href":"https:\/\/www.zentralbeschaffung.ch\/fr\/wp-json\/wp\/v2\/pages\/2625\/revisions\/4810"}],"up":[{"embeddable":true,"href":"https:\/\/www.zentralbeschaffung.ch\/fr\/wp-json\/wp\/v2\/pages\/2620"}],"wp:featuredmedia":[{"embeddable":true,"href":"https:\/\/www.zentralbeschaffung.ch\/fr\/wp-json\/wp\/v2\/media\/4644"}],"wp:attachment":[{"href":"https:\/\/www.zentralbeschaffung.ch\/fr\/wp-json\/wp\/v2\/media?parent=2625"}],"curies":[{"name":"wp","href":"https:\/\/api.w.org\/{rel}","templated":true}]}}