{"id":2653,"date":"2023-10-12T13:34:39","date_gmt":"2023-10-12T13:34:39","guid":{"rendered":"https:\/\/www.zentralbeschaffung.ch\/kontakt\/"},"modified":"2024-09-24T06:05:30","modified_gmt":"2024-09-24T06:05:30","slug":"contact","status":"publish","type":"page","link":"https:\/\/www.zentralbeschaffung.ch\/fr\/contact\/","title":{"rendered":"Contact"},"content":{"rendered":"\t\t<div data-elementor-type=\"wp-page\" data-elementor-id=\"2653\" class=\"elementor elementor-2653 elementor-766\" data-elementor-post-type=\"page\">\n\t\t\t\t\t\t<section class=\"elementor-section elementor-top-section elementor-element elementor-element-b055036 elementor-section-boxed elementor-section-height-default elementor-section-height-default\" data-id=\"b055036\" data-element_type=\"section\">\n\t\t\t\t\t\t<div class=\"elementor-container elementor-column-gap-default\">\n\t\t\t\t\t<div class=\"elementor-column elementor-col-100 elementor-top-column elementor-element elementor-element-40f0f51\" data-id=\"40f0f51\" data-element_type=\"column\">\n\t\t\t<div class=\"elementor-widget-wrap elementor-element-populated\">\n\t\t\t\t\t\t<div class=\"elementor-element elementor-element-3a148bc elementor-widget elementor-widget-text-editor\" data-id=\"3a148bc\" data-element_type=\"widget\" data-widget_type=\"text-editor.default\">\n\t\t\t\t<div class=\"elementor-widget-container\">\n\t\t\t\t\t\t\t\t\t<h1>Contact<\/h1>\t\t\t\t\t\t\t\t<\/div>\n\t\t\t\t<\/div>\n\t\t\t\t<section class=\"elementor-section elementor-inner-section elementor-element elementor-element-7d31804 elementor-section-boxed elementor-section-height-default elementor-section-height-default\" data-id=\"7d31804\" data-element_type=\"section\">\n\t\t\t\t\t\t<div class=\"elementor-container elementor-column-gap-wide\">\n\t\t\t\t\t<div class=\"elementor-column elementor-col-50 elementor-inner-column elementor-element elementor-element-9b454b8 order-2\" data-id=\"9b454b8\" data-element_type=\"column\">\n\t\t\t<div class=\"elementor-widget-wrap elementor-element-populated\">\n\t\t\t\t\t\t<div class=\"elementor-element elementor-element-d196480 elementor-widget elementor-widget-text-editor\" data-id=\"d196480\" data-element_type=\"widget\" data-widget_type=\"text-editor.default\">\n\t\t\t\t<div class=\"elementor-widget-container\">\n\t\t\t\t\t\t\t\t\t<p>Contactez la ACS Approvisionnement central.<\/p><p><strong>ACS Approvisionnement central Suisse SA<\/strong><br \/>Boden\u00e4ckerstrasse 1<br \/>CH-8957 Spreitenbach<\/p><p><a href=\"tel:+41564184030\">+41 <span style=\"font-weight: 400;\">56 418 40 30<\/span><\/a><br \/><a href=\"mailto:info@zentralbeschaffung.ch\">info@zentralbeschaffung.ch<\/a><\/p>\t\t\t\t\t\t\t\t<\/div>\n\t\t\t\t<\/div>\n\t\t\t\t\t<\/div>\n\t\t<\/div>\n\t\t\t\t<div class=\"elementor-column elementor-col-50 elementor-inner-column elementor-element elementor-element-e97f817 order-1\" data-id=\"e97f817\" data-element_type=\"column\">\n\t\t\t<div class=\"elementor-widget-wrap elementor-element-populated\">\n\t\t\t\t\t\t<div class=\"elementor-element elementor-element-207f97d elementor-widget elementor-widget-google_maps\" data-id=\"207f97d\" data-element_type=\"widget\" data-widget_type=\"google_maps.default\">\n\t\t\t\t<div class=\"elementor-widget-container\">\n\t\t\t\t\t\t\t<div class=\"elementor-custom-embed\">\n\t\t\t<iframe loading=\"lazy\"\n\t\t\t\t\tsrc=\"https:\/\/maps.google.com\/maps?q=ZBS%20Zentralbeschaffung&#038;t=m&#038;z=10&#038;output=embed&#038;iwloc=near\"\n\t\t\t\t\ttitle=\"ZBS Zentralbeschaffung\"\n\t\t\t\t\taria-label=\"ZBS Zentralbeschaffung\"\n\t\t\t><\/iframe>\n\t\t<\/div>\n\t\t\t\t\t\t<\/div>\n\t\t\t\t<\/div>\n\t\t\t\t\t<\/div>\n\t\t<\/div>\n\t\t\t\t\t<\/div>\n\t\t<\/section>\n\t\t\t\t<div class=\"elementor-element elementor-element-002ef95 elementor-widget elementor-widget-text-editor\" data-id=\"002ef95\" data-element_type=\"widget\" data-widget_type=\"text-editor.default\">\n\t\t\t\t<div class=\"elementor-widget-container\">\n\t\t\t\t\t\t\t\t\t<h4>Formulaire de contact<\/h4>\t\t\t\t\t\t\t\t<\/div>\n\t\t\t\t<\/div>\n\t\t\t\t<div class=\"elementor-element elementor-element-5acaa68 elementor-button-align-end elementor-widget elementor-widget-form\" data-id=\"5acaa68\" data-element_type=\"widget\" data-settings=\"{&quot;step_next_label&quot;:&quot;N\\u00e4chster&quot;,&quot;step_previous_label&quot;:&quot;Voriger&quot;,&quot;button_width&quot;:&quot;100&quot;,&quot;step_type&quot;:&quot;number_text&quot;,&quot;step_icon_shape&quot;:&quot;circle&quot;}\" data-widget_type=\"form.default\">\n\t\t\t\t<div class=\"elementor-widget-container\">\n\t\t\t\t\t\t\t<form class=\"elementor-form\" method=\"post\" name=\"Kontaktformular FR\" aria-label=\"Kontaktformular FR\">\n\t\t\t<input type=\"hidden\" name=\"post_id\" value=\"2653\"\/>\n\t\t\t<input type=\"hidden\" name=\"form_id\" value=\"5acaa68\"\/>\n\t\t\t<input type=\"hidden\" name=\"referer_title\" value=\"Contact - ACS Approvisionnement central Suisse SA\" \/>\n\n\t\t\t\t\t\t\t<input type=\"hidden\" name=\"queried_id\" value=\"2653\"\/>\n\t\t\t\n\t\t\t<div class=\"elementor-form-fields-wrapper elementor-labels-above\">\n\t\t\t\t\t\t\t\t<div class=\"elementor-field-type-text elementor-field-group elementor-column elementor-field-group-name elementor-col-100\">\n\t\t\t\t\t\t\t\t\t\t\t\t<label for=\"form-field-name\" class=\"elementor-field-label\">\n\t\t\t\t\t\t\t\tSoci\u00e9t\u00e9\t\t\t\t\t\t\t<\/label>\n\t\t\t\t\t\t\t\t\t\t\t\t\t\t<input size=\"1\" type=\"text\" name=\"form_fields[name]\" id=\"form-field-name\" class=\"elementor-field elementor-size-sm  elementor-field-textual\">\n\t\t\t\t\t\t\t\t\t\t\t<\/div>\n\t\t\t\t\t\t\t\t<div class=\"elementor-field-type-text elementor-field-group elementor-column elementor-field-group-field_1ea9ea4 elementor-col-50 elementor-field-required elementor-mark-required\">\n\t\t\t\t\t\t\t\t\t\t\t\t<label for=\"form-field-field_1ea9ea4\" class=\"elementor-field-label\">\n\t\t\t\t\t\t\t\tPr\u00e9nom\t\t\t\t\t\t\t<\/label>\n\t\t\t\t\t\t\t\t\t\t\t\t\t\t<input size=\"1\" type=\"text\" name=\"form_fields[field_1ea9ea4]\" id=\"form-field-field_1ea9ea4\" class=\"elementor-field elementor-size-sm  elementor-field-textual\" required=\"required\">\n\t\t\t\t\t\t\t\t\t\t\t<\/div>\n\t\t\t\t\t\t\t\t<div class=\"elementor-field-type-text elementor-field-group elementor-column elementor-field-group-field_360613f elementor-col-50 elementor-field-required elementor-mark-required\">\n\t\t\t\t\t\t\t\t\t\t\t\t<label for=\"form-field-field_360613f\" class=\"elementor-field-label\">\n\t\t\t\t\t\t\t\tNom\t\t\t\t\t\t\t<\/label>\n\t\t\t\t\t\t\t\t\t\t\t\t\t\t<input size=\"1\" type=\"text\" name=\"form_fields[field_360613f]\" id=\"form-field-field_360613f\" class=\"elementor-field elementor-size-sm  elementor-field-textual\" required=\"required\">\n\t\t\t\t\t\t\t\t\t\t\t<\/div>\n\t\t\t\t\t\t\t\t<div class=\"elementor-field-type-text elementor-field-group elementor-column elementor-field-group-field_7a8c499 elementor-col-50 elementor-field-required elementor-mark-required\">\n\t\t\t\t\t\t\t\t\t\t\t\t<label for=\"form-field-field_7a8c499\" class=\"elementor-field-label\">\n\t\t\t\t\t\t\t\tCode Postal\t\t\t\t\t\t\t<\/label>\n\t\t\t\t\t\t\t\t\t\t\t\t\t\t<input size=\"1\" type=\"text\" name=\"form_fields[field_7a8c499]\" id=\"form-field-field_7a8c499\" class=\"elementor-field elementor-size-sm  elementor-field-textual\" required=\"required\">\n\t\t\t\t\t\t\t\t\t\t\t<\/div>\n\t\t\t\t\t\t\t\t<div class=\"elementor-field-type-text elementor-field-group elementor-column elementor-field-group-field_d552a87 elementor-col-50 elementor-field-required elementor-mark-required\">\n\t\t\t\t\t\t\t\t\t\t\t\t<label for=\"form-field-field_d552a87\" class=\"elementor-field-label\">\n\t\t\t\t\t\t\t\tLieu\t\t\t\t\t\t\t<\/label>\n\t\t\t\t\t\t\t\t\t\t\t\t\t\t<input size=\"1\" type=\"text\" name=\"form_fields[field_d552a87]\" id=\"form-field-field_d552a87\" class=\"elementor-field elementor-size-sm  elementor-field-textual\" required=\"required\">\n\t\t\t\t\t\t\t\t\t\t\t<\/div>\n\t\t\t\t\t\t\t\t<div class=\"elementor-field-type-email elementor-field-group elementor-column elementor-field-group-email elementor-col-50 elementor-field-required elementor-mark-required\">\n\t\t\t\t\t\t\t\t\t\t\t\t<label for=\"form-field-email\" class=\"elementor-field-label\">\n\t\t\t\t\t\t\t\tE-Mail\t\t\t\t\t\t\t<\/label>\n\t\t\t\t\t\t\t\t\t\t\t\t\t\t<input size=\"1\" type=\"email\" name=\"form_fields[email]\" id=\"form-field-email\" class=\"elementor-field elementor-size-sm  elementor-field-textual\" required=\"required\">\n\t\t\t\t\t\t\t\t\t\t\t<\/div>\n\t\t\t\t\t\t\t\t<div class=\"elementor-field-type-text elementor-field-group elementor-column elementor-field-group-field_94cfb9a elementor-col-50 elementor-field-required elementor-mark-required\">\n\t\t\t\t\t\t\t\t\t\t\t\t<label for=\"form-field-field_94cfb9a\" class=\"elementor-field-label\">\n\t\t\t\t\t\t\t\tNum\u00e9ro de t\u00e9l\u00e9phone\t\t\t\t\t\t\t<\/label>\n\t\t\t\t\t\t\t\t\t\t\t\t\t\t<input size=\"1\" type=\"text\" name=\"form_fields[field_94cfb9a]\" id=\"form-field-field_94cfb9a\" class=\"elementor-field elementor-size-sm  elementor-field-textual\" required=\"required\">\n\t\t\t\t\t\t\t\t\t\t\t<\/div>\n\t\t\t\t\t\t\t\t<div class=\"elementor-field-type-textarea elementor-field-group elementor-column elementor-field-group-message elementor-col-100\">\n\t\t\t\t\t\t\t\t\t\t\t\t<label for=\"form-field-message\" class=\"elementor-field-label\">\n\t\t\t\t\t\t\t\tMessage\t\t\t\t\t\t\t<\/label>\n\t\t\t\t\t\t<textarea class=\"elementor-field-textual elementor-field  elementor-size-sm\" name=\"form_fields[message]\" id=\"form-field-message\" rows=\"4\"><\/textarea>\t\t\t\t<\/div>\n\t\t\t\t\t\t\t\t<div class=\"elementor-field-type-text\">\n\t\t\t\t\t<input size=\"1\" type=\"text\" name=\"form_fields[field_a63f3d4]\" id=\"form-field-field_a63f3d4\" class=\"elementor-field elementor-size-sm \" style=\"display:none !important;\">\t\t\t\t<\/div>\n\t\t\t\t\t\t\t\t<div class=\"elementor-field-type-upload elementor-field-group elementor-column elementor-field-group-field_cb78ad3 elementor-col-100\">\n\t\t\t\t\t\t\t\t\t\t\t\t<label for=\"form-field-field_cb78ad3\" class=\"elementor-field-label\">\n\t\t\t\t\t\t\t\tAnnexe\t\t\t\t\t\t\t<\/label>\n\t\t\t\t\t\t\t\t<input type=\"file\" name=\"form_fields[field_cb78ad3][]\" id=\"form-field-field_cb78ad3\" class=\"elementor-field elementor-size-sm  elementor-upload-field\" multiple=\"multiple\" data-maxsize=\"5\" data-maxsize-message=\"Ce fichier d\u00e9passe la taille maximale autoris\u00e9e.\">\n\n\t\t\t\t\t\t<\/div>\n\t\t\t\t\t\t\t\t<div class=\"elementor-field-type-acceptance elementor-field-group elementor-column elementor-field-group-field_608e599 elementor-col-100\">\n\t\t\t\t\t\t\t\t\t\t\t\t<label for=\"form-field-field_608e599\" class=\"elementor-field-label\">\n\t\t\t\t\t\t\t\tNewsletter FR\t\t\t\t\t\t\t<\/label>\n\t\t\t\t\t\t\t\t<div class=\"elementor-field-subgroup\">\n\t\t\t<span class=\"elementor-field-option\">\n\t\t\t\t<input type=\"checkbox\" name=\"form_fields[field_608e599]\" id=\"form-field-field_608e599\" class=\"elementor-field elementor-size-sm  elementor-acceptance-field\" checked=\"checked\">\n\t\t\t\t<label for=\"form-field-field_608e599\">Je souhaite m'abonner \u00e0 la newsletter \u00e9lectronique.<\/label>\t\t\t<\/span>\n\t\t<\/div>\n\t\t\t\t\t\t<\/div>\n\t\t\t\t\t\t\t\t<div class=\"elementor-field-type-acceptance elementor-field-group elementor-column elementor-field-group-field_46f7de6 elementor-col-100 elementor-field-required elementor-mark-required\">\n\t\t\t\t\t\t\t\t\t\t\t\t<label for=\"form-field-field_46f7de6\" class=\"elementor-field-label\">\n\t\t\t\t\t\t\t\tDatenschutz FR\t\t\t\t\t\t\t<\/label>\n\t\t\t\t\t\t\t\t<div class=\"elementor-field-subgroup\">\n\t\t\t<span class=\"elementor-field-option\">\n\t\t\t\t<input type=\"checkbox\" name=\"form_fields[field_46f7de6]\" id=\"form-field-field_46f7de6\" class=\"elementor-field elementor-size-sm  elementor-acceptance-field\" required=\"required\">\n\t\t\t\t<label for=\"form-field-field_46f7de6\">J'accepte <a href=\"https:\/\/www.zentralbeschaffung.ch\/fr\/declaration-de-confidentialite\/\">la d\u00e9claration de protection des donn\u00e9es<\/a>.<\/label>\t\t\t<\/span>\n\t\t<\/div>\n\t\t\t\t\t\t<\/div>\n\t\t\t\t\t\t\t\t<div class=\"elementor-field-type-recaptcha elementor-field-group elementor-column elementor-field-group-field_a24b25a elementor-col-100\">\n\t\t\t\t\t<div class=\"elementor-field\" id=\"form-field-field_a24b25a\"><div class=\"elementor-g-recaptcha\" data-sitekey=\"6LfXv-goAAAAAMbQONeA9UHy5_PR8uXuLnHPhhq5\" data-type=\"v2_checkbox\" data-theme=\"light\" data-size=\"normal\"><\/div><\/div>\t\t\t\t<\/div>\n\t\t\t\t\t\t\t\t<div class=\"elementor-field-group elementor-column elementor-field-type-submit elementor-col-100 e-form__buttons\">\n\t\t\t\t\t<button class=\"elementor-button elementor-size-sm\" type=\"submit\">\n\t\t\t\t\t\t<span class=\"elementor-button-content-wrapper\">\n\t\t\t\t\t\t\t\t\t\t\t\t\t\t\t\t\t\t\t\t\t\t<span class=\"elementor-button-text\">Envoyer<\/span>\n\t\t\t\t\t\t\t\t\t\t\t\t\t<\/span>\n\t\t\t\t\t<\/button>\n\t\t\t\t<\/div>\n\t\t\t<\/div>\n\t\t<\/form>\n\t\t\t\t\t\t<\/div>\n\t\t\t\t<\/div>\n\t\t\t\t\t<\/div>\n\t\t<\/div>\n\t\t\t\t\t<\/div>\n\t\t<\/section>\n\t\t\t\t<\/div>\n\t\t","protected":false},"excerpt":{"rendered":"<p>Contact Contactez la ACS Approvisionnement central. ACS Approvisionnement central Suisse SABoden\u00e4ckerstrasse 1CH-8957 Spreitenbach +41 56 418 40 30info@zentralbeschaffung.ch Formulaire de contact<\/p>\n","protected":false},"author":1,"featured_media":0,"parent":0,"menu_order":0,"comment_status":"closed","ping_status":"closed","template":"","meta":{"_acf_changed":false,"footnotes":""},"class_list":["post-2653","page","type-page","status-publish","hentry"],"acf":[],"yoast_head":"<!-- This site is optimized with the Yoast SEO plugin v26.8 - https:\/\/yoast.com\/product\/yoast-seo-wordpress\/ -->\n<title>Contact - ACS Approvisionnement central Suisse SA<\/title>\n<meta name=\"description\" content=\"Contactez la centrale d\u2019achat ZBS Schweiz AG. Centrale d\u2019achat ZBS Schweiz AG, Boden\u00e4ckerstrasse 1, CH-8957 Spreitenbach, +41 56 418 40 96, info@zentralbeschaffung.ch\" \/>\n<meta name=\"robots\" content=\"index, follow, max-snippet:-1, max-image-preview:large, max-video-preview:-1\" \/>\n<link rel=\"canonical\" href=\"https:\/\/www.zentralbeschaffung.ch\/fr\/contact\/\" \/>\n<meta property=\"og:locale\" content=\"fr_FR\" \/>\n<meta property=\"og:type\" content=\"article\" \/>\n<meta property=\"og:title\" content=\"Contact - ACS Approvisionnement central Suisse SA\" \/>\n<meta property=\"og:description\" content=\"Contactez la centrale d\u2019achat ZBS Schweiz AG. Centrale d\u2019achat ZBS Schweiz AG, Boden\u00e4ckerstrasse 1, CH-8957 Spreitenbach, +41 56 418 40 96, info@zentralbeschaffung.ch\" \/>\n<meta property=\"og:url\" content=\"https:\/\/www.zentralbeschaffung.ch\/fr\/contact\/\" \/>\n<meta property=\"og:site_name\" content=\"ACS Approvisionnement central Suisse SA\" \/>\n<meta property=\"article:modified_time\" content=\"2024-09-24T06:05:30+00:00\" \/>\n<meta property=\"og:image\" content=\"https:\/\/www.zentralbeschaffung.ch\/wp-content\/uploads\/2023\/10\/istockphoto-176885205-1024x1024-1.jpg\" \/>\n\t<meta property=\"og:image:width\" content=\"1024\" \/>\n\t<meta property=\"og:image:height\" content=\"744\" \/>\n\t<meta property=\"og:image:type\" content=\"image\/jpeg\" \/>\n<meta name=\"twitter:card\" content=\"summary_large_image\" \/>\n<meta name=\"twitter:label1\" content=\"Dur\u00e9e de lecture estim\u00e9e\" \/>\n\t<meta name=\"twitter:data1\" content=\"1 minute\" \/>\n<script type=\"application\/ld+json\" class=\"yoast-schema-graph\">{\"@context\":\"https:\/\/schema.org\",\"@graph\":[{\"@type\":\"WebPage\",\"@id\":\"https:\/\/www.zentralbeschaffung.ch\/fr\/contact\/\",\"url\":\"https:\/\/www.zentralbeschaffung.ch\/fr\/contact\/\",\"name\":\"Contact - ACS Approvisionnement central Suisse SA\",\"isPartOf\":{\"@id\":\"https:\/\/www.zentralbeschaffung.ch\/#website\"},\"datePublished\":\"2023-10-12T13:34:39+00:00\",\"dateModified\":\"2024-09-24T06:05:30+00:00\",\"description\":\"Contactez la centrale d\u2019achat ZBS Schweiz AG. Centrale d\u2019achat ZBS Schweiz AG, Boden\u00e4ckerstrasse 1, CH-8957 Spreitenbach, +41 56 418 40 96, info@zentralbeschaffung.ch\",\"breadcrumb\":{\"@id\":\"https:\/\/www.zentralbeschaffung.ch\/fr\/contact\/#breadcrumb\"},\"inLanguage\":\"fr-FR\",\"potentialAction\":[{\"@type\":\"ReadAction\",\"target\":[\"https:\/\/www.zentralbeschaffung.ch\/fr\/contact\/\"]}]},{\"@type\":\"BreadcrumbList\",\"@id\":\"https:\/\/www.zentralbeschaffung.ch\/fr\/contact\/#breadcrumb\",\"itemListElement\":[{\"@type\":\"ListItem\",\"position\":1,\"name\":\"Startseite\",\"item\":\"https:\/\/www.zentralbeschaffung.ch\/fr\/\"},{\"@type\":\"ListItem\",\"position\":2,\"name\":\"Contact\"}]},{\"@type\":\"WebSite\",\"@id\":\"https:\/\/www.zentralbeschaffung.ch\/#website\",\"url\":\"https:\/\/www.zentralbeschaffung.ch\/\",\"name\":\"ZBS Zentralbeschaffung\",\"description\":\"\",\"publisher\":{\"@id\":\"https:\/\/www.zentralbeschaffung.ch\/#organization\"},\"potentialAction\":[{\"@type\":\"SearchAction\",\"target\":{\"@type\":\"EntryPoint\",\"urlTemplate\":\"https:\/\/www.zentralbeschaffung.ch\/?s={search_term_string}\"},\"query-input\":{\"@type\":\"PropertyValueSpecification\",\"valueRequired\":true,\"valueName\":\"search_term_string\"}}],\"inLanguage\":\"fr-FR\"},{\"@type\":\"Organization\",\"@id\":\"https:\/\/www.zentralbeschaffung.ch\/#organization\",\"name\":\"ZBS Zentralbeschaffung\",\"url\":\"https:\/\/www.zentralbeschaffung.ch\/\",\"logo\":{\"@type\":\"ImageObject\",\"inLanguage\":\"fr-FR\",\"@id\":\"https:\/\/www.zentralbeschaffung.ch\/#\/schema\/logo\/image\/\",\"url\":\"https:\/\/www.zentralbeschaffung.ch\/wp-content\/uploads\/2025\/04\/Logo_ZBS_farbig-1.svg\",\"contentUrl\":\"https:\/\/www.zentralbeschaffung.ch\/wp-content\/uploads\/2025\/04\/Logo_ZBS_farbig-1.svg\",\"width\":378,\"height\":93,\"caption\":\"ZBS Zentralbeschaffung\"},\"image\":{\"@id\":\"https:\/\/www.zentralbeschaffung.ch\/#\/schema\/logo\/image\/\"}}]}<\/script>\n<!-- \/ Yoast SEO plugin. -->","yoast_head_json":{"title":"Contact - ACS Approvisionnement central Suisse SA","description":"Contactez la centrale d\u2019achat ZBS Schweiz AG. Centrale d\u2019achat ZBS Schweiz AG, Boden\u00e4ckerstrasse 1, CH-8957 Spreitenbach, +41 56 418 40 96, info@zentralbeschaffung.ch","robots":{"index":"index","follow":"follow","max-snippet":"max-snippet:-1","max-image-preview":"max-image-preview:large","max-video-preview":"max-video-preview:-1"},"canonical":"https:\/\/www.zentralbeschaffung.ch\/fr\/contact\/","og_locale":"fr_FR","og_type":"article","og_title":"Contact - ACS Approvisionnement central Suisse SA","og_description":"Contactez la centrale d\u2019achat ZBS Schweiz AG. Centrale d\u2019achat ZBS Schweiz AG, Boden\u00e4ckerstrasse 1, CH-8957 Spreitenbach, +41 56 418 40 96, info@zentralbeschaffung.ch","og_url":"https:\/\/www.zentralbeschaffung.ch\/fr\/contact\/","og_site_name":"ACS Approvisionnement central Suisse SA","article_modified_time":"2024-09-24T06:05:30+00:00","og_image":[{"width":1024,"height":744,"url":"https:\/\/www.zentralbeschaffung.ch\/wp-content\/uploads\/2023\/10\/istockphoto-176885205-1024x1024-1.jpg","type":"image\/jpeg"}],"twitter_card":"summary_large_image","twitter_misc":{"Dur\u00e9e de lecture estim\u00e9e":"1 minute"},"schema":{"@context":"https:\/\/schema.org","@graph":[{"@type":"WebPage","@id":"https:\/\/www.zentralbeschaffung.ch\/fr\/contact\/","url":"https:\/\/www.zentralbeschaffung.ch\/fr\/contact\/","name":"Contact - ACS Approvisionnement central Suisse SA","isPartOf":{"@id":"https:\/\/www.zentralbeschaffung.ch\/#website"},"datePublished":"2023-10-12T13:34:39+00:00","dateModified":"2024-09-24T06:05:30+00:00","description":"Contactez la centrale d\u2019achat ZBS Schweiz AG. Centrale d\u2019achat ZBS Schweiz AG, Boden\u00e4ckerstrasse 1, CH-8957 Spreitenbach, +41 56 418 40 96, info@zentralbeschaffung.ch","breadcrumb":{"@id":"https:\/\/www.zentralbeschaffung.ch\/fr\/contact\/#breadcrumb"},"inLanguage":"fr-FR","potentialAction":[{"@type":"ReadAction","target":["https:\/\/www.zentralbeschaffung.ch\/fr\/contact\/"]}]},{"@type":"BreadcrumbList","@id":"https:\/\/www.zentralbeschaffung.ch\/fr\/contact\/#breadcrumb","itemListElement":[{"@type":"ListItem","position":1,"name":"Startseite","item":"https:\/\/www.zentralbeschaffung.ch\/fr\/"},{"@type":"ListItem","position":2,"name":"Contact"}]},{"@type":"WebSite","@id":"https:\/\/www.zentralbeschaffung.ch\/#website","url":"https:\/\/www.zentralbeschaffung.ch\/","name":"ZBS Zentralbeschaffung","description":"","publisher":{"@id":"https:\/\/www.zentralbeschaffung.ch\/#organization"},"potentialAction":[{"@type":"SearchAction","target":{"@type":"EntryPoint","urlTemplate":"https:\/\/www.zentralbeschaffung.ch\/?s={search_term_string}"},"query-input":{"@type":"PropertyValueSpecification","valueRequired":true,"valueName":"search_term_string"}}],"inLanguage":"fr-FR"},{"@type":"Organization","@id":"https:\/\/www.zentralbeschaffung.ch\/#organization","name":"ZBS Zentralbeschaffung","url":"https:\/\/www.zentralbeschaffung.ch\/","logo":{"@type":"ImageObject","inLanguage":"fr-FR","@id":"https:\/\/www.zentralbeschaffung.ch\/#\/schema\/logo\/image\/","url":"https:\/\/www.zentralbeschaffung.ch\/wp-content\/uploads\/2025\/04\/Logo_ZBS_farbig-1.svg","contentUrl":"https:\/\/www.zentralbeschaffung.ch\/wp-content\/uploads\/2025\/04\/Logo_ZBS_farbig-1.svg","width":378,"height":93,"caption":"ZBS Zentralbeschaffung"},"image":{"@id":"https:\/\/www.zentralbeschaffung.ch\/#\/schema\/logo\/image\/"}}]}},"_links":{"self":[{"href":"https:\/\/www.zentralbeschaffung.ch\/fr\/wp-json\/wp\/v2\/pages\/2653","targetHints":{"allow":["GET"]}}],"collection":[{"href":"https:\/\/www.zentralbeschaffung.ch\/fr\/wp-json\/wp\/v2\/pages"}],"about":[{"href":"https:\/\/www.zentralbeschaffung.ch\/fr\/wp-json\/wp\/v2\/types\/page"}],"author":[{"embeddable":true,"href":"https:\/\/www.zentralbeschaffung.ch\/fr\/wp-json\/wp\/v2\/users\/1"}],"replies":[{"embeddable":true,"href":"https:\/\/www.zentralbeschaffung.ch\/fr\/wp-json\/wp\/v2\/comments?post=2653"}],"version-history":[{"count":77,"href":"https:\/\/www.zentralbeschaffung.ch\/fr\/wp-json\/wp\/v2\/pages\/2653\/revisions"}],"predecessor-version":[{"id":4218,"href":"https:\/\/www.zentralbeschaffung.ch\/fr\/wp-json\/wp\/v2\/pages\/2653\/revisions\/4218"}],"wp:attachment":[{"href":"https:\/\/www.zentralbeschaffung.ch\/fr\/wp-json\/wp\/v2\/media?parent=2653"}],"curies":[{"name":"wp","href":"https:\/\/api.w.org\/{rel}","templated":true}]}}