{"id":2664,"date":"2023-10-12T06:41:51","date_gmt":"2023-10-12T06:41:51","guid":{"rendered":"https:\/\/www.zentralbeschaffung.ch\/impressum\/"},"modified":"2025-04-14T14:22:46","modified_gmt":"2025-04-14T14:22:46","slug":"mentions-legales","status":"publish","type":"page","link":"https:\/\/www.zentralbeschaffung.ch\/fr\/mentions-legales\/","title":{"rendered":"Mentions l\u00e9gales"},"content":{"rendered":"\t\t<div data-elementor-type=\"wp-page\" data-elementor-id=\"2664\" class=\"elementor elementor-2664 elementor-445\" data-elementor-post-type=\"page\">\n\t\t\t\t\t\t<section class=\"elementor-section elementor-top-section elementor-element elementor-element-b055036 elementor-section-boxed elementor-section-height-default elementor-section-height-default\" data-id=\"b055036\" data-element_type=\"section\">\n\t\t\t\t\t\t<div class=\"elementor-container elementor-column-gap-default\">\n\t\t\t\t\t<div class=\"elementor-column elementor-col-100 elementor-top-column elementor-element elementor-element-40f0f51\" data-id=\"40f0f51\" data-element_type=\"column\">\n\t\t\t<div class=\"elementor-widget-wrap elementor-element-populated\">\n\t\t\t\t\t\t<div class=\"elementor-element elementor-element-3a148bc elementor-widget elementor-widget-text-editor\" data-id=\"3a148bc\" data-element_type=\"widget\" data-widget_type=\"text-editor.default\">\n\t\t\t\t<div class=\"elementor-widget-container\">\n\t\t\t\t\t\t\t\t\t<h1>Mentions l\u00e9gales<\/h1>\t\t\t\t\t\t\t\t<\/div>\n\t\t\t\t<\/div>\n\t\t\t\t<div class=\"elementor-element elementor-element-025411b elementor-widget elementor-widget-text-editor\" data-id=\"025411b\" data-element_type=\"widget\" data-widget_type=\"text-editor.default\">\n\t\t\t\t<div class=\"elementor-widget-container\">\n\t\t\t\t\t\t\t\t\t<h3>Adresse de contact<\/h3><p>ACS Approvisionnement central Suisse SA<br \/>Boden\u00e4ckerstrasse 1<br \/>CH-8957 Spreitenbach<\/p><p>Tel: +41 56 418 40 30<br \/>Mail: <a href=\"mailto:info@zentralbeschaffung.ch\">info@zentralbeschaffung.ch<\/a><\/p><p>Responsable: Christoph M\u00fclli<\/p><h3>Exclusion de responsabilit\u00e9<\/h3><p>Les auteurs ne peuvent garantir l\u2019exactitude, la pr\u00e9cision, l\u2019actualit\u00e9, la fiabilit\u00e9 et l&rsquo;int\u00e9gralit\u00e9 des informations fournies.<\/p><p>Les droits de responsabilit\u00e9 vis-\u00e0-vis des auteurs en cas de dommages mat\u00e9riels ou immat\u00e9riels, qui r\u00e9sultent de l\u2019acc\u00e8s ou de l\u2019utilisation\/de la non-utilisation des informations publi\u00e9es, de l\u2019utilisation incorrecte de la connexion ou de d\u00e9fauts techniques, sont exclus.<\/p><p>Toutes les offres sont sans engagement. Les auteurs se r\u00e9servent express\u00e9ment le droit de modifier, compl\u00e9ter ou supprimer des parties des pages ou l&rsquo;offre enti\u00e8re sans notification sp\u00e9ciale, ou de suspendre temporairement ou d\u00e9finitivement la publication.<\/p><h3>Responsabilit\u00e9 \u00e0 l\u2019\u00e9gard des liens<\/h3><p>Les renvois et liens vers des sites Web de tiers ne font pas partie de notre domaine de responsabilit\u00e9. Toute responsabilit\u00e9 \u00e0 l\u2019\u00e9gard de ces sites Web est refus\u00e9e. L\u2019acc\u00e8s et l\u2019utilisation de ces sites Web se font aux risques des utilisateurs.<\/p><h3>Droits d\u2019auteur<\/h3><p>Les droits d\u2019auteur et tous autres droits relatifs aux contenus, images, photos ou autre fichiers sur le site Web appartiennent exclusivement \u00e0 l\u2019entreprise ACS Approvisionnement central Suisse SA ou aux d\u00e9tenteurs de droits sp\u00e9cialement d\u00e9sign\u00e9s. Pour la reproduction des diff\u00e9rents \u00e9l\u00e9ments, l\u2019autorisation \u00e9crite du d\u00e9tenteur des droits d\u2019auteur doit \u00eatre pr\u00e9alablement obtenue.<\/p><h3>Protection des marques<\/h3><p>ACS Approvisionnement central Suisse SA et le logo ACS Approvisionnement central Suisse SA sont des marques d\u00e9pos\u00e9es.<\/p><h3>Partenaire de mise en \u0153uvre<\/h3><p><strong>Concept du site Web et visibilit\u00e9:<\/strong><br \/>Martin Aue, <a href=\"https:\/\/www.martin-aue.com\" target=\"_blank\" rel=\"noopener\">www.martin-aue.com<\/a><\/p><p><strong>Mise en page:<\/strong><br \/>Contrastart GmbH, <a href=\"https:\/\/www.contrastart.ch\" target=\"_blank\" rel=\"noopener\">www.contrastart.ch<\/a><\/p><p><strong>Mise en \u0153uvre et programmation:<\/strong><br \/>Supersaxo Media AG, <a href=\"https:\/\/supersaxo.media\/\" target=\"_blank\" rel=\"noopener\">www.supersaxo.media<\/a><\/p><p><strong>Relecture du site Web:<\/strong><br \/>Christina Sorg, <a href=\"https:\/\/www.korrektur-for-you.de\" target=\"_blank\" rel=\"noopener\">www.korrektur-for-you.de<\/a><\/p>\t\t\t\t\t\t\t\t<\/div>\n\t\t\t\t<\/div>\n\t\t\t\t\t<\/div>\n\t\t<\/div>\n\t\t\t\t\t<\/div>\n\t\t<\/section>\n\t\t\t\t<\/div>\n\t\t","protected":false},"excerpt":{"rendered":"<p>Mentions l\u00e9gales Adresse de contact ACS Approvisionnement central Suisse SABoden\u00e4ckerstrasse 1CH-8957 Spreitenbach Tel: +41 56 418 40 30Mail: info@zentralbeschaffung.ch Responsable: Christoph M\u00fclli Exclusion de responsabilit\u00e9 Les auteurs ne peuvent garantir l\u2019exactitude, la pr\u00e9cision, l\u2019actualit\u00e9, la fiabilit\u00e9 et l&rsquo;int\u00e9gralit\u00e9 des informations fournies. Les droits de responsabilit\u00e9 vis-\u00e0-vis des auteurs en cas de dommages mat\u00e9riels ou immat\u00e9riels, [&hellip;]<\/p>\n","protected":false},"author":1,"featured_media":0,"parent":0,"menu_order":0,"comment_status":"closed","ping_status":"closed","template":"","meta":{"_acf_changed":false,"footnotes":""},"class_list":["post-2664","page","type-page","status-publish","hentry"],"acf":[],"yoast_head":"<!-- This site is optimized with the Yoast SEO plugin v26.8 - https:\/\/yoast.com\/product\/yoast-seo-wordpress\/ -->\n<title>Mentions l\u00e9gales - ACS Approvisionnement central Suisse SA<\/title>\n<meta name=\"description\" content=\"Mentions l\u00e9gales: Centrale d\u2019achat ZBS Schweiz AG, Boden\u00e4ckerstrasse 1, CH-8957 Spreitenbach, Tel: +41 56 418 40 96, Mail: info@zentralbeschaffung.ch\" \/>\n<meta name=\"robots\" content=\"index, follow, max-snippet:-1, max-image-preview:large, max-video-preview:-1\" \/>\n<link rel=\"canonical\" href=\"https:\/\/www.zentralbeschaffung.ch\/fr\/mentions-legales\/\" \/>\n<meta property=\"og:locale\" content=\"fr_FR\" \/>\n<meta property=\"og:type\" content=\"article\" \/>\n<meta property=\"og:title\" content=\"Mentions l\u00e9gales - ACS Approvisionnement central Suisse SA\" \/>\n<meta property=\"og:description\" content=\"Mentions l\u00e9gales: Centrale d\u2019achat ZBS Schweiz AG, Boden\u00e4ckerstrasse 1, CH-8957 Spreitenbach, Tel: +41 56 418 40 96, Mail: info@zentralbeschaffung.ch\" \/>\n<meta property=\"og:url\" content=\"https:\/\/www.zentralbeschaffung.ch\/fr\/mentions-legales\/\" \/>\n<meta property=\"og:site_name\" content=\"ACS Approvisionnement central Suisse SA\" \/>\n<meta property=\"article:modified_time\" content=\"2025-04-14T14:22:46+00:00\" \/>\n<meta name=\"twitter:card\" content=\"summary_large_image\" \/>\n<meta name=\"twitter:label1\" content=\"Dur\u00e9e de lecture estim\u00e9e\" \/>\n\t<meta name=\"twitter:data1\" content=\"2 minutes\" \/>\n<script type=\"application\/ld+json\" class=\"yoast-schema-graph\">{\"@context\":\"https:\/\/schema.org\",\"@graph\":[{\"@type\":\"WebPage\",\"@id\":\"https:\/\/www.zentralbeschaffung.ch\/fr\/mentions-legales\/\",\"url\":\"https:\/\/www.zentralbeschaffung.ch\/fr\/mentions-legales\/\",\"name\":\"Mentions l\u00e9gales - ACS Approvisionnement central Suisse SA\",\"isPartOf\":{\"@id\":\"https:\/\/www.zentralbeschaffung.ch\/#website\"},\"datePublished\":\"2023-10-12T06:41:51+00:00\",\"dateModified\":\"2025-04-14T14:22:46+00:00\",\"description\":\"Mentions l\u00e9gales: Centrale d\u2019achat ZBS Schweiz AG, Boden\u00e4ckerstrasse 1, CH-8957 Spreitenbach, Tel: +41 56 418 40 96, Mail: info@zentralbeschaffung.ch\",\"breadcrumb\":{\"@id\":\"https:\/\/www.zentralbeschaffung.ch\/fr\/mentions-legales\/#breadcrumb\"},\"inLanguage\":\"fr-FR\",\"potentialAction\":[{\"@type\":\"ReadAction\",\"target\":[\"https:\/\/www.zentralbeschaffung.ch\/fr\/mentions-legales\/\"]}]},{\"@type\":\"BreadcrumbList\",\"@id\":\"https:\/\/www.zentralbeschaffung.ch\/fr\/mentions-legales\/#breadcrumb\",\"itemListElement\":[{\"@type\":\"ListItem\",\"position\":1,\"name\":\"Startseite\",\"item\":\"https:\/\/www.zentralbeschaffung.ch\/fr\/\"},{\"@type\":\"ListItem\",\"position\":2,\"name\":\"Mentions l\u00e9gales\"}]},{\"@type\":\"WebSite\",\"@id\":\"https:\/\/www.zentralbeschaffung.ch\/#website\",\"url\":\"https:\/\/www.zentralbeschaffung.ch\/\",\"name\":\"ZBS Zentralbeschaffung\",\"description\":\"\",\"publisher\":{\"@id\":\"https:\/\/www.zentralbeschaffung.ch\/#organization\"},\"potentialAction\":[{\"@type\":\"SearchAction\",\"target\":{\"@type\":\"EntryPoint\",\"urlTemplate\":\"https:\/\/www.zentralbeschaffung.ch\/?s={search_term_string}\"},\"query-input\":{\"@type\":\"PropertyValueSpecification\",\"valueRequired\":true,\"valueName\":\"search_term_string\"}}],\"inLanguage\":\"fr-FR\"},{\"@type\":\"Organization\",\"@id\":\"https:\/\/www.zentralbeschaffung.ch\/#organization\",\"name\":\"ZBS Zentralbeschaffung\",\"url\":\"https:\/\/www.zentralbeschaffung.ch\/\",\"logo\":{\"@type\":\"ImageObject\",\"inLanguage\":\"fr-FR\",\"@id\":\"https:\/\/www.zentralbeschaffung.ch\/#\/schema\/logo\/image\/\",\"url\":\"https:\/\/www.zentralbeschaffung.ch\/wp-content\/uploads\/2025\/04\/Logo_ZBS_farbig-1.svg\",\"contentUrl\":\"https:\/\/www.zentralbeschaffung.ch\/wp-content\/uploads\/2025\/04\/Logo_ZBS_farbig-1.svg\",\"width\":378,\"height\":93,\"caption\":\"ZBS Zentralbeschaffung\"},\"image\":{\"@id\":\"https:\/\/www.zentralbeschaffung.ch\/#\/schema\/logo\/image\/\"}}]}<\/script>\n<!-- \/ Yoast SEO plugin. -->","yoast_head_json":{"title":"Mentions l\u00e9gales - ACS Approvisionnement central Suisse SA","description":"Mentions l\u00e9gales: Centrale d\u2019achat ZBS Schweiz AG, Boden\u00e4ckerstrasse 1, CH-8957 Spreitenbach, Tel: +41 56 418 40 96, Mail: info@zentralbeschaffung.ch","robots":{"index":"index","follow":"follow","max-snippet":"max-snippet:-1","max-image-preview":"max-image-preview:large","max-video-preview":"max-video-preview:-1"},"canonical":"https:\/\/www.zentralbeschaffung.ch\/fr\/mentions-legales\/","og_locale":"fr_FR","og_type":"article","og_title":"Mentions l\u00e9gales - ACS Approvisionnement central Suisse SA","og_description":"Mentions l\u00e9gales: Centrale d\u2019achat ZBS Schweiz AG, Boden\u00e4ckerstrasse 1, CH-8957 Spreitenbach, Tel: +41 56 418 40 96, Mail: info@zentralbeschaffung.ch","og_url":"https:\/\/www.zentralbeschaffung.ch\/fr\/mentions-legales\/","og_site_name":"ACS Approvisionnement central Suisse SA","article_modified_time":"2025-04-14T14:22:46+00:00","twitter_card":"summary_large_image","twitter_misc":{"Dur\u00e9e de lecture estim\u00e9e":"2 minutes"},"schema":{"@context":"https:\/\/schema.org","@graph":[{"@type":"WebPage","@id":"https:\/\/www.zentralbeschaffung.ch\/fr\/mentions-legales\/","url":"https:\/\/www.zentralbeschaffung.ch\/fr\/mentions-legales\/","name":"Mentions l\u00e9gales - ACS Approvisionnement central Suisse SA","isPartOf":{"@id":"https:\/\/www.zentralbeschaffung.ch\/#website"},"datePublished":"2023-10-12T06:41:51+00:00","dateModified":"2025-04-14T14:22:46+00:00","description":"Mentions l\u00e9gales: Centrale d\u2019achat ZBS Schweiz AG, Boden\u00e4ckerstrasse 1, CH-8957 Spreitenbach, Tel: +41 56 418 40 96, Mail: info@zentralbeschaffung.ch","breadcrumb":{"@id":"https:\/\/www.zentralbeschaffung.ch\/fr\/mentions-legales\/#breadcrumb"},"inLanguage":"fr-FR","potentialAction":[{"@type":"ReadAction","target":["https:\/\/www.zentralbeschaffung.ch\/fr\/mentions-legales\/"]}]},{"@type":"BreadcrumbList","@id":"https:\/\/www.zentralbeschaffung.ch\/fr\/mentions-legales\/#breadcrumb","itemListElement":[{"@type":"ListItem","position":1,"name":"Startseite","item":"https:\/\/www.zentralbeschaffung.ch\/fr\/"},{"@type":"ListItem","position":2,"name":"Mentions l\u00e9gales"}]},{"@type":"WebSite","@id":"https:\/\/www.zentralbeschaffung.ch\/#website","url":"https:\/\/www.zentralbeschaffung.ch\/","name":"ZBS Zentralbeschaffung","description":"","publisher":{"@id":"https:\/\/www.zentralbeschaffung.ch\/#organization"},"potentialAction":[{"@type":"SearchAction","target":{"@type":"EntryPoint","urlTemplate":"https:\/\/www.zentralbeschaffung.ch\/?s={search_term_string}"},"query-input":{"@type":"PropertyValueSpecification","valueRequired":true,"valueName":"search_term_string"}}],"inLanguage":"fr-FR"},{"@type":"Organization","@id":"https:\/\/www.zentralbeschaffung.ch\/#organization","name":"ZBS Zentralbeschaffung","url":"https:\/\/www.zentralbeschaffung.ch\/","logo":{"@type":"ImageObject","inLanguage":"fr-FR","@id":"https:\/\/www.zentralbeschaffung.ch\/#\/schema\/logo\/image\/","url":"https:\/\/www.zentralbeschaffung.ch\/wp-content\/uploads\/2025\/04\/Logo_ZBS_farbig-1.svg","contentUrl":"https:\/\/www.zentralbeschaffung.ch\/wp-content\/uploads\/2025\/04\/Logo_ZBS_farbig-1.svg","width":378,"height":93,"caption":"ZBS Zentralbeschaffung"},"image":{"@id":"https:\/\/www.zentralbeschaffung.ch\/#\/schema\/logo\/image\/"}}]}},"_links":{"self":[{"href":"https:\/\/www.zentralbeschaffung.ch\/fr\/wp-json\/wp\/v2\/pages\/2664","targetHints":{"allow":["GET"]}}],"collection":[{"href":"https:\/\/www.zentralbeschaffung.ch\/fr\/wp-json\/wp\/v2\/pages"}],"about":[{"href":"https:\/\/www.zentralbeschaffung.ch\/fr\/wp-json\/wp\/v2\/types\/page"}],"author":[{"embeddable":true,"href":"https:\/\/www.zentralbeschaffung.ch\/fr\/wp-json\/wp\/v2\/users\/1"}],"replies":[{"embeddable":true,"href":"https:\/\/www.zentralbeschaffung.ch\/fr\/wp-json\/wp\/v2\/comments?post=2664"}],"version-history":[{"count":26,"href":"https:\/\/www.zentralbeschaffung.ch\/fr\/wp-json\/wp\/v2\/pages\/2664\/revisions"}],"predecessor-version":[{"id":4819,"href":"https:\/\/www.zentralbeschaffung.ch\/fr\/wp-json\/wp\/v2\/pages\/2664\/revisions\/4819"}],"wp:attachment":[{"href":"https:\/\/www.zentralbeschaffung.ch\/fr\/wp-json\/wp\/v2\/media?parent=2664"}],"curies":[{"name":"wp","href":"https:\/\/api.w.org\/{rel}","templated":true}]}}