{"id":2669,"date":"2023-10-12T09:27:55","date_gmt":"2023-10-12T09:27:55","guid":{"rendered":"https:\/\/www.zentralbeschaffung.ch\/lieferanten-partner\/"},"modified":"2025-04-14T14:23:36","modified_gmt":"2025-04-14T14:23:36","slug":"fournisseurs-partenaires","status":"publish","type":"page","link":"https:\/\/www.zentralbeschaffung.ch\/fr\/groupement-dachats\/fournisseurs-partenaires\/","title":{"rendered":"Fournisseurs \/ Partenaires"},"content":{"rendered":"\t\t<div data-elementor-type=\"wp-page\" data-elementor-id=\"2669\" class=\"elementor elementor-2669 elementor-566\" data-elementor-post-type=\"page\">\n\t\t\t\t\t\t<section class=\"elementor-section elementor-top-section elementor-element elementor-element-b055036 elementor-section-boxed elementor-section-height-default elementor-section-height-default\" data-id=\"b055036\" data-element_type=\"section\">\n\t\t\t\t\t\t<div class=\"elementor-container elementor-column-gap-default\">\n\t\t\t\t\t<div class=\"elementor-column elementor-col-100 elementor-top-column elementor-element elementor-element-40f0f51\" data-id=\"40f0f51\" data-element_type=\"column\">\n\t\t\t<div class=\"elementor-widget-wrap elementor-element-populated\">\n\t\t\t\t\t\t<div class=\"elementor-element elementor-element-3a148bc elementor-widget elementor-widget-text-editor\" data-id=\"3a148bc\" data-element_type=\"widget\" data-widget_type=\"text-editor.default\">\n\t\t\t\t<div class=\"elementor-widget-container\">\n\t\t\t\t\t\t\t\t\t<h1>ACS Approvisionnement central : Partenaire<\/h1>\t\t\t\t\t\t\t\t<\/div>\n\t\t\t\t<\/div>\n\t\t\t\t<section class=\"elementor-section elementor-inner-section elementor-element elementor-element-7d31804 elementor-section-boxed elementor-section-height-default elementor-section-height-default\" data-id=\"7d31804\" data-element_type=\"section\">\n\t\t\t\t\t\t<div class=\"elementor-container elementor-column-gap-wide\">\n\t\t\t\t\t<div class=\"elementor-column elementor-col-50 elementor-inner-column elementor-element elementor-element-9b454b8 order-2\" data-id=\"9b454b8\" data-element_type=\"column\">\n\t\t\t<div class=\"elementor-widget-wrap elementor-element-populated\">\n\t\t\t\t\t\t<div class=\"elementor-element elementor-element-d196480 elementor-widget elementor-widget-text-editor\" data-id=\"d196480\" data-element_type=\"widget\" data-widget_type=\"text-editor.default\">\n\t\t\t\t<div class=\"elementor-widget-container\">\n\t\t\t\t\t\t\t\t\t<p>Pour nos clients, nous travaillons avec les principales grandes entreprises de la branche. Plus de 100 fournisseurs sont d\u00e9j\u00e0 des partenaires. Le r\u00e9seau de nos sous-traitants se caract\u00e9rise par sa \u00abSwissness\u00bb, sa qualit\u00e9 sup\u00e9rieure et sa comp\u00e9tence. Nous en sommes tr\u00e8s fiers.<\/p><p>D\u00e9couvrez les offres de plus de 100 partenaires renomm\u00e9s !<\/p>\t\t\t\t\t\t\t\t<\/div>\n\t\t\t\t<\/div>\n\t\t\t\t\t<\/div>\n\t\t<\/div>\n\t\t\t\t<div class=\"elementor-column elementor-col-50 elementor-inner-column elementor-element elementor-element-e97f817 order-1\" data-id=\"e97f817\" data-element_type=\"column\">\n\t\t\t<div class=\"elementor-widget-wrap elementor-element-populated\">\n\t\t\t\t\t\t<div class=\"elementor-element elementor-element-8caa792 elementor-invisible elementor-widget elementor-widget-image\" data-id=\"8caa792\" data-element_type=\"widget\" data-settings=\"{&quot;_animation&quot;:&quot;fadeInUp&quot;}\" data-widget_type=\"image.default\">\n\t\t\t\t<div class=\"elementor-widget-container\">\n\t\t\t\t\t\t\t\t\t\t\t\t\t\t\t<img fetchpriority=\"high\" decoding=\"async\" width=\"800\" height=\"517\" src=\"https:\/\/www.zentralbeschaffung.ch\/wp-content\/uploads\/2025\/03\/ZBS-Zentralbeschaffung-Schweiz-AG-Partner-Lieferanten-min-1024x662.jpg\" class=\"attachment-large size-large wp-image-4704\" alt=\"\" srcset=\"https:\/\/www.zentralbeschaffung.ch\/wp-content\/uploads\/2025\/03\/ZBS-Zentralbeschaffung-Schweiz-AG-Partner-Lieferanten-min-1024x662.jpg 1024w, https:\/\/www.zentralbeschaffung.ch\/wp-content\/uploads\/2025\/03\/ZBS-Zentralbeschaffung-Schweiz-AG-Partner-Lieferanten-min-300x194.jpg 300w, https:\/\/www.zentralbeschaffung.ch\/wp-content\/uploads\/2025\/03\/ZBS-Zentralbeschaffung-Schweiz-AG-Partner-Lieferanten-min-768x496.jpg 768w, https:\/\/www.zentralbeschaffung.ch\/wp-content\/uploads\/2025\/03\/ZBS-Zentralbeschaffung-Schweiz-AG-Partner-Lieferanten-min.jpg 1500w\" sizes=\"(max-width: 800px) 100vw, 800px\" \/>\t\t\t\t\t\t\t\t\t\t\t\t\t\t\t<\/div>\n\t\t\t\t<\/div>\n\t\t\t\t\t<\/div>\n\t\t<\/div>\n\t\t\t\t\t<\/div>\n\t\t<\/section>\n\t\t\t\t\t<\/div>\n\t\t<\/div>\n\t\t\t\t\t<\/div>\n\t\t<\/section>\n\t\t\t\t<\/div>\n\t\t","protected":false},"excerpt":{"rendered":"<p>ACS Approvisionnement central : Partenaire Pour nos clients, nous travaillons avec les principales grandes entreprises de la branche. Plus de 100 fournisseurs sont d\u00e9j\u00e0 des partenaires. Le r\u00e9seau de nos sous-traitants se caract\u00e9rise par sa \u00abSwissness\u00bb, sa qualit\u00e9 sup\u00e9rieure et sa comp\u00e9tence. Nous en sommes tr\u00e8s fiers. D\u00e9couvrez les offres de plus de 100 partenaires [&hellip;]<\/p>\n","protected":false},"author":1,"featured_media":4704,"parent":2677,"menu_order":0,"comment_status":"closed","ping_status":"closed","template":"","meta":{"_acf_changed":false,"footnotes":""},"class_list":["post-2669","page","type-page","status-publish","has-post-thumbnail","hentry"],"acf":[],"yoast_head":"<!-- This site is optimized with the Yoast SEO plugin v26.8 - https:\/\/yoast.com\/product\/yoast-seo-wordpress\/ -->\n<title>Fournisseurs \/ Partenaires - ACS Approvisionnement central Suisse SA<\/title>\n<meta name=\"description\" content=\"Pour nos membres, nous travaillons avec les principales grandes entreprises de la branche. Plus de 350 fournisseurs sont d\u00e9j\u00e0 des partenaires. Le r\u00e9seau de nos sous-traitants se caract\u00e9rise par sa \u00ab Swissness \u00bb, sa qualit\u00e9 sup\u00e9rieure et sa comp\u00e9tence. Nous en sommes tr\u00e8s fiers.\" \/>\n<meta name=\"robots\" content=\"index, follow, max-snippet:-1, max-image-preview:large, max-video-preview:-1\" \/>\n<link rel=\"canonical\" href=\"https:\/\/www.zentralbeschaffung.ch\/einkaufsgemeinschaft\/lieferanten-partner\/\" \/>\n<meta property=\"og:locale\" content=\"fr_FR\" \/>\n<meta property=\"og:type\" content=\"article\" \/>\n<meta property=\"og:title\" content=\"Fournisseurs \/ Partenaires - ACS Approvisionnement central Suisse SA\" \/>\n<meta property=\"og:description\" content=\"Pour nos membres, nous travaillons avec les principales grandes entreprises de la branche. Plus de 350 fournisseurs sont d\u00e9j\u00e0 des partenaires. Le r\u00e9seau de nos sous-traitants se caract\u00e9rise par sa \u00ab Swissness \u00bb, sa qualit\u00e9 sup\u00e9rieure et sa comp\u00e9tence. Nous en sommes tr\u00e8s fiers.\" \/>\n<meta property=\"og:url\" content=\"https:\/\/www.zentralbeschaffung.ch\/einkaufsgemeinschaft\/lieferanten-partner\/\" \/>\n<meta property=\"og:site_name\" content=\"ACS Approvisionnement central Suisse SA\" \/>\n<meta property=\"article:modified_time\" content=\"2025-04-14T14:23:36+00:00\" \/>\n<meta property=\"og:image\" content=\"https:\/\/www.zentralbeschaffung.ch\/wp-content\/uploads\/2025\/03\/ZBS-Zentralbeschaffung-Schweiz-AG-Partner-Lieferanten-min.jpg\" \/>\n\t<meta property=\"og:image:width\" content=\"1500\" \/>\n\t<meta property=\"og:image:height\" content=\"969\" \/>\n\t<meta property=\"og:image:type\" content=\"image\/jpeg\" \/>\n<meta name=\"twitter:card\" content=\"summary_large_image\" \/>\n<meta name=\"twitter:label1\" content=\"Dur\u00e9e de lecture estim\u00e9e\" \/>\n\t<meta name=\"twitter:data1\" content=\"1 minute\" \/>\n<script type=\"application\/ld+json\" class=\"yoast-schema-graph\">{\"@context\":\"https:\/\/schema.org\",\"@graph\":[{\"@type\":\"WebPage\",\"@id\":\"https:\/\/www.zentralbeschaffung.ch\/einkaufsgemeinschaft\/lieferanten-partner\/\",\"url\":\"https:\/\/www.zentralbeschaffung.ch\/einkaufsgemeinschaft\/lieferanten-partner\/\",\"name\":\"Fournisseurs \/ Partenaires - ACS Approvisionnement central Suisse SA\",\"isPartOf\":{\"@id\":\"https:\/\/www.zentralbeschaffung.ch\/#website\"},\"primaryImageOfPage\":{\"@id\":\"https:\/\/www.zentralbeschaffung.ch\/einkaufsgemeinschaft\/lieferanten-partner\/#primaryimage\"},\"image\":{\"@id\":\"https:\/\/www.zentralbeschaffung.ch\/einkaufsgemeinschaft\/lieferanten-partner\/#primaryimage\"},\"thumbnailUrl\":\"https:\/\/www.zentralbeschaffung.ch\/wp-content\/uploads\/2025\/03\/ZBS-Zentralbeschaffung-Schweiz-AG-Partner-Lieferanten-min.jpg\",\"datePublished\":\"2023-10-12T09:27:55+00:00\",\"dateModified\":\"2025-04-14T14:23:36+00:00\",\"description\":\"Pour nos membres, nous travaillons avec les principales grandes entreprises de la branche. Plus de 350 fournisseurs sont d\u00e9j\u00e0 des partenaires. Le r\u00e9seau de nos sous-traitants se caract\u00e9rise par sa \u00ab Swissness \u00bb, sa qualit\u00e9 sup\u00e9rieure et sa comp\u00e9tence. Nous en sommes tr\u00e8s fiers.\",\"breadcrumb\":{\"@id\":\"https:\/\/www.zentralbeschaffung.ch\/einkaufsgemeinschaft\/lieferanten-partner\/#breadcrumb\"},\"inLanguage\":\"fr-FR\",\"potentialAction\":[{\"@type\":\"ReadAction\",\"target\":[\"https:\/\/www.zentralbeschaffung.ch\/einkaufsgemeinschaft\/lieferanten-partner\/\"]}]},{\"@type\":\"ImageObject\",\"inLanguage\":\"fr-FR\",\"@id\":\"https:\/\/www.zentralbeschaffung.ch\/einkaufsgemeinschaft\/lieferanten-partner\/#primaryimage\",\"url\":\"https:\/\/www.zentralbeschaffung.ch\/wp-content\/uploads\/2025\/03\/ZBS-Zentralbeschaffung-Schweiz-AG-Partner-Lieferanten-min.jpg\",\"contentUrl\":\"https:\/\/www.zentralbeschaffung.ch\/wp-content\/uploads\/2025\/03\/ZBS-Zentralbeschaffung-Schweiz-AG-Partner-Lieferanten-min.jpg\",\"width\":1500,\"height\":969},{\"@type\":\"BreadcrumbList\",\"@id\":\"https:\/\/www.zentralbeschaffung.ch\/einkaufsgemeinschaft\/lieferanten-partner\/#breadcrumb\",\"itemListElement\":[{\"@type\":\"ListItem\",\"position\":1,\"name\":\"Startseite\",\"item\":\"https:\/\/www.zentralbeschaffung.ch\/fr\/\"},{\"@type\":\"ListItem\",\"position\":2,\"name\":\"Groupement d\u2019achats\",\"item\":\"https:\/\/www.zentralbeschaffung.ch\/fr\/groupement-dachats\/\"},{\"@type\":\"ListItem\",\"position\":3,\"name\":\"Fournisseurs \/ Partenaires\"}]},{\"@type\":\"WebSite\",\"@id\":\"https:\/\/www.zentralbeschaffung.ch\/#website\",\"url\":\"https:\/\/www.zentralbeschaffung.ch\/\",\"name\":\"ZBS Zentralbeschaffung\",\"description\":\"\",\"publisher\":{\"@id\":\"https:\/\/www.zentralbeschaffung.ch\/#organization\"},\"potentialAction\":[{\"@type\":\"SearchAction\",\"target\":{\"@type\":\"EntryPoint\",\"urlTemplate\":\"https:\/\/www.zentralbeschaffung.ch\/?s={search_term_string}\"},\"query-input\":{\"@type\":\"PropertyValueSpecification\",\"valueRequired\":true,\"valueName\":\"search_term_string\"}}],\"inLanguage\":\"fr-FR\"},{\"@type\":\"Organization\",\"@id\":\"https:\/\/www.zentralbeschaffung.ch\/#organization\",\"name\":\"ZBS Zentralbeschaffung\",\"url\":\"https:\/\/www.zentralbeschaffung.ch\/\",\"logo\":{\"@type\":\"ImageObject\",\"inLanguage\":\"fr-FR\",\"@id\":\"https:\/\/www.zentralbeschaffung.ch\/#\/schema\/logo\/image\/\",\"url\":\"https:\/\/www.zentralbeschaffung.ch\/wp-content\/uploads\/2025\/04\/Logo_ZBS_farbig-1.svg\",\"contentUrl\":\"https:\/\/www.zentralbeschaffung.ch\/wp-content\/uploads\/2025\/04\/Logo_ZBS_farbig-1.svg\",\"width\":378,\"height\":93,\"caption\":\"ZBS Zentralbeschaffung\"},\"image\":{\"@id\":\"https:\/\/www.zentralbeschaffung.ch\/#\/schema\/logo\/image\/\"}}]}<\/script>\n<!-- \/ Yoast SEO plugin. -->","yoast_head_json":{"title":"Fournisseurs \/ Partenaires - ACS Approvisionnement central Suisse SA","description":"Pour nos membres, nous travaillons avec les principales grandes entreprises de la branche. Plus de 350 fournisseurs sont d\u00e9j\u00e0 des partenaires. Le r\u00e9seau de nos sous-traitants se caract\u00e9rise par sa \u00ab Swissness \u00bb, sa qualit\u00e9 sup\u00e9rieure et sa comp\u00e9tence. Nous en sommes tr\u00e8s fiers.","robots":{"index":"index","follow":"follow","max-snippet":"max-snippet:-1","max-image-preview":"max-image-preview:large","max-video-preview":"max-video-preview:-1"},"canonical":"https:\/\/www.zentralbeschaffung.ch\/einkaufsgemeinschaft\/lieferanten-partner\/","og_locale":"fr_FR","og_type":"article","og_title":"Fournisseurs \/ Partenaires - ACS Approvisionnement central Suisse SA","og_description":"Pour nos membres, nous travaillons avec les principales grandes entreprises de la branche. Plus de 350 fournisseurs sont d\u00e9j\u00e0 des partenaires. Le r\u00e9seau de nos sous-traitants se caract\u00e9rise par sa \u00ab Swissness \u00bb, sa qualit\u00e9 sup\u00e9rieure et sa comp\u00e9tence. Nous en sommes tr\u00e8s fiers.","og_url":"https:\/\/www.zentralbeschaffung.ch\/einkaufsgemeinschaft\/lieferanten-partner\/","og_site_name":"ACS Approvisionnement central Suisse SA","article_modified_time":"2025-04-14T14:23:36+00:00","og_image":[{"width":1500,"height":969,"url":"https:\/\/www.zentralbeschaffung.ch\/wp-content\/uploads\/2025\/03\/ZBS-Zentralbeschaffung-Schweiz-AG-Partner-Lieferanten-min.jpg","type":"image\/jpeg"}],"twitter_card":"summary_large_image","twitter_misc":{"Dur\u00e9e de lecture estim\u00e9e":"1 minute"},"schema":{"@context":"https:\/\/schema.org","@graph":[{"@type":"WebPage","@id":"https:\/\/www.zentralbeschaffung.ch\/einkaufsgemeinschaft\/lieferanten-partner\/","url":"https:\/\/www.zentralbeschaffung.ch\/einkaufsgemeinschaft\/lieferanten-partner\/","name":"Fournisseurs \/ Partenaires - ACS Approvisionnement central Suisse SA","isPartOf":{"@id":"https:\/\/www.zentralbeschaffung.ch\/#website"},"primaryImageOfPage":{"@id":"https:\/\/www.zentralbeschaffung.ch\/einkaufsgemeinschaft\/lieferanten-partner\/#primaryimage"},"image":{"@id":"https:\/\/www.zentralbeschaffung.ch\/einkaufsgemeinschaft\/lieferanten-partner\/#primaryimage"},"thumbnailUrl":"https:\/\/www.zentralbeschaffung.ch\/wp-content\/uploads\/2025\/03\/ZBS-Zentralbeschaffung-Schweiz-AG-Partner-Lieferanten-min.jpg","datePublished":"2023-10-12T09:27:55+00:00","dateModified":"2025-04-14T14:23:36+00:00","description":"Pour nos membres, nous travaillons avec les principales grandes entreprises de la branche. Plus de 350 fournisseurs sont d\u00e9j\u00e0 des partenaires. Le r\u00e9seau de nos sous-traitants se caract\u00e9rise par sa \u00ab Swissness \u00bb, sa qualit\u00e9 sup\u00e9rieure et sa comp\u00e9tence. Nous en sommes tr\u00e8s fiers.","breadcrumb":{"@id":"https:\/\/www.zentralbeschaffung.ch\/einkaufsgemeinschaft\/lieferanten-partner\/#breadcrumb"},"inLanguage":"fr-FR","potentialAction":[{"@type":"ReadAction","target":["https:\/\/www.zentralbeschaffung.ch\/einkaufsgemeinschaft\/lieferanten-partner\/"]}]},{"@type":"ImageObject","inLanguage":"fr-FR","@id":"https:\/\/www.zentralbeschaffung.ch\/einkaufsgemeinschaft\/lieferanten-partner\/#primaryimage","url":"https:\/\/www.zentralbeschaffung.ch\/wp-content\/uploads\/2025\/03\/ZBS-Zentralbeschaffung-Schweiz-AG-Partner-Lieferanten-min.jpg","contentUrl":"https:\/\/www.zentralbeschaffung.ch\/wp-content\/uploads\/2025\/03\/ZBS-Zentralbeschaffung-Schweiz-AG-Partner-Lieferanten-min.jpg","width":1500,"height":969},{"@type":"BreadcrumbList","@id":"https:\/\/www.zentralbeschaffung.ch\/einkaufsgemeinschaft\/lieferanten-partner\/#breadcrumb","itemListElement":[{"@type":"ListItem","position":1,"name":"Startseite","item":"https:\/\/www.zentralbeschaffung.ch\/fr\/"},{"@type":"ListItem","position":2,"name":"Groupement d\u2019achats","item":"https:\/\/www.zentralbeschaffung.ch\/fr\/groupement-dachats\/"},{"@type":"ListItem","position":3,"name":"Fournisseurs \/ Partenaires"}]},{"@type":"WebSite","@id":"https:\/\/www.zentralbeschaffung.ch\/#website","url":"https:\/\/www.zentralbeschaffung.ch\/","name":"ZBS Zentralbeschaffung","description":"","publisher":{"@id":"https:\/\/www.zentralbeschaffung.ch\/#organization"},"potentialAction":[{"@type":"SearchAction","target":{"@type":"EntryPoint","urlTemplate":"https:\/\/www.zentralbeschaffung.ch\/?s={search_term_string}"},"query-input":{"@type":"PropertyValueSpecification","valueRequired":true,"valueName":"search_term_string"}}],"inLanguage":"fr-FR"},{"@type":"Organization","@id":"https:\/\/www.zentralbeschaffung.ch\/#organization","name":"ZBS Zentralbeschaffung","url":"https:\/\/www.zentralbeschaffung.ch\/","logo":{"@type":"ImageObject","inLanguage":"fr-FR","@id":"https:\/\/www.zentralbeschaffung.ch\/#\/schema\/logo\/image\/","url":"https:\/\/www.zentralbeschaffung.ch\/wp-content\/uploads\/2025\/04\/Logo_ZBS_farbig-1.svg","contentUrl":"https:\/\/www.zentralbeschaffung.ch\/wp-content\/uploads\/2025\/04\/Logo_ZBS_farbig-1.svg","width":378,"height":93,"caption":"ZBS Zentralbeschaffung"},"image":{"@id":"https:\/\/www.zentralbeschaffung.ch\/#\/schema\/logo\/image\/"}}]}},"_links":{"self":[{"href":"https:\/\/www.zentralbeschaffung.ch\/fr\/wp-json\/wp\/v2\/pages\/2669","targetHints":{"allow":["GET"]}}],"collection":[{"href":"https:\/\/www.zentralbeschaffung.ch\/fr\/wp-json\/wp\/v2\/pages"}],"about":[{"href":"https:\/\/www.zentralbeschaffung.ch\/fr\/wp-json\/wp\/v2\/types\/page"}],"author":[{"embeddable":true,"href":"https:\/\/www.zentralbeschaffung.ch\/fr\/wp-json\/wp\/v2\/users\/1"}],"replies":[{"embeddable":true,"href":"https:\/\/www.zentralbeschaffung.ch\/fr\/wp-json\/wp\/v2\/comments?post=2669"}],"version-history":[{"count":44,"href":"https:\/\/www.zentralbeschaffung.ch\/fr\/wp-json\/wp\/v2\/pages\/2669\/revisions"}],"predecessor-version":[{"id":4825,"href":"https:\/\/www.zentralbeschaffung.ch\/fr\/wp-json\/wp\/v2\/pages\/2669\/revisions\/4825"}],"up":[{"embeddable":true,"href":"https:\/\/www.zentralbeschaffung.ch\/fr\/wp-json\/wp\/v2\/pages\/2677"}],"wp:featuredmedia":[{"embeddable":true,"href":"https:\/\/www.zentralbeschaffung.ch\/fr\/wp-json\/wp\/v2\/media\/4704"}],"wp:attachment":[{"href":"https:\/\/www.zentralbeschaffung.ch\/fr\/wp-json\/wp\/v2\/media?parent=2669"}],"curies":[{"name":"wp","href":"https:\/\/api.w.org\/{rel}","templated":true}]}}