{"id":2686,"date":"2023-10-12T09:43:52","date_gmt":"2023-10-12T09:43:52","guid":{"rendered":"https:\/\/www.zentralbeschaffung.ch\/groupement-dachats\/beschaffungsplattform\/"},"modified":"2025-04-14T14:23:28","modified_gmt":"2025-04-14T14:23:28","slug":"plateforme-dachat","status":"publish","type":"page","link":"https:\/\/www.zentralbeschaffung.ch\/fr\/groupement-dachats\/plateforme-dachat\/","title":{"rendered":"Plateforme d&rsquo;approvisionnement"},"content":{"rendered":"\t\t<div data-elementor-type=\"wp-page\" data-elementor-id=\"2686\" class=\"elementor elementor-2686 elementor-617\" data-elementor-post-type=\"page\">\n\t\t\t\t\t\t<section class=\"elementor-section elementor-top-section elementor-element elementor-element-b055036 elementor-section-boxed elementor-section-height-default elementor-section-height-default\" data-id=\"b055036\" data-element_type=\"section\">\n\t\t\t\t\t\t<div class=\"elementor-container elementor-column-gap-default\">\n\t\t\t\t\t<div class=\"elementor-column elementor-col-100 elementor-top-column elementor-element elementor-element-40f0f51\" data-id=\"40f0f51\" data-element_type=\"column\">\n\t\t\t<div class=\"elementor-widget-wrap elementor-element-populated\">\n\t\t\t\t\t\t<div class=\"elementor-element elementor-element-3a148bc elementor-widget elementor-widget-text-editor\" data-id=\"3a148bc\" data-element_type=\"widget\" data-widget_type=\"text-editor.default\">\n\t\t\t\t<div class=\"elementor-widget-container\">\n\t\t\t\t\t\t\t\t\t<h1>Plate-forme d&rsquo;achat<\/h1>\t\t\t\t\t\t\t\t<\/div>\n\t\t\t\t<\/div>\n\t\t\t\t<section class=\"elementor-section elementor-inner-section elementor-element elementor-element-7d31804 elementor-section-boxed elementor-section-height-default elementor-section-height-default\" data-id=\"7d31804\" data-element_type=\"section\">\n\t\t\t\t\t\t<div class=\"elementor-container elementor-column-gap-wide\">\n\t\t\t\t\t<div class=\"elementor-column elementor-col-50 elementor-inner-column elementor-element elementor-element-9b454b8 order-2\" data-id=\"9b454b8\" data-element_type=\"column\">\n\t\t\t<div class=\"elementor-widget-wrap elementor-element-populated\">\n\t\t\t\t\t\t<div class=\"elementor-element elementor-element-d196480 elementor-widget elementor-widget-text-editor\" data-id=\"d196480\" data-element_type=\"widget\" data-widget_type=\"text-editor.default\">\n\t\t\t\t<div class=\"elementor-widget-container\">\n\t\t\t\t\t\t\t\t\t<p>Nos clients b\u00e9n\u00e9ficient de diff\u00e9rents avantages dans notre boutique en ligne exclusive :<\/p><h3>Acc\u00e8s exclusif<\/h3><p>Seuls les clients enregistr\u00e9s ont acc\u00e8s \u00e0 notre boutique, ce qui garantit que nos produits et nos offres ne sont accessibles qu&rsquo;\u00e0 un groupe s\u00e9lectionn\u00e9 de clients.<\/p><h3>Fournisseurs vari\u00e9s<\/h3><p>Gr\u00e2ce \u00e0 notre collaboration avec diff\u00e9rents fournisseurs, nous pouvons proposer une large gamme de produits qui r\u00e9pondent aux diff\u00e9rents besoins et pr\u00e9f\u00e9rences de nos clients.<\/p><h3>Haute qualit\u00e9 des produits<\/h3><p>Nous ne travaillons qu&rsquo;avec des fournisseurs r\u00e9put\u00e9s qui proposent des produits de haute qualit\u00e9. Nos clients peuvent \u00eatre s\u00fbrs d&rsquo;obtenir des produits de la meilleure qualit\u00e9 possible.<\/p><h3>Transparence<\/h3><p>Nous accordons une grande importance \u00e0 la mise \u00e0 disposition de nos clients de toutes les informations pertinentes concernant nos produits, les d\u00e9lais de livraison et les prix, et ce en toute transparence. Nos clients peuvent ainsi prendre des d\u00e9cisions d&rsquo;achat en toute connaissance de cause.<\/p><h3>Offres et promotions exclusives<\/h3><p>En tant que client enregistr\u00e9, vous avez acc\u00e8s \u00e0 des offres et des promotions exclusives, sp\u00e9cialement con\u00e7ues pour nos clients fid\u00e8les. Vous pouvez b\u00e9n\u00e9ficier de r\u00e9ductions sp\u00e9ciales, de promotions limit\u00e9es et d&rsquo;autres avantages.<\/p><h3>Une exp\u00e9rience d&rsquo;achat de premi\u00e8re classe<\/h3><p>Nous nous effor\u00e7ons d&rsquo;offrir \u00e0 nos clients une exp\u00e9rience d&rsquo;achat de premi\u00e8re classe. Notre boutique en ligne est con\u00e7ue de mani\u00e8re conviviale afin de garantir une navigation facile et un processus de commande fluide. Si vous avez des questions ou des probl\u00e8mes, notre service client\u00e8le se tient \u00e0 votre disposition.\u00a0<\/p><p>Globalement, nous voulons nous assurer que nos clients b\u00e9n\u00e9ficient d&rsquo;avantages uniques et d&rsquo;une exp\u00e9rience d&rsquo;achat exceptionnelle dans notre boutique en ligne exclusive.<\/p>\t\t\t\t\t\t\t\t<\/div>\n\t\t\t\t<\/div>\n\t\t\t\t<div class=\"elementor-element elementor-element-092f89d elementor-widget elementor-widget-button\" data-id=\"092f89d\" data-element_type=\"widget\" data-widget_type=\"button.default\">\n\t\t\t\t<div class=\"elementor-widget-container\">\n\t\t\t\t\t\t\t\t\t<div class=\"elementor-button-wrapper\">\n\t\t\t\t\t<a class=\"elementor-button elementor-button-link elementor-size-sm\" href=\"https:\/\/www.zentralbeschaffung.ch\/fr\/contact\/\">\n\t\t\t\t\t\t<span class=\"elementor-button-content-wrapper\">\n\t\t\t\t\t\t\t\t\t<span class=\"elementor-button-text\">Demander acc\u00e8s au shop<\/span>\n\t\t\t\t\t<\/span>\n\t\t\t\t\t<\/a>\n\t\t\t\t<\/div>\n\t\t\t\t\t\t\t\t<\/div>\n\t\t\t\t<\/div>\n\t\t\t\t\t<\/div>\n\t\t<\/div>\n\t\t\t\t<div class=\"elementor-column elementor-col-50 elementor-inner-column elementor-element elementor-element-e97f817 order-1\" data-id=\"e97f817\" data-element_type=\"column\">\n\t\t\t<div class=\"elementor-widget-wrap elementor-element-populated\">\n\t\t\t\t\t\t<div class=\"elementor-element elementor-element-8caa792 elementor-invisible elementor-widget elementor-widget-image\" data-id=\"8caa792\" data-element_type=\"widget\" data-settings=\"{&quot;_animation&quot;:&quot;fadeInUp&quot;}\" data-widget_type=\"image.default\">\n\t\t\t\t<div class=\"elementor-widget-container\">\n\t\t\t\t\t\t\t\t\t\t\t\t\t\t\t<img fetchpriority=\"high\" decoding=\"async\" width=\"800\" height=\"480\" src=\"https:\/\/www.zentralbeschaffung.ch\/wp-content\/uploads\/2025\/03\/zbs-shop-mockup-1-scaled-min-1024x614.jpg\" class=\"attachment-large size-large wp-image-4649\" alt=\"\" srcset=\"https:\/\/www.zentralbeschaffung.ch\/wp-content\/uploads\/2025\/03\/zbs-shop-mockup-1-scaled-min-1024x614.jpg 1024w, https:\/\/www.zentralbeschaffung.ch\/wp-content\/uploads\/2025\/03\/zbs-shop-mockup-1-scaled-min-300x180.jpg 300w, https:\/\/www.zentralbeschaffung.ch\/wp-content\/uploads\/2025\/03\/zbs-shop-mockup-1-scaled-min-768x461.jpg 768w, https:\/\/www.zentralbeschaffung.ch\/wp-content\/uploads\/2025\/03\/zbs-shop-mockup-1-scaled-min-1536x922.jpg 1536w, https:\/\/www.zentralbeschaffung.ch\/wp-content\/uploads\/2025\/03\/zbs-shop-mockup-1-scaled-min-2048x1229.jpg 2048w\" sizes=\"(max-width: 800px) 100vw, 800px\" \/>\t\t\t\t\t\t\t\t\t\t\t\t\t\t\t<\/div>\n\t\t\t\t<\/div>\n\t\t\t\t\t<\/div>\n\t\t<\/div>\n\t\t\t\t\t<\/div>\n\t\t<\/section>\n\t\t\t\t\t<\/div>\n\t\t<\/div>\n\t\t\t\t\t<\/div>\n\t\t<\/section>\n\t\t\t\t<\/div>\n\t\t","protected":false},"excerpt":{"rendered":"<p>Plate-forme d&rsquo;achat Nos clients b\u00e9n\u00e9ficient de diff\u00e9rents avantages dans notre boutique en ligne exclusive : Acc\u00e8s exclusif Seuls les clients enregistr\u00e9s ont acc\u00e8s \u00e0 notre boutique, ce qui garantit que nos produits et nos offres ne sont accessibles qu&rsquo;\u00e0 un groupe s\u00e9lectionn\u00e9 de clients. Fournisseurs vari\u00e9s Gr\u00e2ce \u00e0 notre collaboration avec diff\u00e9rents fournisseurs, nous pouvons [&hellip;]<\/p>\n","protected":false},"author":1,"featured_media":3720,"parent":2677,"menu_order":0,"comment_status":"closed","ping_status":"closed","template":"","meta":{"_acf_changed":false,"footnotes":""},"class_list":["post-2686","page","type-page","status-publish","has-post-thumbnail","hentry"],"acf":[],"yoast_head":"<!-- This site is optimized with the Yoast SEO plugin v26.8 - https:\/\/yoast.com\/product\/yoast-seo-wordpress\/ -->\n<title>Plateforme d&#039;approvisionnement - ACS Approvisionnement central Suisse SA<\/title>\n<meta name=\"description\" content=\"Plateforme d&#039;achat efficace pour les collectivit\u00e9s &amp; entreprises: \u00e9quipements, mobilier urbain, signalisation &amp; plus encore. D\u00e9couvrez nos solutions!\" \/>\n<meta name=\"robots\" content=\"index, follow, max-snippet:-1, max-image-preview:large, max-video-preview:-1\" \/>\n<link rel=\"canonical\" href=\"https:\/\/www.zentralbeschaffung.ch\/einkaufsgemeinschaft\/beschaffungsplattform\/\" \/>\n<meta property=\"og:locale\" content=\"fr_FR\" \/>\n<meta property=\"og:type\" content=\"article\" \/>\n<meta property=\"og:title\" content=\"Plateforme d&#039;approvisionnement - ACS Approvisionnement central Suisse SA\" \/>\n<meta property=\"og:description\" content=\"Plateforme d&#039;achat efficace pour les collectivit\u00e9s &amp; entreprises: \u00e9quipements, mobilier urbain, signalisation &amp; plus encore. D\u00e9couvrez nos solutions!\" \/>\n<meta property=\"og:url\" content=\"https:\/\/www.zentralbeschaffung.ch\/einkaufsgemeinschaft\/beschaffungsplattform\/\" \/>\n<meta property=\"og:site_name\" content=\"ACS Approvisionnement central Suisse SA\" \/>\n<meta property=\"article:modified_time\" content=\"2025-04-14T14:23:28+00:00\" \/>\n<meta property=\"og:image\" content=\"https:\/\/www.zentralbeschaffung.ch\/wp-content\/uploads\/2023\/10\/zbs-shop-mockup-1-scaled.jpg\" \/>\n\t<meta property=\"og:image:width\" content=\"2560\" \/>\n\t<meta property=\"og:image:height\" content=\"1536\" \/>\n\t<meta property=\"og:image:type\" content=\"image\/jpeg\" \/>\n<meta name=\"twitter:card\" content=\"summary_large_image\" \/>\n<meta name=\"twitter:label1\" content=\"Dur\u00e9e de lecture estim\u00e9e\" \/>\n\t<meta name=\"twitter:data1\" content=\"2 minutes\" \/>\n<script type=\"application\/ld+json\" class=\"yoast-schema-graph\">{\"@context\":\"https:\/\/schema.org\",\"@graph\":[{\"@type\":\"WebPage\",\"@id\":\"https:\/\/www.zentralbeschaffung.ch\/einkaufsgemeinschaft\/beschaffungsplattform\/\",\"url\":\"https:\/\/www.zentralbeschaffung.ch\/einkaufsgemeinschaft\/beschaffungsplattform\/\",\"name\":\"Plateforme d'approvisionnement - ACS Approvisionnement central Suisse SA\",\"isPartOf\":{\"@id\":\"https:\/\/www.zentralbeschaffung.ch\/#website\"},\"primaryImageOfPage\":{\"@id\":\"https:\/\/www.zentralbeschaffung.ch\/einkaufsgemeinschaft\/beschaffungsplattform\/#primaryimage\"},\"image\":{\"@id\":\"https:\/\/www.zentralbeschaffung.ch\/einkaufsgemeinschaft\/beschaffungsplattform\/#primaryimage\"},\"thumbnailUrl\":\"https:\/\/www.zentralbeschaffung.ch\/wp-content\/uploads\/2023\/10\/zbs-shop-mockup-1-scaled.jpg\",\"datePublished\":\"2023-10-12T09:43:52+00:00\",\"dateModified\":\"2025-04-14T14:23:28+00:00\",\"description\":\"Plateforme d'achat efficace pour les collectivit\u00e9s & entreprises: \u00e9quipements, mobilier urbain, signalisation & plus encore. D\u00e9couvrez nos solutions!\",\"breadcrumb\":{\"@id\":\"https:\/\/www.zentralbeschaffung.ch\/einkaufsgemeinschaft\/beschaffungsplattform\/#breadcrumb\"},\"inLanguage\":\"fr-FR\",\"potentialAction\":[{\"@type\":\"ReadAction\",\"target\":[\"https:\/\/www.zentralbeschaffung.ch\/einkaufsgemeinschaft\/beschaffungsplattform\/\"]}]},{\"@type\":\"ImageObject\",\"inLanguage\":\"fr-FR\",\"@id\":\"https:\/\/www.zentralbeschaffung.ch\/einkaufsgemeinschaft\/beschaffungsplattform\/#primaryimage\",\"url\":\"https:\/\/www.zentralbeschaffung.ch\/wp-content\/uploads\/2023\/10\/zbs-shop-mockup-1-scaled.jpg\",\"contentUrl\":\"https:\/\/www.zentralbeschaffung.ch\/wp-content\/uploads\/2023\/10\/zbs-shop-mockup-1-scaled.jpg\",\"width\":2560,\"height\":1536},{\"@type\":\"BreadcrumbList\",\"@id\":\"https:\/\/www.zentralbeschaffung.ch\/einkaufsgemeinschaft\/beschaffungsplattform\/#breadcrumb\",\"itemListElement\":[{\"@type\":\"ListItem\",\"position\":1,\"name\":\"Startseite\",\"item\":\"https:\/\/www.zentralbeschaffung.ch\/fr\/\"},{\"@type\":\"ListItem\",\"position\":2,\"name\":\"Groupement d\u2019achats\",\"item\":\"https:\/\/www.zentralbeschaffung.ch\/fr\/groupement-dachats\/\"},{\"@type\":\"ListItem\",\"position\":3,\"name\":\"Plateforme d&#8217;approvisionnement\"}]},{\"@type\":\"WebSite\",\"@id\":\"https:\/\/www.zentralbeschaffung.ch\/#website\",\"url\":\"https:\/\/www.zentralbeschaffung.ch\/\",\"name\":\"ZBS Zentralbeschaffung\",\"description\":\"\",\"publisher\":{\"@id\":\"https:\/\/www.zentralbeschaffung.ch\/#organization\"},\"potentialAction\":[{\"@type\":\"SearchAction\",\"target\":{\"@type\":\"EntryPoint\",\"urlTemplate\":\"https:\/\/www.zentralbeschaffung.ch\/?s={search_term_string}\"},\"query-input\":{\"@type\":\"PropertyValueSpecification\",\"valueRequired\":true,\"valueName\":\"search_term_string\"}}],\"inLanguage\":\"fr-FR\"},{\"@type\":\"Organization\",\"@id\":\"https:\/\/www.zentralbeschaffung.ch\/#organization\",\"name\":\"ZBS Zentralbeschaffung\",\"url\":\"https:\/\/www.zentralbeschaffung.ch\/\",\"logo\":{\"@type\":\"ImageObject\",\"inLanguage\":\"fr-FR\",\"@id\":\"https:\/\/www.zentralbeschaffung.ch\/#\/schema\/logo\/image\/\",\"url\":\"https:\/\/www.zentralbeschaffung.ch\/wp-content\/uploads\/2025\/04\/Logo_ZBS_farbig-1.svg\",\"contentUrl\":\"https:\/\/www.zentralbeschaffung.ch\/wp-content\/uploads\/2025\/04\/Logo_ZBS_farbig-1.svg\",\"width\":378,\"height\":93,\"caption\":\"ZBS Zentralbeschaffung\"},\"image\":{\"@id\":\"https:\/\/www.zentralbeschaffung.ch\/#\/schema\/logo\/image\/\"}}]}<\/script>\n<!-- \/ Yoast SEO plugin. -->","yoast_head_json":{"title":"Plateforme d'approvisionnement - ACS Approvisionnement central Suisse SA","description":"Plateforme d'achat efficace pour les collectivit\u00e9s & entreprises: \u00e9quipements, mobilier urbain, signalisation & plus encore. D\u00e9couvrez nos solutions!","robots":{"index":"index","follow":"follow","max-snippet":"max-snippet:-1","max-image-preview":"max-image-preview:large","max-video-preview":"max-video-preview:-1"},"canonical":"https:\/\/www.zentralbeschaffung.ch\/einkaufsgemeinschaft\/beschaffungsplattform\/","og_locale":"fr_FR","og_type":"article","og_title":"Plateforme d'approvisionnement - ACS Approvisionnement central Suisse SA","og_description":"Plateforme d'achat efficace pour les collectivit\u00e9s & entreprises: \u00e9quipements, mobilier urbain, signalisation & plus encore. D\u00e9couvrez nos solutions!","og_url":"https:\/\/www.zentralbeschaffung.ch\/einkaufsgemeinschaft\/beschaffungsplattform\/","og_site_name":"ACS Approvisionnement central Suisse SA","article_modified_time":"2025-04-14T14:23:28+00:00","og_image":[{"width":2560,"height":1536,"url":"https:\/\/www.zentralbeschaffung.ch\/wp-content\/uploads\/2023\/10\/zbs-shop-mockup-1-scaled.jpg","type":"image\/jpeg"}],"twitter_card":"summary_large_image","twitter_misc":{"Dur\u00e9e de lecture estim\u00e9e":"2 minutes"},"schema":{"@context":"https:\/\/schema.org","@graph":[{"@type":"WebPage","@id":"https:\/\/www.zentralbeschaffung.ch\/einkaufsgemeinschaft\/beschaffungsplattform\/","url":"https:\/\/www.zentralbeschaffung.ch\/einkaufsgemeinschaft\/beschaffungsplattform\/","name":"Plateforme d'approvisionnement - ACS Approvisionnement central Suisse SA","isPartOf":{"@id":"https:\/\/www.zentralbeschaffung.ch\/#website"},"primaryImageOfPage":{"@id":"https:\/\/www.zentralbeschaffung.ch\/einkaufsgemeinschaft\/beschaffungsplattform\/#primaryimage"},"image":{"@id":"https:\/\/www.zentralbeschaffung.ch\/einkaufsgemeinschaft\/beschaffungsplattform\/#primaryimage"},"thumbnailUrl":"https:\/\/www.zentralbeschaffung.ch\/wp-content\/uploads\/2023\/10\/zbs-shop-mockup-1-scaled.jpg","datePublished":"2023-10-12T09:43:52+00:00","dateModified":"2025-04-14T14:23:28+00:00","description":"Plateforme d'achat efficace pour les collectivit\u00e9s & entreprises: \u00e9quipements, mobilier urbain, signalisation & plus encore. D\u00e9couvrez nos solutions!","breadcrumb":{"@id":"https:\/\/www.zentralbeschaffung.ch\/einkaufsgemeinschaft\/beschaffungsplattform\/#breadcrumb"},"inLanguage":"fr-FR","potentialAction":[{"@type":"ReadAction","target":["https:\/\/www.zentralbeschaffung.ch\/einkaufsgemeinschaft\/beschaffungsplattform\/"]}]},{"@type":"ImageObject","inLanguage":"fr-FR","@id":"https:\/\/www.zentralbeschaffung.ch\/einkaufsgemeinschaft\/beschaffungsplattform\/#primaryimage","url":"https:\/\/www.zentralbeschaffung.ch\/wp-content\/uploads\/2023\/10\/zbs-shop-mockup-1-scaled.jpg","contentUrl":"https:\/\/www.zentralbeschaffung.ch\/wp-content\/uploads\/2023\/10\/zbs-shop-mockup-1-scaled.jpg","width":2560,"height":1536},{"@type":"BreadcrumbList","@id":"https:\/\/www.zentralbeschaffung.ch\/einkaufsgemeinschaft\/beschaffungsplattform\/#breadcrumb","itemListElement":[{"@type":"ListItem","position":1,"name":"Startseite","item":"https:\/\/www.zentralbeschaffung.ch\/fr\/"},{"@type":"ListItem","position":2,"name":"Groupement d\u2019achats","item":"https:\/\/www.zentralbeschaffung.ch\/fr\/groupement-dachats\/"},{"@type":"ListItem","position":3,"name":"Plateforme d&#8217;approvisionnement"}]},{"@type":"WebSite","@id":"https:\/\/www.zentralbeschaffung.ch\/#website","url":"https:\/\/www.zentralbeschaffung.ch\/","name":"ZBS Zentralbeschaffung","description":"","publisher":{"@id":"https:\/\/www.zentralbeschaffung.ch\/#organization"},"potentialAction":[{"@type":"SearchAction","target":{"@type":"EntryPoint","urlTemplate":"https:\/\/www.zentralbeschaffung.ch\/?s={search_term_string}"},"query-input":{"@type":"PropertyValueSpecification","valueRequired":true,"valueName":"search_term_string"}}],"inLanguage":"fr-FR"},{"@type":"Organization","@id":"https:\/\/www.zentralbeschaffung.ch\/#organization","name":"ZBS Zentralbeschaffung","url":"https:\/\/www.zentralbeschaffung.ch\/","logo":{"@type":"ImageObject","inLanguage":"fr-FR","@id":"https:\/\/www.zentralbeschaffung.ch\/#\/schema\/logo\/image\/","url":"https:\/\/www.zentralbeschaffung.ch\/wp-content\/uploads\/2025\/04\/Logo_ZBS_farbig-1.svg","contentUrl":"https:\/\/www.zentralbeschaffung.ch\/wp-content\/uploads\/2025\/04\/Logo_ZBS_farbig-1.svg","width":378,"height":93,"caption":"ZBS Zentralbeschaffung"},"image":{"@id":"https:\/\/www.zentralbeschaffung.ch\/#\/schema\/logo\/image\/"}}]}},"_links":{"self":[{"href":"https:\/\/www.zentralbeschaffung.ch\/fr\/wp-json\/wp\/v2\/pages\/2686","targetHints":{"allow":["GET"]}}],"collection":[{"href":"https:\/\/www.zentralbeschaffung.ch\/fr\/wp-json\/wp\/v2\/pages"}],"about":[{"href":"https:\/\/www.zentralbeschaffung.ch\/fr\/wp-json\/wp\/v2\/types\/page"}],"author":[{"embeddable":true,"href":"https:\/\/www.zentralbeschaffung.ch\/fr\/wp-json\/wp\/v2\/users\/1"}],"replies":[{"embeddable":true,"href":"https:\/\/www.zentralbeschaffung.ch\/fr\/wp-json\/wp\/v2\/comments?post=2686"}],"version-history":[{"count":65,"href":"https:\/\/www.zentralbeschaffung.ch\/fr\/wp-json\/wp\/v2\/pages\/2686\/revisions"}],"predecessor-version":[{"id":4822,"href":"https:\/\/www.zentralbeschaffung.ch\/fr\/wp-json\/wp\/v2\/pages\/2686\/revisions\/4822"}],"up":[{"embeddable":true,"href":"https:\/\/www.zentralbeschaffung.ch\/fr\/wp-json\/wp\/v2\/pages\/2677"}],"wp:featuredmedia":[{"embeddable":true,"href":"https:\/\/www.zentralbeschaffung.ch\/fr\/wp-json\/wp\/v2\/media\/3720"}],"wp:attachment":[{"href":"https:\/\/www.zentralbeschaffung.ch\/fr\/wp-json\/wp\/v2\/media?parent=2686"}],"curies":[{"name":"wp","href":"https:\/\/api.w.org\/{rel}","templated":true}]}}