{"id":2691,"date":"2023-10-11T08:54:32","date_gmt":"2023-10-11T08:54:32","guid":{"rendered":"https:\/\/www.zentralbeschaffung.ch\/groupement-dachats\/angebot\/"},"modified":"2025-04-14T14:19:16","modified_gmt":"2025-04-14T14:19:16","slug":"offre","status":"publish","type":"page","link":"https:\/\/www.zentralbeschaffung.ch\/fr\/groupement-dachats\/offre\/","title":{"rendered":"Offre"},"content":{"rendered":"\t\t<div data-elementor-type=\"wp-page\" data-elementor-id=\"2691\" class=\"elementor elementor-2691 elementor-275\" data-elementor-post-type=\"page\">\n\t\t\t\t\t\t<section class=\"elementor-section elementor-top-section elementor-element elementor-element-b055036 elementor-section-boxed elementor-section-height-default elementor-section-height-default\" data-id=\"b055036\" data-element_type=\"section\">\n\t\t\t\t\t\t<div class=\"elementor-container elementor-column-gap-default\">\n\t\t\t\t\t<div class=\"elementor-column elementor-col-100 elementor-top-column elementor-element elementor-element-40f0f51\" data-id=\"40f0f51\" data-element_type=\"column\">\n\t\t\t<div class=\"elementor-widget-wrap elementor-element-populated\">\n\t\t\t\t\t\t<div class=\"elementor-element elementor-element-3a148bc elementor-widget elementor-widget-text-editor\" data-id=\"3a148bc\" data-element_type=\"widget\" data-widget_type=\"text-editor.default\">\n\t\t\t\t<div class=\"elementor-widget-container\">\n\t\t\t\t\t\t\t\t\t<h1>La communaut\u00e9 pour l&rsquo;achat<\/h1>\t\t\t\t\t\t\t\t<\/div>\n\t\t\t\t<\/div>\n\t\t\t\t<section class=\"elementor-section elementor-inner-section elementor-element elementor-element-7d31804 elementor-section-boxed elementor-section-height-default elementor-section-height-default\" data-id=\"7d31804\" data-element_type=\"section\">\n\t\t\t\t\t\t<div class=\"elementor-container elementor-column-gap-wide\">\n\t\t\t\t\t<div class=\"elementor-column elementor-col-50 elementor-inner-column elementor-element elementor-element-9b454b8 order-2\" data-id=\"9b454b8\" data-element_type=\"column\">\n\t\t\t<div class=\"elementor-widget-wrap elementor-element-populated\">\n\t\t\t\t\t\t<div class=\"elementor-element elementor-element-d196480 elementor-widget elementor-widget-text-editor\" data-id=\"d196480\" data-element_type=\"widget\" data-widget_type=\"text-editor.default\">\n\t\t\t\t<div class=\"elementor-widget-container\">\n\t\t\t\t\t\t\t\t\tSouhaitez-vous acheter aux m\u00eame conditions que les gros clients de longue date ? \u00cates-vous int\u00e9ress\u00e9 par des conditions d\u2019achat administrativement avantageuses ? Cela vaut alors la peine de consulter notre offre attrayante.\t\t\t\t\t\t\t\t<\/div>\n\t\t\t\t<\/div>\n\t\t\t\t<div class=\"elementor-element elementor-element-b03590c elementor-widget elementor-widget-text-editor\" data-id=\"b03590c\" data-element_type=\"widget\" data-widget_type=\"text-editor.default\">\n\t\t\t\t<div class=\"elementor-widget-container\">\n\t\t\t\t\t\t\t\t\t<h3>Regroupement<\/h3><p>Le fait que les grandes quantit\u00e9s command\u00e9es sont souvent associ\u00e9es \u00e0 des conditions plus attrayantes n\u2019a rien de nouveau. Mais l\u2019utilisation du potentiel de volumes d\u2019achats regroup\u00e9s est peut-\u00eatre une nouveaut\u00e9. Ceci est possible avec l&rsquo;ACS Approvisionnement central. Gr\u00e2ce au regroupement ou pooling d\u2019un volume d\u2019achats d\u2019environ 290 millions CHF, vous profitez \u00e9galement en tant que petite ou moyenne entreprise du pouvoir de n\u00e9gociation d&rsquo;un gros client. En cons\u00e9quence, les fournisseurs garantissent des conditions int\u00e9ressantes et peuvent offrir des prix d\u2019achat plus bas \u00e0 votre entreprise.<\/p>\t\t\t\t\t\t\t\t<\/div>\n\t\t\t\t<\/div>\n\t\t\t\t\t<\/div>\n\t\t<\/div>\n\t\t\t\t<div class=\"elementor-column elementor-col-50 elementor-inner-column elementor-element elementor-element-e97f817 order-1\" data-id=\"e97f817\" data-element_type=\"column\">\n\t\t\t<div class=\"elementor-widget-wrap elementor-element-populated\">\n\t\t\t\t\t\t<div class=\"elementor-element elementor-element-8caa792 elementor-invisible elementor-widget elementor-widget-image\" data-id=\"8caa792\" data-element_type=\"widget\" data-settings=\"{&quot;_animation&quot;:&quot;fadeInUp&quot;}\" data-widget_type=\"image.default\">\n\t\t\t\t<div class=\"elementor-widget-container\">\n\t\t\t\t\t\t\t\t\t\t\t\t\t\t\t<img fetchpriority=\"high\" decoding=\"async\" width=\"800\" height=\"684\" src=\"https:\/\/www.zentralbeschaffung.ch\/wp-content\/uploads\/2025\/03\/ZBS-Zentralbeschaffung-Schweiz-AG-Einkaufsgemeinschaft-min-1024x875.jpg\" class=\"attachment-large size-large wp-image-4632\" alt=\"\" srcset=\"https:\/\/www.zentralbeschaffung.ch\/wp-content\/uploads\/2025\/03\/ZBS-Zentralbeschaffung-Schweiz-AG-Einkaufsgemeinschaft-min-1024x875.jpg 1024w, https:\/\/www.zentralbeschaffung.ch\/wp-content\/uploads\/2025\/03\/ZBS-Zentralbeschaffung-Schweiz-AG-Einkaufsgemeinschaft-min-300x256.jpg 300w, https:\/\/www.zentralbeschaffung.ch\/wp-content\/uploads\/2025\/03\/ZBS-Zentralbeschaffung-Schweiz-AG-Einkaufsgemeinschaft-min-768x656.jpg 768w, https:\/\/www.zentralbeschaffung.ch\/wp-content\/uploads\/2025\/03\/ZBS-Zentralbeschaffung-Schweiz-AG-Einkaufsgemeinschaft-min-1536x1312.jpg 1536w, https:\/\/www.zentralbeschaffung.ch\/wp-content\/uploads\/2025\/03\/ZBS-Zentralbeschaffung-Schweiz-AG-Einkaufsgemeinschaft-min.jpg 1920w\" sizes=\"(max-width: 800px) 100vw, 800px\" \/>\t\t\t\t\t\t\t\t\t\t\t\t\t\t\t<\/div>\n\t\t\t\t<\/div>\n\t\t\t\t\t<\/div>\n\t\t<\/div>\n\t\t\t\t\t<\/div>\n\t\t<\/section>\n\t\t\t\t<div class=\"elementor-element elementor-element-025411b elementor-widget elementor-widget-text-editor\" data-id=\"025411b\" data-element_type=\"widget\" data-widget_type=\"text-editor.default\">\n\t\t\t\t<div class=\"elementor-widget-container\">\n\t\t\t\t\t\t\t\t\t<h3>Plateforme d\u2019achat et d&rsquo;information centrale<\/h3><p>Votre travail quotidien ressemble peut-\u00eatre \u00e0 ce qui suit : Cela vous prend du temps d\u2019obtenir une vue d\u2019ensemble des fournisseurs appropri\u00e9s. Vous les contactez ensuite et vous effectuez probablement plusieurs tentatives pour entrer en relation avec un interlocuteur comp\u00e9tent. Vous attendez finalement plus ou moins longtemps des offres avant de pouvoir effectuer une comparaison. Si ceci correspond actuellement \u00e0 la r\u00e9alit\u00e9 du service des achats de votre entreprise et si vous aspirez \u00e0 une optimisation et simplification de ces derniers, l&rsquo;ACS Approvisionnement central est un instrument convaincant et facile \u00e0 utiliser avec sa plateforme d\u2019achat et d&rsquo;information centrale. Il vous suffit de vous connecter pour acc\u00e9der \u00e0 une plateforme en ligne transparente. Cette plateforme num\u00e9rique et professionnelle vous offre une connexion directe avec plus de 350 grands fabricants et fournisseurs. Con\u00e7ue pour une navigation simple et rapide, vous trouverez rapidement ce que vous cherchez sur la plateforme d\u2019achat et d&rsquo;information centrale, gr\u00e2ce \u00e0 la fonction de recherche ou \u00e0 une gamme clairement agenc\u00e9e. Une fonction de comparaison et une fonction d\u2019aide-m\u00e9moire augmentent sensiblement l\u2019efficacit\u00e9 de votre processus d\u2019achats \u2013 et tout ceci 24h\/24 et 7j\/7 et avec un identifiant unique.<\/p><h3>Simplification de l\u2019ensemble des processus d\u2019achat<\/h3><p>Avec un processus d\u2019achat simplifi\u00e9, vous faites \u00e9conomiser du temps et de l\u2019argent \u00e0 votre entreprise. Alors que la plateforme d\u2019achat et d&rsquo;information centrale est particuli\u00e8rement avantageuse lors de la s\u00e9lection de l&rsquo;offre adapt\u00e9e, vos possibilit\u00e9s d\u2019un processus d\u2019achat simplifi\u00e9 ne sont ainsi pas encore totalement \u00e9puis\u00e9es. En effet, la centrale d\u2019achat ZSB a compos\u00e9 pour vous une solution globale. Elle d\u00e9bute avec le demande de prix sans effort, se poursuit avec le traitement pratique des bons de livraison et prend fin lors du transfert de fonds et de l\u2019archivage des factures int\u00e9gr\u00e9 dans le processus.<\/p><h3>All\u00e8gement des processus administratifs<\/h3><p>Des achats opportuns et efficaces permettent non seulement \u00e0 votre entreprise de r\u00e9aliser une plus-value sous forme de conditions avantageuses. Ils se caract\u00e9risent \u00e9galement par des processus administratifs rationalis\u00e9s. Ceci est indispensable pour faire des \u00e9conomies de co\u00fbt et de temps. Les op\u00e9rations actuellement souvent analogues ne sont ainsi pas un mod\u00e8le de demain. Cela concerne \u00e9galement les processus \u00e9tablis sur des documents PDF. Car le flux de papier et de PDF implique un travail complexe. En revanche, l&rsquo;ACS Approvisionnement central vous permet d\u2019acc\u00e9der \u00e0 des processus globalement digitalis\u00e9s. Nous vous offrons un format de donn\u00e9es unique et digital. Au moyen d\u2019une interface, il est possible de l\u2019importer dans l\u2019ERP de votre entreprise et de le traiter sans probl\u00e8me.<\/p><h3>Plateforme pour l\u2019\u00e9change d&rsquo;informations<\/h3><p>Dans notre soci\u00e9t\u00e9 de l&rsquo;information, les termes \u00abConnaissances\u00bb et \u00abInterconnexion\u00bb ont une signification centrale. L&rsquo;ACS Approvisionnement central offre \u00e9galement \u00e0 ses clients de nombreux avantages. D\u2019une part, nous employons des professionnels qui vous assistent avec professionnalisme et connaissance de la branche et peuvent ainsi acc\u00e9der \u00e0 des r\u00e9seaux tr\u00e8s \u00e9tendus. D\u2019autre part, nous vous offrons, avec des activit\u00e9s s\u00e9lectionn\u00e9es, la possibilit\u00e9 de d\u00e9velopper vos connaissances et d\u2019\u00e9changer avec d\u2019autres clients.<\/p>\t\t\t\t\t\t\t\t<\/div>\n\t\t\t\t<\/div>\n\t\t\t\t\t<\/div>\n\t\t<\/div>\n\t\t\t\t\t<\/div>\n\t\t<\/section>\n\t\t\t\t<\/div>\n\t\t","protected":false},"excerpt":{"rendered":"<p>La communaut\u00e9 pour l&rsquo;achat Souhaitez-vous acheter aux m\u00eame conditions que les gros clients de longue date ? \u00cates-vous int\u00e9ress\u00e9 par des conditions d\u2019achat administrativement avantageuses ? Cela vaut alors la peine de consulter notre offre attrayante. Regroupement Le fait que les grandes quantit\u00e9s command\u00e9es sont souvent associ\u00e9es \u00e0 des conditions plus attrayantes n\u2019a rien de [&hellip;]<\/p>\n","protected":false},"author":1,"featured_media":4632,"parent":2677,"menu_order":0,"comment_status":"closed","ping_status":"closed","template":"","meta":{"_acf_changed":false,"footnotes":""},"class_list":["post-2691","page","type-page","status-publish","has-post-thumbnail","hentry"],"acf":[],"yoast_head":"<!-- This site is optimized with the Yoast SEO plugin v26.8 - https:\/\/yoast.com\/product\/yoast-seo-wordpress\/ -->\n<title>Offre - ACS Approvisionnement central Suisse SA<\/title>\n<meta name=\"description\" content=\"Souhaitez-vous acheter aux m\u00eame conditions que les gros clients de longue date ? \u00cates-vous int\u00e9ress\u00e9 par des conditions d\u2019achat administrativement avantageuses ? Cela vaut alors la peine de consulter notre offre attrayante.\" \/>\n<meta name=\"robots\" content=\"index, follow, max-snippet:-1, max-image-preview:large, max-video-preview:-1\" \/>\n<link rel=\"canonical\" href=\"https:\/\/www.zentralbeschaffung.ch\/fr\/groupement-dachats\/offre\/\" \/>\n<meta property=\"og:locale\" content=\"fr_FR\" \/>\n<meta property=\"og:type\" content=\"article\" \/>\n<meta property=\"og:title\" content=\"Offre - ACS Approvisionnement central Suisse SA\" \/>\n<meta property=\"og:description\" content=\"Souhaitez-vous acheter aux m\u00eame conditions que les gros clients de longue date ? \u00cates-vous int\u00e9ress\u00e9 par des conditions d\u2019achat administrativement avantageuses ? Cela vaut alors la peine de consulter notre offre attrayante.\" \/>\n<meta property=\"og:url\" content=\"https:\/\/www.zentralbeschaffung.ch\/fr\/groupement-dachats\/offre\/\" \/>\n<meta property=\"og:site_name\" content=\"ACS Approvisionnement central Suisse SA\" \/>\n<meta property=\"article:modified_time\" content=\"2025-04-14T14:19:16+00:00\" \/>\n<meta property=\"og:image\" content=\"https:\/\/www.zentralbeschaffung.ch\/wp-content\/uploads\/2025\/03\/ZBS-Zentralbeschaffung-Schweiz-AG-Einkaufsgemeinschaft-min.jpg\" \/>\n\t<meta property=\"og:image:width\" content=\"1920\" \/>\n\t<meta property=\"og:image:height\" content=\"1640\" \/>\n\t<meta property=\"og:image:type\" content=\"image\/jpeg\" \/>\n<meta name=\"twitter:card\" content=\"summary_large_image\" \/>\n<meta name=\"twitter:label1\" content=\"Dur\u00e9e de lecture estim\u00e9e\" \/>\n\t<meta name=\"twitter:data1\" content=\"4 minutes\" \/>\n<script type=\"application\/ld+json\" class=\"yoast-schema-graph\">{\"@context\":\"https:\/\/schema.org\",\"@graph\":[{\"@type\":\"WebPage\",\"@id\":\"https:\/\/www.zentralbeschaffung.ch\/fr\/groupement-dachats\/offre\/\",\"url\":\"https:\/\/www.zentralbeschaffung.ch\/fr\/groupement-dachats\/offre\/\",\"name\":\"Offre - ACS Approvisionnement central Suisse SA\",\"isPartOf\":{\"@id\":\"https:\/\/www.zentralbeschaffung.ch\/#website\"},\"primaryImageOfPage\":{\"@id\":\"https:\/\/www.zentralbeschaffung.ch\/fr\/groupement-dachats\/offre\/#primaryimage\"},\"image\":{\"@id\":\"https:\/\/www.zentralbeschaffung.ch\/fr\/groupement-dachats\/offre\/#primaryimage\"},\"thumbnailUrl\":\"https:\/\/www.zentralbeschaffung.ch\/wp-content\/uploads\/2025\/03\/ZBS-Zentralbeschaffung-Schweiz-AG-Einkaufsgemeinschaft-min.jpg\",\"datePublished\":\"2023-10-11T08:54:32+00:00\",\"dateModified\":\"2025-04-14T14:19:16+00:00\",\"description\":\"Souhaitez-vous acheter aux m\u00eame conditions que les gros clients de longue date ? \u00cates-vous int\u00e9ress\u00e9 par des conditions d\u2019achat administrativement avantageuses ? Cela vaut alors la peine de consulter notre offre attrayante.\",\"breadcrumb\":{\"@id\":\"https:\/\/www.zentralbeschaffung.ch\/fr\/groupement-dachats\/offre\/#breadcrumb\"},\"inLanguage\":\"fr-FR\",\"potentialAction\":[{\"@type\":\"ReadAction\",\"target\":[\"https:\/\/www.zentralbeschaffung.ch\/fr\/groupement-dachats\/offre\/\"]}]},{\"@type\":\"ImageObject\",\"inLanguage\":\"fr-FR\",\"@id\":\"https:\/\/www.zentralbeschaffung.ch\/fr\/groupement-dachats\/offre\/#primaryimage\",\"url\":\"https:\/\/www.zentralbeschaffung.ch\/wp-content\/uploads\/2025\/03\/ZBS-Zentralbeschaffung-Schweiz-AG-Einkaufsgemeinschaft-min.jpg\",\"contentUrl\":\"https:\/\/www.zentralbeschaffung.ch\/wp-content\/uploads\/2025\/03\/ZBS-Zentralbeschaffung-Schweiz-AG-Einkaufsgemeinschaft-min.jpg\",\"width\":1920,\"height\":1640},{\"@type\":\"BreadcrumbList\",\"@id\":\"https:\/\/www.zentralbeschaffung.ch\/fr\/groupement-dachats\/offre\/#breadcrumb\",\"itemListElement\":[{\"@type\":\"ListItem\",\"position\":1,\"name\":\"Startseite\",\"item\":\"https:\/\/www.zentralbeschaffung.ch\/fr\/\"},{\"@type\":\"ListItem\",\"position\":2,\"name\":\"Groupement d\u2019achats\",\"item\":\"https:\/\/www.zentralbeschaffung.ch\/fr\/groupement-dachats\/\"},{\"@type\":\"ListItem\",\"position\":3,\"name\":\"Offre\"}]},{\"@type\":\"WebSite\",\"@id\":\"https:\/\/www.zentralbeschaffung.ch\/#website\",\"url\":\"https:\/\/www.zentralbeschaffung.ch\/\",\"name\":\"ZBS Zentralbeschaffung\",\"description\":\"\",\"publisher\":{\"@id\":\"https:\/\/www.zentralbeschaffung.ch\/#organization\"},\"potentialAction\":[{\"@type\":\"SearchAction\",\"target\":{\"@type\":\"EntryPoint\",\"urlTemplate\":\"https:\/\/www.zentralbeschaffung.ch\/?s={search_term_string}\"},\"query-input\":{\"@type\":\"PropertyValueSpecification\",\"valueRequired\":true,\"valueName\":\"search_term_string\"}}],\"inLanguage\":\"fr-FR\"},{\"@type\":\"Organization\",\"@id\":\"https:\/\/www.zentralbeschaffung.ch\/#organization\",\"name\":\"ZBS Zentralbeschaffung\",\"url\":\"https:\/\/www.zentralbeschaffung.ch\/\",\"logo\":{\"@type\":\"ImageObject\",\"inLanguage\":\"fr-FR\",\"@id\":\"https:\/\/www.zentralbeschaffung.ch\/#\/schema\/logo\/image\/\",\"url\":\"https:\/\/www.zentralbeschaffung.ch\/wp-content\/uploads\/2025\/04\/Logo_ZBS_farbig-1.svg\",\"contentUrl\":\"https:\/\/www.zentralbeschaffung.ch\/wp-content\/uploads\/2025\/04\/Logo_ZBS_farbig-1.svg\",\"width\":378,\"height\":93,\"caption\":\"ZBS Zentralbeschaffung\"},\"image\":{\"@id\":\"https:\/\/www.zentralbeschaffung.ch\/#\/schema\/logo\/image\/\"}}]}<\/script>\n<!-- \/ Yoast SEO plugin. -->","yoast_head_json":{"title":"Offre - ACS Approvisionnement central Suisse SA","description":"Souhaitez-vous acheter aux m\u00eame conditions que les gros clients de longue date ? \u00cates-vous int\u00e9ress\u00e9 par des conditions d\u2019achat administrativement avantageuses ? Cela vaut alors la peine de consulter notre offre attrayante.","robots":{"index":"index","follow":"follow","max-snippet":"max-snippet:-1","max-image-preview":"max-image-preview:large","max-video-preview":"max-video-preview:-1"},"canonical":"https:\/\/www.zentralbeschaffung.ch\/fr\/groupement-dachats\/offre\/","og_locale":"fr_FR","og_type":"article","og_title":"Offre - ACS Approvisionnement central Suisse SA","og_description":"Souhaitez-vous acheter aux m\u00eame conditions que les gros clients de longue date ? \u00cates-vous int\u00e9ress\u00e9 par des conditions d\u2019achat administrativement avantageuses ? Cela vaut alors la peine de consulter notre offre attrayante.","og_url":"https:\/\/www.zentralbeschaffung.ch\/fr\/groupement-dachats\/offre\/","og_site_name":"ACS Approvisionnement central Suisse SA","article_modified_time":"2025-04-14T14:19:16+00:00","og_image":[{"width":1920,"height":1640,"url":"https:\/\/www.zentralbeschaffung.ch\/wp-content\/uploads\/2025\/03\/ZBS-Zentralbeschaffung-Schweiz-AG-Einkaufsgemeinschaft-min.jpg","type":"image\/jpeg"}],"twitter_card":"summary_large_image","twitter_misc":{"Dur\u00e9e de lecture estim\u00e9e":"4 minutes"},"schema":{"@context":"https:\/\/schema.org","@graph":[{"@type":"WebPage","@id":"https:\/\/www.zentralbeschaffung.ch\/fr\/groupement-dachats\/offre\/","url":"https:\/\/www.zentralbeschaffung.ch\/fr\/groupement-dachats\/offre\/","name":"Offre - ACS Approvisionnement central Suisse SA","isPartOf":{"@id":"https:\/\/www.zentralbeschaffung.ch\/#website"},"primaryImageOfPage":{"@id":"https:\/\/www.zentralbeschaffung.ch\/fr\/groupement-dachats\/offre\/#primaryimage"},"image":{"@id":"https:\/\/www.zentralbeschaffung.ch\/fr\/groupement-dachats\/offre\/#primaryimage"},"thumbnailUrl":"https:\/\/www.zentralbeschaffung.ch\/wp-content\/uploads\/2025\/03\/ZBS-Zentralbeschaffung-Schweiz-AG-Einkaufsgemeinschaft-min.jpg","datePublished":"2023-10-11T08:54:32+00:00","dateModified":"2025-04-14T14:19:16+00:00","description":"Souhaitez-vous acheter aux m\u00eame conditions que les gros clients de longue date ? \u00cates-vous int\u00e9ress\u00e9 par des conditions d\u2019achat administrativement avantageuses ? Cela vaut alors la peine de consulter notre offre attrayante.","breadcrumb":{"@id":"https:\/\/www.zentralbeschaffung.ch\/fr\/groupement-dachats\/offre\/#breadcrumb"},"inLanguage":"fr-FR","potentialAction":[{"@type":"ReadAction","target":["https:\/\/www.zentralbeschaffung.ch\/fr\/groupement-dachats\/offre\/"]}]},{"@type":"ImageObject","inLanguage":"fr-FR","@id":"https:\/\/www.zentralbeschaffung.ch\/fr\/groupement-dachats\/offre\/#primaryimage","url":"https:\/\/www.zentralbeschaffung.ch\/wp-content\/uploads\/2025\/03\/ZBS-Zentralbeschaffung-Schweiz-AG-Einkaufsgemeinschaft-min.jpg","contentUrl":"https:\/\/www.zentralbeschaffung.ch\/wp-content\/uploads\/2025\/03\/ZBS-Zentralbeschaffung-Schweiz-AG-Einkaufsgemeinschaft-min.jpg","width":1920,"height":1640},{"@type":"BreadcrumbList","@id":"https:\/\/www.zentralbeschaffung.ch\/fr\/groupement-dachats\/offre\/#breadcrumb","itemListElement":[{"@type":"ListItem","position":1,"name":"Startseite","item":"https:\/\/www.zentralbeschaffung.ch\/fr\/"},{"@type":"ListItem","position":2,"name":"Groupement d\u2019achats","item":"https:\/\/www.zentralbeschaffung.ch\/fr\/groupement-dachats\/"},{"@type":"ListItem","position":3,"name":"Offre"}]},{"@type":"WebSite","@id":"https:\/\/www.zentralbeschaffung.ch\/#website","url":"https:\/\/www.zentralbeschaffung.ch\/","name":"ZBS Zentralbeschaffung","description":"","publisher":{"@id":"https:\/\/www.zentralbeschaffung.ch\/#organization"},"potentialAction":[{"@type":"SearchAction","target":{"@type":"EntryPoint","urlTemplate":"https:\/\/www.zentralbeschaffung.ch\/?s={search_term_string}"},"query-input":{"@type":"PropertyValueSpecification","valueRequired":true,"valueName":"search_term_string"}}],"inLanguage":"fr-FR"},{"@type":"Organization","@id":"https:\/\/www.zentralbeschaffung.ch\/#organization","name":"ZBS Zentralbeschaffung","url":"https:\/\/www.zentralbeschaffung.ch\/","logo":{"@type":"ImageObject","inLanguage":"fr-FR","@id":"https:\/\/www.zentralbeschaffung.ch\/#\/schema\/logo\/image\/","url":"https:\/\/www.zentralbeschaffung.ch\/wp-content\/uploads\/2025\/04\/Logo_ZBS_farbig-1.svg","contentUrl":"https:\/\/www.zentralbeschaffung.ch\/wp-content\/uploads\/2025\/04\/Logo_ZBS_farbig-1.svg","width":378,"height":93,"caption":"ZBS Zentralbeschaffung"},"image":{"@id":"https:\/\/www.zentralbeschaffung.ch\/#\/schema\/logo\/image\/"}}]}},"_links":{"self":[{"href":"https:\/\/www.zentralbeschaffung.ch\/fr\/wp-json\/wp\/v2\/pages\/2691","targetHints":{"allow":["GET"]}}],"collection":[{"href":"https:\/\/www.zentralbeschaffung.ch\/fr\/wp-json\/wp\/v2\/pages"}],"about":[{"href":"https:\/\/www.zentralbeschaffung.ch\/fr\/wp-json\/wp\/v2\/types\/page"}],"author":[{"embeddable":true,"href":"https:\/\/www.zentralbeschaffung.ch\/fr\/wp-json\/wp\/v2\/users\/1"}],"replies":[{"embeddable":true,"href":"https:\/\/www.zentralbeschaffung.ch\/fr\/wp-json\/wp\/v2\/comments?post=2691"}],"version-history":[{"count":41,"href":"https:\/\/www.zentralbeschaffung.ch\/fr\/wp-json\/wp\/v2\/pages\/2691\/revisions"}],"predecessor-version":[{"id":4807,"href":"https:\/\/www.zentralbeschaffung.ch\/fr\/wp-json\/wp\/v2\/pages\/2691\/revisions\/4807"}],"up":[{"embeddable":true,"href":"https:\/\/www.zentralbeschaffung.ch\/fr\/wp-json\/wp\/v2\/pages\/2677"}],"wp:featuredmedia":[{"embeddable":true,"href":"https:\/\/www.zentralbeschaffung.ch\/fr\/wp-json\/wp\/v2\/media\/4632"}],"wp:attachment":[{"href":"https:\/\/www.zentralbeschaffung.ch\/fr\/wp-json\/wp\/v2\/media?parent=2691"}],"curies":[{"name":"wp","href":"https:\/\/api.w.org\/{rel}","templated":true}]}}