{"id":3885,"date":"2024-06-18T12:53:44","date_gmt":"2024-06-18T12:53:44","guid":{"rendered":"https:\/\/www.zentralbeschaffung.ch\/?page_id=3885"},"modified":"2025-03-17T07:26:59","modified_gmt":"2025-03-17T07:26:59","slug":"bornes-et-barrieres","status":"publish","type":"page","link":"https:\/\/www.zentralbeschaffung.ch\/fr\/bornes-et-barrieres\/","title":{"rendered":"Barri\u00e8res et bornes"},"content":{"rendered":"\t\t<div data-elementor-type=\"wp-page\" data-elementor-id=\"3885\" class=\"elementor elementor-3885 elementor-3884\" data-elementor-post-type=\"page\">\n\t\t\t\t\t\t<section class=\"elementor-section elementor-top-section elementor-element elementor-element-b055036 elementor-section-boxed elementor-section-height-default elementor-section-height-default\" data-id=\"b055036\" data-element_type=\"section\">\n\t\t\t\t\t\t<div class=\"elementor-container elementor-column-gap-default\">\n\t\t\t\t\t<div class=\"elementor-column elementor-col-100 elementor-top-column elementor-element elementor-element-40f0f51\" data-id=\"40f0f51\" data-element_type=\"column\">\n\t\t\t<div class=\"elementor-widget-wrap elementor-element-populated\">\n\t\t\t\t\t\t<div class=\"elementor-element elementor-element-3a148bc elementor-widget elementor-widget-text-editor\" data-id=\"3a148bc\" data-element_type=\"widget\" data-widget_type=\"text-editor.default\">\n\t\t\t\t<div class=\"elementor-widget-container\">\n\t\t\t\t\t\t\t\t\t<h1>Barri\u00e8res et bornes<\/h1><h1>\u00a0<\/h1>\t\t\t\t\t\t\t\t<\/div>\n\t\t\t\t<\/div>\n\t\t\t\t<section class=\"elementor-section elementor-inner-section elementor-element elementor-element-7d31804 elementor-section-boxed elementor-section-height-default elementor-section-height-default\" data-id=\"7d31804\" data-element_type=\"section\">\n\t\t\t\t\t\t<div class=\"elementor-container elementor-column-gap-wide\">\n\t\t\t\t\t<div class=\"elementor-column elementor-col-50 elementor-inner-column elementor-element elementor-element-9b454b8 order-2\" data-id=\"9b454b8\" data-element_type=\"column\">\n\t\t\t<div class=\"elementor-widget-wrap elementor-element-populated\">\n\t\t\t\t\t\t<div class=\"elementor-element elementor-element-d196480 elementor-widget elementor-widget-text-editor\" data-id=\"d196480\" data-element_type=\"widget\" data-widget_type=\"text-editor.default\">\n\t\t\t\t<div class=\"elementor-widget-container\">\n\t\t\t\t\t\t\t\t\t<p>Lorsqu&rsquo;il s&rsquo;agit de barri\u00e8res et de bornes, de syst\u00e8mes d&rsquo;acc\u00e8s et d&rsquo;\u00e9viter le stationnement de v\u00e9hicules \u00e9trangers ou sauvages, ces mesures peuvent contribuer \u00e0 garantir la tranquillit\u00e9 et l&rsquo;ordre dans une zone donn\u00e9e.<\/p><p>Les barri\u00e8res et les bornes servent de barri\u00e8res physiques pour contr\u00f4ler l&rsquo;acc\u00e8s \u00e0 certaines zones. Elles peuvent \u00eatre utilis\u00e9es pour emp\u00eacher la circulation de v\u00e9hicules non autoris\u00e9s et garantir que seules les personnes autoris\u00e9es y ont acc\u00e8s. Cela permet de minimiser le risque de stationnement par des tiers et de renforcer la s\u00e9curit\u00e9.<\/p><p>Les syst\u00e8mes d&rsquo;acc\u00e8s permettent de limiter l&rsquo;acc\u00e8s \u00e0 certaines zones aux seules personnes disposant des autorisations n\u00e9cessaires. Cela peut se faire par le biais de diff\u00e9rentes technologies telles que les cartes cl\u00e9s, les codes PIN ou les donn\u00e9es biom\u00e9triques. La mise en \u0153uvre d&rsquo;un tel syst\u00e8me permet de garantir que seules les personnes autoris\u00e9es ont acc\u00e8s et que les visiteurs ind\u00e9sirables sont tenus \u00e0 l&rsquo;\u00e9cart.<\/p><p>En combinant des barri\u00e8res, des bornes et des syst\u00e8mes d&rsquo;acc\u00e8s, il est possible de contr\u00f4ler efficacement la circulation des v\u00e9hicules et l&rsquo;acc\u00e8s \u00e0 certaines zones. Cela permet de garantir l&rsquo;absence de stationnement \u00e9tranger ou sauvage et de cr\u00e9er un environnement calme et ordonn\u00e9.<\/p><p>Il est important de noter que la mise en \u0153uvre de tels syst\u00e8mes doit \u00eatre soigneusement planifi\u00e9e et mise en \u0153uvre afin de s&rsquo;assurer qu&rsquo;ils fonctionnent efficacement et atteignent l&rsquo;objectif souhait\u00e9.<\/p>\t\t\t\t\t\t\t\t<\/div>\n\t\t\t\t<\/div>\n\t\t\t\t\t<\/div>\n\t\t<\/div>\n\t\t\t\t<div class=\"elementor-column elementor-col-50 elementor-inner-column elementor-element elementor-element-e97f817 order-1\" data-id=\"e97f817\" data-element_type=\"column\">\n\t\t\t<div class=\"elementor-widget-wrap elementor-element-populated\">\n\t\t\t\t\t\t<div class=\"elementor-element elementor-element-8caa792 elementor-invisible elementor-widget elementor-widget-image\" data-id=\"8caa792\" data-element_type=\"widget\" data-settings=\"{&quot;_animation&quot;:&quot;fadeInUp&quot;}\" data-widget_type=\"image.default\">\n\t\t\t\t<div class=\"elementor-widget-container\">\n\t\t\t\t\t\t\t\t\t\t\t\t\t\t\t<img fetchpriority=\"high\" decoding=\"async\" width=\"800\" height=\"534\" src=\"https:\/\/www.zentralbeschaffung.ch\/wp-content\/uploads\/2025\/03\/zbs-schranke-min.jpg\" class=\"attachment-large size-large wp-image-4622\" alt=\"\" srcset=\"https:\/\/www.zentralbeschaffung.ch\/wp-content\/uploads\/2025\/03\/zbs-schranke-min.jpg 824w, https:\/\/www.zentralbeschaffung.ch\/wp-content\/uploads\/2025\/03\/zbs-schranke-min-300x200.jpg 300w, https:\/\/www.zentralbeschaffung.ch\/wp-content\/uploads\/2025\/03\/zbs-schranke-min-768x513.jpg 768w\" sizes=\"(max-width: 800px) 100vw, 800px\" \/>\t\t\t\t\t\t\t\t\t\t\t\t\t\t\t<\/div>\n\t\t\t\t<\/div>\n\t\t\t\t\t<\/div>\n\t\t<\/div>\n\t\t\t\t\t<\/div>\n\t\t<\/section>\n\t\t\t\t\t<\/div>\n\t\t<\/div>\n\t\t\t\t\t<\/div>\n\t\t<\/section>\n\t\t\t\t<\/div>\n\t\t","protected":false},"excerpt":{"rendered":"<p>Barri\u00e8res et bornes Lorsqu&rsquo;il s&rsquo;agit de barri\u00e8res et de bornes, de syst\u00e8mes d&rsquo;acc\u00e8s et d&rsquo;\u00e9viter le stationnement de v\u00e9hicules \u00e9trangers ou sauvages, ces mesures peuvent contribuer \u00e0 garantir la tranquillit\u00e9 et l&rsquo;ordre dans une zone donn\u00e9e. Les barri\u00e8res et les bornes servent de barri\u00e8res physiques pour contr\u00f4ler l&rsquo;acc\u00e8s \u00e0 certaines zones. Elles peuvent \u00eatre utilis\u00e9es [&hellip;]<\/p>\n","protected":false},"author":2,"featured_media":4622,"parent":0,"menu_order":0,"comment_status":"closed","ping_status":"closed","template":"","meta":{"_acf_changed":false,"footnotes":""},"class_list":["post-3885","page","type-page","status-publish","has-post-thumbnail","hentry"],"acf":[],"yoast_head":"<!-- This site is optimized with the Yoast SEO plugin v26.8 - https:\/\/yoast.com\/product\/yoast-seo-wordpress\/ -->\n<title>Barri\u00e8res et bornes - ACS Approvisionnement central Suisse SA<\/title>\n<meta name=\"description\" content=\"Bornes &amp; barri\u00e8res pour le contr\u00f4le d\u2019acc\u00e8s s\u00e9curis\u00e9. Solutions adapt\u00e9es aux parkings, entreprises &amp; espaces publics.\" \/>\n<meta name=\"robots\" content=\"index, follow, max-snippet:-1, max-image-preview:large, max-video-preview:-1\" \/>\n<link rel=\"canonical\" href=\"https:\/\/www.zentralbeschaffung.ch\/fr\/bornes-et-barrieres\/\" \/>\n<meta property=\"og:locale\" content=\"fr_FR\" \/>\n<meta property=\"og:type\" content=\"article\" \/>\n<meta property=\"og:title\" content=\"Barri\u00e8res et bornes - ACS Approvisionnement central Suisse SA\" \/>\n<meta property=\"og:description\" content=\"Bornes &amp; barri\u00e8res pour le contr\u00f4le d\u2019acc\u00e8s s\u00e9curis\u00e9. Solutions adapt\u00e9es aux parkings, entreprises &amp; espaces publics.\" \/>\n<meta property=\"og:url\" content=\"https:\/\/www.zentralbeschaffung.ch\/fr\/bornes-et-barrieres\/\" \/>\n<meta property=\"og:site_name\" content=\"ACS Approvisionnement central Suisse SA\" \/>\n<meta property=\"article:modified_time\" content=\"2025-03-17T07:26:59+00:00\" \/>\n<meta property=\"og:image\" content=\"https:\/\/www.zentralbeschaffung.ch\/wp-content\/uploads\/2025\/03\/zbs-schranke-min.jpg\" \/>\n\t<meta property=\"og:image:width\" content=\"824\" \/>\n\t<meta property=\"og:image:height\" content=\"550\" \/>\n\t<meta property=\"og:image:type\" content=\"image\/jpeg\" \/>\n<meta name=\"twitter:card\" content=\"summary_large_image\" \/>\n<meta name=\"twitter:label1\" content=\"Dur\u00e9e de lecture estim\u00e9e\" \/>\n\t<meta name=\"twitter:data1\" content=\"2 minutes\" \/>\n<script type=\"application\/ld+json\" class=\"yoast-schema-graph\">{\"@context\":\"https:\/\/schema.org\",\"@graph\":[{\"@type\":\"WebPage\",\"@id\":\"https:\/\/www.zentralbeschaffung.ch\/fr\/bornes-et-barrieres\/\",\"url\":\"https:\/\/www.zentralbeschaffung.ch\/fr\/bornes-et-barrieres\/\",\"name\":\"Barri\u00e8res et bornes - ACS Approvisionnement central Suisse SA\",\"isPartOf\":{\"@id\":\"https:\/\/www.zentralbeschaffung.ch\/#website\"},\"primaryImageOfPage\":{\"@id\":\"https:\/\/www.zentralbeschaffung.ch\/fr\/bornes-et-barrieres\/#primaryimage\"},\"image\":{\"@id\":\"https:\/\/www.zentralbeschaffung.ch\/fr\/bornes-et-barrieres\/#primaryimage\"},\"thumbnailUrl\":\"https:\/\/www.zentralbeschaffung.ch\/wp-content\/uploads\/2025\/03\/zbs-schranke-min.jpg\",\"datePublished\":\"2024-06-18T12:53:44+00:00\",\"dateModified\":\"2025-03-17T07:26:59+00:00\",\"description\":\"Bornes & barri\u00e8res pour le contr\u00f4le d\u2019acc\u00e8s s\u00e9curis\u00e9. Solutions adapt\u00e9es aux parkings, entreprises & espaces publics.\",\"breadcrumb\":{\"@id\":\"https:\/\/www.zentralbeschaffung.ch\/fr\/bornes-et-barrieres\/#breadcrumb\"},\"inLanguage\":\"fr-FR\",\"potentialAction\":[{\"@type\":\"ReadAction\",\"target\":[\"https:\/\/www.zentralbeschaffung.ch\/fr\/bornes-et-barrieres\/\"]}]},{\"@type\":\"ImageObject\",\"inLanguage\":\"fr-FR\",\"@id\":\"https:\/\/www.zentralbeschaffung.ch\/fr\/bornes-et-barrieres\/#primaryimage\",\"url\":\"https:\/\/www.zentralbeschaffung.ch\/wp-content\/uploads\/2025\/03\/zbs-schranke-min.jpg\",\"contentUrl\":\"https:\/\/www.zentralbeschaffung.ch\/wp-content\/uploads\/2025\/03\/zbs-schranke-min.jpg\",\"width\":824,\"height\":550},{\"@type\":\"BreadcrumbList\",\"@id\":\"https:\/\/www.zentralbeschaffung.ch\/fr\/bornes-et-barrieres\/#breadcrumb\",\"itemListElement\":[{\"@type\":\"ListItem\",\"position\":1,\"name\":\"Startseite\",\"item\":\"https:\/\/www.zentralbeschaffung.ch\/fr\/\"},{\"@type\":\"ListItem\",\"position\":2,\"name\":\"Barri\u00e8res et bornes\"}]},{\"@type\":\"WebSite\",\"@id\":\"https:\/\/www.zentralbeschaffung.ch\/#website\",\"url\":\"https:\/\/www.zentralbeschaffung.ch\/\",\"name\":\"ZBS Zentralbeschaffung\",\"description\":\"\",\"publisher\":{\"@id\":\"https:\/\/www.zentralbeschaffung.ch\/#organization\"},\"potentialAction\":[{\"@type\":\"SearchAction\",\"target\":{\"@type\":\"EntryPoint\",\"urlTemplate\":\"https:\/\/www.zentralbeschaffung.ch\/?s={search_term_string}\"},\"query-input\":{\"@type\":\"PropertyValueSpecification\",\"valueRequired\":true,\"valueName\":\"search_term_string\"}}],\"inLanguage\":\"fr-FR\"},{\"@type\":\"Organization\",\"@id\":\"https:\/\/www.zentralbeschaffung.ch\/#organization\",\"name\":\"ZBS Zentralbeschaffung\",\"url\":\"https:\/\/www.zentralbeschaffung.ch\/\",\"logo\":{\"@type\":\"ImageObject\",\"inLanguage\":\"fr-FR\",\"@id\":\"https:\/\/www.zentralbeschaffung.ch\/#\/schema\/logo\/image\/\",\"url\":\"https:\/\/www.zentralbeschaffung.ch\/wp-content\/uploads\/2025\/04\/Logo_ZBS_farbig-1.svg\",\"contentUrl\":\"https:\/\/www.zentralbeschaffung.ch\/wp-content\/uploads\/2025\/04\/Logo_ZBS_farbig-1.svg\",\"width\":378,\"height\":93,\"caption\":\"ZBS Zentralbeschaffung\"},\"image\":{\"@id\":\"https:\/\/www.zentralbeschaffung.ch\/#\/schema\/logo\/image\/\"}}]}<\/script>\n<!-- \/ Yoast SEO plugin. -->","yoast_head_json":{"title":"Barri\u00e8res et bornes - ACS Approvisionnement central Suisse SA","description":"Bornes & barri\u00e8res pour le contr\u00f4le d\u2019acc\u00e8s s\u00e9curis\u00e9. Solutions adapt\u00e9es aux parkings, entreprises & espaces publics.","robots":{"index":"index","follow":"follow","max-snippet":"max-snippet:-1","max-image-preview":"max-image-preview:large","max-video-preview":"max-video-preview:-1"},"canonical":"https:\/\/www.zentralbeschaffung.ch\/fr\/bornes-et-barrieres\/","og_locale":"fr_FR","og_type":"article","og_title":"Barri\u00e8res et bornes - ACS Approvisionnement central Suisse SA","og_description":"Bornes & barri\u00e8res pour le contr\u00f4le d\u2019acc\u00e8s s\u00e9curis\u00e9. Solutions adapt\u00e9es aux parkings, entreprises & espaces publics.","og_url":"https:\/\/www.zentralbeschaffung.ch\/fr\/bornes-et-barrieres\/","og_site_name":"ACS Approvisionnement central Suisse SA","article_modified_time":"2025-03-17T07:26:59+00:00","og_image":[{"width":824,"height":550,"url":"https:\/\/www.zentralbeschaffung.ch\/wp-content\/uploads\/2025\/03\/zbs-schranke-min.jpg","type":"image\/jpeg"}],"twitter_card":"summary_large_image","twitter_misc":{"Dur\u00e9e de lecture estim\u00e9e":"2 minutes"},"schema":{"@context":"https:\/\/schema.org","@graph":[{"@type":"WebPage","@id":"https:\/\/www.zentralbeschaffung.ch\/fr\/bornes-et-barrieres\/","url":"https:\/\/www.zentralbeschaffung.ch\/fr\/bornes-et-barrieres\/","name":"Barri\u00e8res et bornes - ACS Approvisionnement central Suisse SA","isPartOf":{"@id":"https:\/\/www.zentralbeschaffung.ch\/#website"},"primaryImageOfPage":{"@id":"https:\/\/www.zentralbeschaffung.ch\/fr\/bornes-et-barrieres\/#primaryimage"},"image":{"@id":"https:\/\/www.zentralbeschaffung.ch\/fr\/bornes-et-barrieres\/#primaryimage"},"thumbnailUrl":"https:\/\/www.zentralbeschaffung.ch\/wp-content\/uploads\/2025\/03\/zbs-schranke-min.jpg","datePublished":"2024-06-18T12:53:44+00:00","dateModified":"2025-03-17T07:26:59+00:00","description":"Bornes & barri\u00e8res pour le contr\u00f4le d\u2019acc\u00e8s s\u00e9curis\u00e9. Solutions adapt\u00e9es aux parkings, entreprises & espaces publics.","breadcrumb":{"@id":"https:\/\/www.zentralbeschaffung.ch\/fr\/bornes-et-barrieres\/#breadcrumb"},"inLanguage":"fr-FR","potentialAction":[{"@type":"ReadAction","target":["https:\/\/www.zentralbeschaffung.ch\/fr\/bornes-et-barrieres\/"]}]},{"@type":"ImageObject","inLanguage":"fr-FR","@id":"https:\/\/www.zentralbeschaffung.ch\/fr\/bornes-et-barrieres\/#primaryimage","url":"https:\/\/www.zentralbeschaffung.ch\/wp-content\/uploads\/2025\/03\/zbs-schranke-min.jpg","contentUrl":"https:\/\/www.zentralbeschaffung.ch\/wp-content\/uploads\/2025\/03\/zbs-schranke-min.jpg","width":824,"height":550},{"@type":"BreadcrumbList","@id":"https:\/\/www.zentralbeschaffung.ch\/fr\/bornes-et-barrieres\/#breadcrumb","itemListElement":[{"@type":"ListItem","position":1,"name":"Startseite","item":"https:\/\/www.zentralbeschaffung.ch\/fr\/"},{"@type":"ListItem","position":2,"name":"Barri\u00e8res et bornes"}]},{"@type":"WebSite","@id":"https:\/\/www.zentralbeschaffung.ch\/#website","url":"https:\/\/www.zentralbeschaffung.ch\/","name":"ZBS Zentralbeschaffung","description":"","publisher":{"@id":"https:\/\/www.zentralbeschaffung.ch\/#organization"},"potentialAction":[{"@type":"SearchAction","target":{"@type":"EntryPoint","urlTemplate":"https:\/\/www.zentralbeschaffung.ch\/?s={search_term_string}"},"query-input":{"@type":"PropertyValueSpecification","valueRequired":true,"valueName":"search_term_string"}}],"inLanguage":"fr-FR"},{"@type":"Organization","@id":"https:\/\/www.zentralbeschaffung.ch\/#organization","name":"ZBS Zentralbeschaffung","url":"https:\/\/www.zentralbeschaffung.ch\/","logo":{"@type":"ImageObject","inLanguage":"fr-FR","@id":"https:\/\/www.zentralbeschaffung.ch\/#\/schema\/logo\/image\/","url":"https:\/\/www.zentralbeschaffung.ch\/wp-content\/uploads\/2025\/04\/Logo_ZBS_farbig-1.svg","contentUrl":"https:\/\/www.zentralbeschaffung.ch\/wp-content\/uploads\/2025\/04\/Logo_ZBS_farbig-1.svg","width":378,"height":93,"caption":"ZBS Zentralbeschaffung"},"image":{"@id":"https:\/\/www.zentralbeschaffung.ch\/#\/schema\/logo\/image\/"}}]}},"_links":{"self":[{"href":"https:\/\/www.zentralbeschaffung.ch\/fr\/wp-json\/wp\/v2\/pages\/3885","targetHints":{"allow":["GET"]}}],"collection":[{"href":"https:\/\/www.zentralbeschaffung.ch\/fr\/wp-json\/wp\/v2\/pages"}],"about":[{"href":"https:\/\/www.zentralbeschaffung.ch\/fr\/wp-json\/wp\/v2\/types\/page"}],"author":[{"embeddable":true,"href":"https:\/\/www.zentralbeschaffung.ch\/fr\/wp-json\/wp\/v2\/users\/2"}],"replies":[{"embeddable":true,"href":"https:\/\/www.zentralbeschaffung.ch\/fr\/wp-json\/wp\/v2\/comments?post=3885"}],"version-history":[{"count":15,"href":"https:\/\/www.zentralbeschaffung.ch\/fr\/wp-json\/wp\/v2\/pages\/3885\/revisions"}],"predecessor-version":[{"id":4772,"href":"https:\/\/www.zentralbeschaffung.ch\/fr\/wp-json\/wp\/v2\/pages\/3885\/revisions\/4772"}],"wp:featuredmedia":[{"embeddable":true,"href":"https:\/\/www.zentralbeschaffung.ch\/fr\/wp-json\/wp\/v2\/media\/4622"}],"wp:attachment":[{"href":"https:\/\/www.zentralbeschaffung.ch\/fr\/wp-json\/wp\/v2\/media?parent=3885"}],"curies":[{"name":"wp","href":"https:\/\/api.w.org\/{rel}","templated":true}]}}