{"id":3899,"date":"2024-06-19T11:27:00","date_gmt":"2024-06-19T11:27:00","guid":{"rendered":"https:\/\/www.zentralbeschaffung.ch\/?page_id=3899"},"modified":"2025-06-17T08:16:23","modified_gmt":"2025-06-17T08:16:23","slug":"outils-de-travail-a-batterie-et-a-essence","status":"publish","type":"page","link":"https:\/\/www.zentralbeschaffung.ch\/fr\/outils-de-travail-a-batterie-et-a-essence\/","title":{"rendered":"Outils \u00e0 batterie et \u00e0 essence"},"content":{"rendered":"\t\t<div data-elementor-type=\"wp-page\" data-elementor-id=\"3899\" class=\"elementor elementor-3899 elementor-3898\" data-elementor-post-type=\"page\">\n\t\t\t\t\t\t<section class=\"elementor-section elementor-top-section elementor-element elementor-element-b055036 elementor-section-boxed elementor-section-height-default elementor-section-height-default\" data-id=\"b055036\" data-element_type=\"section\">\n\t\t\t\t\t\t<div class=\"elementor-container elementor-column-gap-default\">\n\t\t\t\t\t<div class=\"elementor-column elementor-col-100 elementor-top-column elementor-element elementor-element-40f0f51\" data-id=\"40f0f51\" data-element_type=\"column\">\n\t\t\t<div class=\"elementor-widget-wrap elementor-element-populated\">\n\t\t\t\t\t\t<div class=\"elementor-element elementor-element-3a148bc elementor-widget elementor-widget-text-editor\" data-id=\"3a148bc\" data-element_type=\"widget\" data-widget_type=\"text-editor.default\">\n\t\t\t\t<div class=\"elementor-widget-container\">\n\t\t\t\t\t\t\t\t\t<h1>Outils de travail \u00e0 batterie et \u00e0 essence<\/h1><h1>\u00a0<\/h1>\t\t\t\t\t\t\t\t<\/div>\n\t\t\t\t<\/div>\n\t\t\t\t<section class=\"elementor-section elementor-inner-section elementor-element elementor-element-7d31804 elementor-section-boxed elementor-section-height-default elementor-section-height-default\" data-id=\"7d31804\" data-element_type=\"section\">\n\t\t\t\t\t\t<div class=\"elementor-container elementor-column-gap-wide\">\n\t\t\t\t\t<div class=\"elementor-column elementor-col-50 elementor-inner-column elementor-element elementor-element-9b454b8 order-2\" data-id=\"9b454b8\" data-element_type=\"column\">\n\t\t\t<div class=\"elementor-widget-wrap elementor-element-populated\">\n\t\t\t\t\t\t<div class=\"elementor-element elementor-element-d196480 elementor-widget elementor-widget-text-editor\" data-id=\"d196480\" data-element_type=\"widget\" data-widget_type=\"text-editor.default\">\n\t\t\t\t<div class=\"elementor-widget-container\">\n\t\t\t\t\t\t\t\t\t<div data-id=\"9b454b8\" data-element_type=\"column\"><div><div data-id=\"d196480\" data-element_type=\"widget\" data-widget_type=\"text-editor.default\"><p>Que vous travailliez dans un centre d&rsquo;entretien ou que vous g\u00e9riez de vastes espaces verts, nous vous proposons les outils id\u00e9aux pour effectuer votre travail de mani\u00e8re efficace et respectueuse de l&rsquo;environnement.<\/p><p>Notre gamme de produits comprend un large choix d&rsquo;appareils de marques leaders telles que Stihl, Bosch, Makita, Metabo, DeWalt, Einhell, Hilti, Husqvarna, Honda et K\u00e4rcher, qui ont \u00e9t\u00e9 sp\u00e9cialement d\u00e9velopp\u00e9s pour r\u00e9pondre aux exigences \u00e9lev\u00e9es des utilisateurs professionnels. Dot\u00e9es d&rsquo;une technologie de batterie ultramoderne et de puissants moteurs \u00e0 essence, nos machines garantissent une efficacit\u00e9 et une fiabilit\u00e9 maximales dans tous les domaines d&rsquo;utilisation.<\/p><ul><li>Puissant et efficace : nos appareils offrent des performances exceptionnelles et une longue dur\u00e9e de fonctionnement, ce qui vous permet de venir \u00e0 bout sans probl\u00e8me des grandes surfaces et des t\u00e2ches exigeantes.<\/li><li>Respect de l&rsquo;environnement et durabilit\u00e9 : misez sur les machines \u00e0 batterie pour un travail silencieux et sans \u00e9missions. Nos moteurs \u00e0 essence sont en outre optimis\u00e9s pour une faible consommation et de faibles \u00e9missions.<\/li><li><p>Ergonomique et convivial : avec un design bien pens\u00e9 et une manipulation confortable, nos appareils garantissent un travail sans fatigue, m\u00eame sur de longues p\u00e9riodes.<\/p><\/li><li><p>De nombreux accessoires : pour chaque t\u00e2che, l&rsquo;accessoire ad\u00e9quat &#8211; des t\u00eates de coupe aux v\u00eatements de protection en passant par les batteries. Notre large choix permet un \u00e9quipement flexible et personnalis\u00e9.<\/p><p>D\u00e9couvrez notre gamme et trouvez l&rsquo;\u00e9quipement id\u00e9al pour vos besoins. Avec nos outils de travail \u00e0 batterie et \u00e0 essence de fabricants renomm\u00e9s, vous \u00eates parfaitement \u00e9quip\u00e9 pour relever tous les d\u00e9fis dans les centres d&rsquo;entretien et pour l&rsquo;entretien des espaces verts. Misez sur la qualit\u00e9 et l&rsquo;innovation &#8211; pour un avenir efficace et durable !<\/p><\/li><\/ul><\/div><\/div><\/div>\t\t\t\t\t\t\t\t<\/div>\n\t\t\t\t<\/div>\n\t\t\t\t<div class=\"elementor-element elementor-element-75b6762 elementor-widget elementor-widget-button\" data-id=\"75b6762\" data-element_type=\"widget\" data-widget_type=\"button.default\">\n\t\t\t\t<div class=\"elementor-widget-container\">\n\t\t\t\t\t\t\t\t\t<div class=\"elementor-button-wrapper\">\n\t\t\t\t\t<a class=\"elementor-button elementor-button-link elementor-size-sm\" href=\"https:\/\/shop.zentralbeschaffung.ch\" target=\"_blank\">\n\t\t\t\t\t\t<span class=\"elementor-button-content-wrapper\">\n\t\t\t\t\t\t\t\t\t<span class=\"elementor-button-text\">Vers la shop<\/span>\n\t\t\t\t\t<\/span>\n\t\t\t\t\t<\/a>\n\t\t\t\t<\/div>\n\t\t\t\t\t\t\t\t<\/div>\n\t\t\t\t<\/div>\n\t\t\t\t\t<\/div>\n\t\t<\/div>\n\t\t\t\t<div class=\"elementor-column elementor-col-50 elementor-inner-column elementor-element elementor-element-e97f817 order-1\" data-id=\"e97f817\" data-element_type=\"column\">\n\t\t\t<div class=\"elementor-widget-wrap elementor-element-populated\">\n\t\t\t\t\t\t<div class=\"elementor-element elementor-element-8caa792 elementor-invisible elementor-widget elementor-widget-image\" data-id=\"8caa792\" data-element_type=\"widget\" data-settings=\"{&quot;_animation&quot;:&quot;fadeInUp&quot;}\" data-widget_type=\"image.default\">\n\t\t\t\t<div class=\"elementor-widget-container\">\n\t\t\t\t\t\t\t\t\t\t\t\t\t\t\t<img fetchpriority=\"high\" decoding=\"async\" width=\"800\" height=\"534\" src=\"https:\/\/www.zentralbeschaffung.ch\/wp-content\/uploads\/2025\/03\/zbs-werkstatt-min.jpg\" class=\"attachment-large size-large wp-image-4628\" alt=\"\" srcset=\"https:\/\/www.zentralbeschaffung.ch\/wp-content\/uploads\/2025\/03\/zbs-werkstatt-min.jpg 824w, https:\/\/www.zentralbeschaffung.ch\/wp-content\/uploads\/2025\/03\/zbs-werkstatt-min-300x200.jpg 300w, https:\/\/www.zentralbeschaffung.ch\/wp-content\/uploads\/2025\/03\/zbs-werkstatt-min-768x513.jpg 768w\" sizes=\"(max-width: 800px) 100vw, 800px\" \/>\t\t\t\t\t\t\t\t\t\t\t\t\t\t\t<\/div>\n\t\t\t\t<\/div>\n\t\t\t\t\t<\/div>\n\t\t<\/div>\n\t\t\t\t\t<\/div>\n\t\t<\/section>\n\t\t\t\t\t<\/div>\n\t\t<\/div>\n\t\t\t\t\t<\/div>\n\t\t<\/section>\n\t\t\t\t<\/div>\n\t\t","protected":false},"excerpt":{"rendered":"<p>Outils de travail \u00e0 batterie et \u00e0 essence Que vous travailliez dans un centre d&rsquo;entretien ou que vous g\u00e9riez de vastes espaces verts, nous vous proposons les outils id\u00e9aux pour effectuer votre travail de mani\u00e8re efficace et respectueuse de l&rsquo;environnement. Notre gamme de produits comprend un large choix d&rsquo;appareils de marques leaders telles que Stihl, [&hellip;]<\/p>\n","protected":false},"author":2,"featured_media":4620,"parent":0,"menu_order":0,"comment_status":"closed","ping_status":"closed","template":"","meta":{"_acf_changed":false,"footnotes":""},"class_list":["post-3899","page","type-page","status-publish","has-post-thumbnail","hentry"],"acf":[],"yoast_head":"<!-- This site is optimized with the Yoast SEO plugin v26.8 - https:\/\/yoast.com\/product\/yoast-seo-wordpress\/ -->\n<title>Outils \u00e0 batterie et \u00e0 essence - ACS Approvisionnement central Suisse SA<\/title>\n<meta name=\"description\" content=\"Outils \u00e0 batterie &amp; essence pour le jardin, la construction &amp; l\u2019industrie. Performants &amp; fiables pour tous les travaux!\" \/>\n<meta name=\"robots\" content=\"index, follow, max-snippet:-1, max-image-preview:large, max-video-preview:-1\" \/>\n<link rel=\"canonical\" href=\"https:\/\/www.zentralbeschaffung.ch\/fr\/outils-de-travail-a-batterie-et-a-essence\/\" \/>\n<meta property=\"og:locale\" content=\"fr_FR\" \/>\n<meta property=\"og:type\" content=\"article\" \/>\n<meta property=\"og:title\" content=\"Outils \u00e0 batterie et \u00e0 essence - ACS Approvisionnement central Suisse SA\" \/>\n<meta property=\"og:description\" content=\"Outils \u00e0 batterie &amp; essence pour le jardin, la construction &amp; l\u2019industrie. Performants &amp; fiables pour tous les travaux!\" \/>\n<meta property=\"og:url\" content=\"https:\/\/www.zentralbeschaffung.ch\/fr\/outils-de-travail-a-batterie-et-a-essence\/\" \/>\n<meta property=\"og:site_name\" content=\"ACS Approvisionnement central Suisse SA\" \/>\n<meta property=\"article:modified_time\" content=\"2025-06-17T08:16:23+00:00\" \/>\n<meta property=\"og:image\" content=\"https:\/\/www.zentralbeschaffung.ch\/wp-content\/uploads\/2025\/03\/zbs-03-min.jpg\" \/>\n\t<meta property=\"og:image:width\" content=\"600\" \/>\n\t<meta property=\"og:image:height\" content=\"400\" \/>\n\t<meta property=\"og:image:type\" content=\"image\/jpeg\" \/>\n<meta name=\"twitter:card\" content=\"summary_large_image\" \/>\n<meta name=\"twitter:label1\" content=\"Dur\u00e9e de lecture estim\u00e9e\" \/>\n\t<meta name=\"twitter:data1\" content=\"2 minutes\" \/>\n<script type=\"application\/ld+json\" class=\"yoast-schema-graph\">{\"@context\":\"https:\/\/schema.org\",\"@graph\":[{\"@type\":\"WebPage\",\"@id\":\"https:\/\/www.zentralbeschaffung.ch\/fr\/outils-de-travail-a-batterie-et-a-essence\/\",\"url\":\"https:\/\/www.zentralbeschaffung.ch\/fr\/outils-de-travail-a-batterie-et-a-essence\/\",\"name\":\"Outils \u00e0 batterie et \u00e0 essence - ACS Approvisionnement central Suisse SA\",\"isPartOf\":{\"@id\":\"https:\/\/www.zentralbeschaffung.ch\/#website\"},\"primaryImageOfPage\":{\"@id\":\"https:\/\/www.zentralbeschaffung.ch\/fr\/outils-de-travail-a-batterie-et-a-essence\/#primaryimage\"},\"image\":{\"@id\":\"https:\/\/www.zentralbeschaffung.ch\/fr\/outils-de-travail-a-batterie-et-a-essence\/#primaryimage\"},\"thumbnailUrl\":\"https:\/\/www.zentralbeschaffung.ch\/wp-content\/uploads\/2025\/03\/zbs-03-min.jpg\",\"datePublished\":\"2024-06-19T11:27:00+00:00\",\"dateModified\":\"2025-06-17T08:16:23+00:00\",\"description\":\"Outils \u00e0 batterie & essence pour le jardin, la construction & l\u2019industrie. Performants & fiables pour tous les travaux!\",\"breadcrumb\":{\"@id\":\"https:\/\/www.zentralbeschaffung.ch\/fr\/outils-de-travail-a-batterie-et-a-essence\/#breadcrumb\"},\"inLanguage\":\"fr-FR\",\"potentialAction\":[{\"@type\":\"ReadAction\",\"target\":[\"https:\/\/www.zentralbeschaffung.ch\/fr\/outils-de-travail-a-batterie-et-a-essence\/\"]}]},{\"@type\":\"ImageObject\",\"inLanguage\":\"fr-FR\",\"@id\":\"https:\/\/www.zentralbeschaffung.ch\/fr\/outils-de-travail-a-batterie-et-a-essence\/#primaryimage\",\"url\":\"https:\/\/www.zentralbeschaffung.ch\/wp-content\/uploads\/2025\/03\/zbs-03-min.jpg\",\"contentUrl\":\"https:\/\/www.zentralbeschaffung.ch\/wp-content\/uploads\/2025\/03\/zbs-03-min.jpg\",\"width\":600,\"height\":400},{\"@type\":\"BreadcrumbList\",\"@id\":\"https:\/\/www.zentralbeschaffung.ch\/fr\/outils-de-travail-a-batterie-et-a-essence\/#breadcrumb\",\"itemListElement\":[{\"@type\":\"ListItem\",\"position\":1,\"name\":\"Startseite\",\"item\":\"https:\/\/www.zentralbeschaffung.ch\/fr\/\"},{\"@type\":\"ListItem\",\"position\":2,\"name\":\"Outils \u00e0 batterie et \u00e0 essence\"}]},{\"@type\":\"WebSite\",\"@id\":\"https:\/\/www.zentralbeschaffung.ch\/#website\",\"url\":\"https:\/\/www.zentralbeschaffung.ch\/\",\"name\":\"ZBS Zentralbeschaffung\",\"description\":\"\",\"publisher\":{\"@id\":\"https:\/\/www.zentralbeschaffung.ch\/#organization\"},\"potentialAction\":[{\"@type\":\"SearchAction\",\"target\":{\"@type\":\"EntryPoint\",\"urlTemplate\":\"https:\/\/www.zentralbeschaffung.ch\/?s={search_term_string}\"},\"query-input\":{\"@type\":\"PropertyValueSpecification\",\"valueRequired\":true,\"valueName\":\"search_term_string\"}}],\"inLanguage\":\"fr-FR\"},{\"@type\":\"Organization\",\"@id\":\"https:\/\/www.zentralbeschaffung.ch\/#organization\",\"name\":\"ZBS Zentralbeschaffung\",\"url\":\"https:\/\/www.zentralbeschaffung.ch\/\",\"logo\":{\"@type\":\"ImageObject\",\"inLanguage\":\"fr-FR\",\"@id\":\"https:\/\/www.zentralbeschaffung.ch\/#\/schema\/logo\/image\/\",\"url\":\"https:\/\/www.zentralbeschaffung.ch\/wp-content\/uploads\/2025\/04\/Logo_ZBS_farbig-1.svg\",\"contentUrl\":\"https:\/\/www.zentralbeschaffung.ch\/wp-content\/uploads\/2025\/04\/Logo_ZBS_farbig-1.svg\",\"width\":378,\"height\":93,\"caption\":\"ZBS Zentralbeschaffung\"},\"image\":{\"@id\":\"https:\/\/www.zentralbeschaffung.ch\/#\/schema\/logo\/image\/\"}}]}<\/script>\n<!-- \/ Yoast SEO plugin. -->","yoast_head_json":{"title":"Outils \u00e0 batterie et \u00e0 essence - ACS Approvisionnement central Suisse SA","description":"Outils \u00e0 batterie & essence pour le jardin, la construction & l\u2019industrie. Performants & fiables pour tous les travaux!","robots":{"index":"index","follow":"follow","max-snippet":"max-snippet:-1","max-image-preview":"max-image-preview:large","max-video-preview":"max-video-preview:-1"},"canonical":"https:\/\/www.zentralbeschaffung.ch\/fr\/outils-de-travail-a-batterie-et-a-essence\/","og_locale":"fr_FR","og_type":"article","og_title":"Outils \u00e0 batterie et \u00e0 essence - ACS Approvisionnement central Suisse SA","og_description":"Outils \u00e0 batterie & essence pour le jardin, la construction & l\u2019industrie. Performants & fiables pour tous les travaux!","og_url":"https:\/\/www.zentralbeschaffung.ch\/fr\/outils-de-travail-a-batterie-et-a-essence\/","og_site_name":"ACS Approvisionnement central Suisse SA","article_modified_time":"2025-06-17T08:16:23+00:00","og_image":[{"width":600,"height":400,"url":"https:\/\/www.zentralbeschaffung.ch\/wp-content\/uploads\/2025\/03\/zbs-03-min.jpg","type":"image\/jpeg"}],"twitter_card":"summary_large_image","twitter_misc":{"Dur\u00e9e de lecture estim\u00e9e":"2 minutes"},"schema":{"@context":"https:\/\/schema.org","@graph":[{"@type":"WebPage","@id":"https:\/\/www.zentralbeschaffung.ch\/fr\/outils-de-travail-a-batterie-et-a-essence\/","url":"https:\/\/www.zentralbeschaffung.ch\/fr\/outils-de-travail-a-batterie-et-a-essence\/","name":"Outils \u00e0 batterie et \u00e0 essence - ACS Approvisionnement central Suisse SA","isPartOf":{"@id":"https:\/\/www.zentralbeschaffung.ch\/#website"},"primaryImageOfPage":{"@id":"https:\/\/www.zentralbeschaffung.ch\/fr\/outils-de-travail-a-batterie-et-a-essence\/#primaryimage"},"image":{"@id":"https:\/\/www.zentralbeschaffung.ch\/fr\/outils-de-travail-a-batterie-et-a-essence\/#primaryimage"},"thumbnailUrl":"https:\/\/www.zentralbeschaffung.ch\/wp-content\/uploads\/2025\/03\/zbs-03-min.jpg","datePublished":"2024-06-19T11:27:00+00:00","dateModified":"2025-06-17T08:16:23+00:00","description":"Outils \u00e0 batterie & essence pour le jardin, la construction & l\u2019industrie. Performants & fiables pour tous les travaux!","breadcrumb":{"@id":"https:\/\/www.zentralbeschaffung.ch\/fr\/outils-de-travail-a-batterie-et-a-essence\/#breadcrumb"},"inLanguage":"fr-FR","potentialAction":[{"@type":"ReadAction","target":["https:\/\/www.zentralbeschaffung.ch\/fr\/outils-de-travail-a-batterie-et-a-essence\/"]}]},{"@type":"ImageObject","inLanguage":"fr-FR","@id":"https:\/\/www.zentralbeschaffung.ch\/fr\/outils-de-travail-a-batterie-et-a-essence\/#primaryimage","url":"https:\/\/www.zentralbeschaffung.ch\/wp-content\/uploads\/2025\/03\/zbs-03-min.jpg","contentUrl":"https:\/\/www.zentralbeschaffung.ch\/wp-content\/uploads\/2025\/03\/zbs-03-min.jpg","width":600,"height":400},{"@type":"BreadcrumbList","@id":"https:\/\/www.zentralbeschaffung.ch\/fr\/outils-de-travail-a-batterie-et-a-essence\/#breadcrumb","itemListElement":[{"@type":"ListItem","position":1,"name":"Startseite","item":"https:\/\/www.zentralbeschaffung.ch\/fr\/"},{"@type":"ListItem","position":2,"name":"Outils \u00e0 batterie et \u00e0 essence"}]},{"@type":"WebSite","@id":"https:\/\/www.zentralbeschaffung.ch\/#website","url":"https:\/\/www.zentralbeschaffung.ch\/","name":"ZBS Zentralbeschaffung","description":"","publisher":{"@id":"https:\/\/www.zentralbeschaffung.ch\/#organization"},"potentialAction":[{"@type":"SearchAction","target":{"@type":"EntryPoint","urlTemplate":"https:\/\/www.zentralbeschaffung.ch\/?s={search_term_string}"},"query-input":{"@type":"PropertyValueSpecification","valueRequired":true,"valueName":"search_term_string"}}],"inLanguage":"fr-FR"},{"@type":"Organization","@id":"https:\/\/www.zentralbeschaffung.ch\/#organization","name":"ZBS Zentralbeschaffung","url":"https:\/\/www.zentralbeschaffung.ch\/","logo":{"@type":"ImageObject","inLanguage":"fr-FR","@id":"https:\/\/www.zentralbeschaffung.ch\/#\/schema\/logo\/image\/","url":"https:\/\/www.zentralbeschaffung.ch\/wp-content\/uploads\/2025\/04\/Logo_ZBS_farbig-1.svg","contentUrl":"https:\/\/www.zentralbeschaffung.ch\/wp-content\/uploads\/2025\/04\/Logo_ZBS_farbig-1.svg","width":378,"height":93,"caption":"ZBS Zentralbeschaffung"},"image":{"@id":"https:\/\/www.zentralbeschaffung.ch\/#\/schema\/logo\/image\/"}}]}},"_links":{"self":[{"href":"https:\/\/www.zentralbeschaffung.ch\/fr\/wp-json\/wp\/v2\/pages\/3899","targetHints":{"allow":["GET"]}}],"collection":[{"href":"https:\/\/www.zentralbeschaffung.ch\/fr\/wp-json\/wp\/v2\/pages"}],"about":[{"href":"https:\/\/www.zentralbeschaffung.ch\/fr\/wp-json\/wp\/v2\/types\/page"}],"author":[{"embeddable":true,"href":"https:\/\/www.zentralbeschaffung.ch\/fr\/wp-json\/wp\/v2\/users\/2"}],"replies":[{"embeddable":true,"href":"https:\/\/www.zentralbeschaffung.ch\/fr\/wp-json\/wp\/v2\/comments?post=3899"}],"version-history":[{"count":15,"href":"https:\/\/www.zentralbeschaffung.ch\/fr\/wp-json\/wp\/v2\/pages\/3899\/revisions"}],"predecessor-version":[{"id":4804,"href":"https:\/\/www.zentralbeschaffung.ch\/fr\/wp-json\/wp\/v2\/pages\/3899\/revisions\/4804"}],"wp:featuredmedia":[{"embeddable":true,"href":"https:\/\/www.zentralbeschaffung.ch\/fr\/wp-json\/wp\/v2\/media\/4620"}],"wp:attachment":[{"href":"https:\/\/www.zentralbeschaffung.ch\/fr\/wp-json\/wp\/v2\/media?parent=3899"}],"curies":[{"name":"wp","href":"https:\/\/api.w.org\/{rel}","templated":true}]}}